{"id":1410786567,"date":"2025-11-12T20:17:27","date_gmt":"2025-11-12T23:17:27","guid":{"rendered":"https:\/\/dinhosreef.com\/produto\/racao-nd-tropical-caes-filhotes-mini-breeds-suino-25kg\/"},"modified":"2026-03-31T12:23:47","modified_gmt":"2026-03-31T15:23:47","slug":"racao-nd-tropical-caes-filhotes-mini-breeds-suino-25kg","status":"publish","type":"product","link":"https:\/\/dinhosreef.com\/en\/product\/racao-nd-tropical-caes-filhotes-mini-breeds-suino-25kg\/","title":{"rendered":"RA\u00c7\u00c3O ND TROPICAL C\u00c3ES FILHOTES MINI BREEDS SU\u00cdNO 2,5KG"},"content":{"rendered":"<p><span class=\"titoletto\">benef\u00edcios<\/span><\/p>\n<p>&lt;<\/p>\n<p>p class=&#8221;comp&#8221;>90% de Prote\u00edna de Fontes Animais: Com cerca de 90% das prote\u00ednas derivadas de fontes animais, a f\u00f3rmula apoia o desenvolvimento muscular e a vitalidade.<\/p>\n<p>100% Livre de Ingredientes Geneticamente Modificados: Garantia de uma nutri\u00e7\u00e3o natural e de alta qualidade<\/p>\n<p>Sele\u00e7\u00e3o de Frutas Tropicais: Proporciona vitaminas e antioxidantes essenciais.<\/p>\n<p>Sem corantes ou aromas artificiais: Conserva\u00e7\u00e3o com ingredientes naturais, mantendo a qualidade do produto.<\/p>\n<p>Suporte Personalizado: Acesse um plano nutricional gratuito e obtenha suporte direto com a Consultoria Nutricional Online Farmina ou pelo aplicativo Farmina Genius, garantindo um acompanhamento adequado para as necessidades do seu pet com 100% de Garantia de Satisfa\u00e7\u00e3o.<\/p>","protected":false},"excerpt":{"rendered":"<p>benef\u00edcios &lt; p class=&#8221;comp&#8221;>90% de Prote\u00edna de Fontes Animais: Com cerca de 90% das prote\u00ednas derivadas de fontes animais, a f\u00f3rmula apoia o desenvolvimento muscular e a vitalidade. 100% Livre de Ingredientes Geneticamente Modificados: Garantia de uma nutri\u00e7\u00e3o natural e de alta qualidade Sele\u00e7\u00e3o de Frutas Tropicais: Proporciona vitaminas e antioxidantes essenciais. Sem corantes ou [&hellip;]<\/p>\n","protected":false},"featured_media":1410786566,"comment_status":"open","ping_status":"closed","template":"","meta":{"googlesitekit_rrm_CAow0N7NCw:productID":"","content-type":"","pmpro_default_level":"","_themeisle_gutenberg_block_has_review":false},"product_brand":[392],"product_cat":[259],"product_tag":[],"class_list":{"0":"post-1410786567","1":"product","2":"type-product","3":"status-publish","4":"has-post-thumbnail","6":"product_brand-farmina","7":"product_cat-racoes-alimento-petisco-e-suplemento-caes","8":"pmpro-has-access","10":"first","11":"outofstock","12":"taxable","13":"shipping-taxable","14":"purchasable","15":"product-type-simple"},"_links":{"self":[{"href":"https:\/\/dinhosreef.com\/en\/wp-json\/wp\/v2\/product\/1410786567","targetHints":{"allow":["GET"]}}],"collection":[{"href":"https:\/\/dinhosreef.com\/en\/wp-json\/wp\/v2\/product"}],"about":[{"href":"https:\/\/dinhosreef.com\/en\/wp-json\/wp\/v2\/types\/product"}],"replies":[{"embeddable":true,"href":"https:\/\/dinhosreef.com\/en\/wp-json\/wp\/v2\/comments?post=1410786567"}],"wp:featuredmedia":[{"embeddable":true,"href":"https:\/\/dinhosreef.com\/en\/wp-json\/wp\/v2\/media\/1410786566"}],"wp:attachment":[{"href":"https:\/\/dinhosreef.com\/en\/wp-json\/wp\/v2\/media?parent=1410786567"}],"wp:term":[{"taxonomy":"product_brand","embeddable":true,"href":"https:\/\/dinhosreef.com\/en\/wp-json\/wp\/v2\/product_brand?post=1410786567"},{"taxonomy":"product_cat","embeddable":true,"href":"https:\/\/dinhosreef.com\/en\/wp-json\/wp\/v2\/product_cat?post=1410786567"},{"taxonomy":"product_tag","embeddable":true,"href":"https:\/\/dinhosreef.com\/en\/wp-json\/wp\/v2\/product_tag?post=1410786567"}],"curies":[{"name":"wp","href":"https:\/\/api.w.org\/{rel}","templated":true}]}}