{"id":1410786569,"date":"2025-11-14T12:00:53","date_gmt":"2025-11-14T15:00:53","guid":{"rendered":"https:\/\/dinhosreef.com\/produto\/racao-royal-canin-size-mini-indoor-adult-25kg\/"},"modified":"2026-04-20T12:27:39","modified_gmt":"2026-04-20T15:27:39","slug":"racao-royal-canin-size-mini-indoor-adult-25kg","status":"publish","type":"product","link":"https:\/\/dinhosreef.com\/en\/product\/racao-royal-canin-size-mini-indoor-adult-25kg\/","title":{"rendered":"RA\u00c7\u00c3O ROYAL CANIN SIZE MINI INDOOR ADULT 2,5KG"},"content":{"rendered":"<p>Auxilia na sa\u00fade digestiva;<br \/>Ajuda na redu\u00e7\u00e3o do odor e volume das fezes;<br \/>Ajuda na manute\u00e7\u00e3o da condi\u00e7\u00e3o corporal ideal;<br \/>Auxilia a manter uma pele e pelagem saud\u00e1veis.<\/p>\n<p>Ficha t\u00e9cnica:\u00a0<\/p>\n<p>Porte Ra\u00e7as: Minis, Ra\u00e7as Pequenas<br \/>Tipo da Ra\u00e7\u00e3o: Super Premium<br \/>Peso da Ra\u00e7\u00e3o: 1 kg, 2.5 kg, 7.5 kg<br \/>G\u00eanero: Unissex<br \/>Idade: Adulto<br \/>Marca: Royal Canin<br \/>Transg\u00eanico: Com transg\u00eanico<br \/>Corante: Sem corante<br \/>Ra\u00e7as de Cachorro: Beagle, Boston Terrier, Chihuahua, Dachshund, Lhasa Apso, Lulu da Pomer\u00e2nia, Malt\u00eas, Pinscher, Poodle, Pug, Shih Tzu, Yorkshire Terrier<br \/>Indica\u00e7\u00e3o Alimenta\u00e7\u00e3o di\u00e1ria para c\u00e3es adultos de porte pequeno (peso at\u00e9 10 kg) que vivem em ambientes internos \u2013 De 10 meses a 8 anos de idade<br \/>Linha: Indoor<\/p>\n<p>Detalhes do produto:\u00a0<\/p>\n<p>Ra\u00e7\u00e3o Royal Canin Mini Indoor Adult C\u00e3es Adultos<\/p>\n<p>A Ra\u00e7\u00e3o Royal Canin Mini Indoor Adult C\u00e3es Adultos \u00e9 uma ra\u00e7\u00e3o super premium, completa e balanceada indicada para c\u00e3es de porte pequeno a partir dos 10 meses de idade, que vivem em ambientes internos.<\/p>\n<p>Essa ra\u00e7\u00e3o para cachorro auxilia na sa\u00fade digestiva, na redu\u00e7\u00e3o do odor e volume das fezes gra\u00e7as a prote\u00ednas altamente digest\u00edveis, ao teor apropriado de fibras e as fontes de carboidratos de elevada qualidade.<\/p>\n<p>Ajuda na manuten\u00e7\u00e3o da condi\u00e7\u00e3o corporal ideal gra\u00e7as a um adaptado conte\u00fado cal\u00f3rico, que atende a necessidade energ\u00e9tica reduzida de c\u00e3es de pequeno porte que vivem em ambientes internos. Esta f\u00f3rmula cont\u00e9m L-carnitina e nutrientes que ajudam a manter uma pele e pelagem saud\u00e1veis.<\/p>\n<p>Se est\u00e1 procurando um alimento rico em nutrientes e de qualidade, voc\u00ea est\u00e1 no lugar certo! Com excelentes ofertas, na Bicho Urbano voc\u00ea encontra a Ra\u00e7\u00e3o Royal Canin Mini Indoor Adult com pre\u00e7o incr\u00edvel, aproveite!<\/p>","protected":false},"excerpt":{"rendered":"<p>Auxilia na sa\u00fade digestiva;Ajuda na redu\u00e7\u00e3o do odor e volume das fezes;Ajuda na manute\u00e7\u00e3o da condi\u00e7\u00e3o corporal ideal;Auxilia a manter uma pele e pelagem saud\u00e1veis. Ficha t\u00e9cnica:\u00a0 Porte Ra\u00e7as: Minis, Ra\u00e7as PequenasTipo da Ra\u00e7\u00e3o: Super PremiumPeso da Ra\u00e7\u00e3o: 1 kg, 2.5 kg, 7.5 kgG\u00eanero: UnissexIdade: AdultoMarca: Royal CaninTransg\u00eanico: Com transg\u00eanicoCorante: Sem coranteRa\u00e7as de Cachorro: Beagle, [&hellip;]<\/p>\n","protected":false},"featured_media":1410786568,"comment_status":"open","ping_status":"closed","template":"","meta":{"googlesitekit_rrm_CAow0N7NCw:productID":"","content-type":"","pmpro_default_level":"","_themeisle_gutenberg_block_has_review":false},"product_brand":[],"product_cat":[259],"product_tag":[],"class_list":{"0":"post-1410786569","1":"product","2":"type-product","3":"status-publish","4":"has-post-thumbnail","6":"product_cat-racoes-alimento-petisco-e-suplemento-caes","7":"pmpro-has-access","9":"first","10":"outofstock","11":"taxable","12":"shipping-taxable","13":"purchasable","14":"product-type-simple"},"_links":{"self":[{"href":"https:\/\/dinhosreef.com\/en\/wp-json\/wp\/v2\/product\/1410786569","targetHints":{"allow":["GET"]}}],"collection":[{"href":"https:\/\/dinhosreef.com\/en\/wp-json\/wp\/v2\/product"}],"about":[{"href":"https:\/\/dinhosreef.com\/en\/wp-json\/wp\/v2\/types\/product"}],"replies":[{"embeddable":true,"href":"https:\/\/dinhosreef.com\/en\/wp-json\/wp\/v2\/comments?post=1410786569"}],"wp:featuredmedia":[{"embeddable":true,"href":"https:\/\/dinhosreef.com\/en\/wp-json\/wp\/v2\/media\/1410786568"}],"wp:attachment":[{"href":"https:\/\/dinhosreef.com\/en\/wp-json\/wp\/v2\/media?parent=1410786569"}],"wp:term":[{"taxonomy":"product_brand","embeddable":true,"href":"https:\/\/dinhosreef.com\/en\/wp-json\/wp\/v2\/product_brand?post=1410786569"},{"taxonomy":"product_cat","embeddable":true,"href":"https:\/\/dinhosreef.com\/en\/wp-json\/wp\/v2\/product_cat?post=1410786569"},{"taxonomy":"product_tag","embeddable":true,"href":"https:\/\/dinhosreef.com\/en\/wp-json\/wp\/v2\/product_tag?post=1410786569"}],"curies":[{"name":"wp","href":"https:\/\/api.w.org\/{rel}","templated":true}]}}