{"id":1410786575,"date":"2025-11-14T12:01:08","date_gmt":"2025-11-14T15:01:08","guid":{"rendered":"https:\/\/dinhosreef.com\/produto\/racao-royal-canin-gatos-castrados-sterilised-15kg\/"},"modified":"2026-03-04T11:42:18","modified_gmt":"2026-03-04T14:42:18","slug":"racao-royal-canin-gatos-castrados-sterilised-15kg","status":"publish","type":"product","link":"https:\/\/dinhosreef.com\/en\/product\/racao-royal-canin-gatos-castrados-sterilised-15kg\/","title":{"rendered":"RA\u00c7\u00c3O ROYAL CANIN GATOS CASTRADOS STERILISED 1,5KG"},"content":{"rendered":"<p>A ra\u00e7\u00e3o Sterilised para Gatos Adultos Castrados FHN 1,5KG \u00e9 a escolha ideal para quem busca uma alimenta\u00e7\u00e3o balanceada e saud\u00e1vel para seu pet. Desenvolvida especialmente para gatos castrados, essa ra\u00e7\u00e3o conta com ingredientes selecionados que ajudam a manter o peso ideal e a sa\u00fade renal do animal.<\/p>\n<p>Com uma f\u00f3rmula exclusiva, a ra\u00e7\u00e3o Sterilised para Gatos Adultos Castrados FHN 1,5KG oferece todos os nutrientes necess\u00e1rios para o seu gato ter uma vida saud\u00e1vel e feliz. Al\u00e9m disso, essa ra\u00e7\u00e3o possui um sabor irresist\u00edvel que vai conquistar at\u00e9 mesmo os gatos mais exigentes.<\/p>\n<p>Ao optar pela ra\u00e7\u00e3o Sterilised para Gatos Adultos Castrados FHN 1,5KG, voc\u00ea estar\u00e1 garantindo uma alimenta\u00e7\u00e3o de qualidade para o seu pet, sem abrir m\u00e3o do sabor e da praticidade. Adquira j\u00e1 a sua e proporcione ao seu gato uma vida mais saud\u00e1vel e feliz.<\/p>","protected":false},"excerpt":{"rendered":"<p>A ra\u00e7\u00e3o Sterilised para Gatos Adultos Castrados FHN 1,5KG \u00e9 a escolha ideal para quem busca uma alimenta\u00e7\u00e3o balanceada e saud\u00e1vel para seu pet. Desenvolvida especialmente para gatos castrados, essa ra\u00e7\u00e3o conta com ingredientes selecionados que ajudam a manter o peso ideal e a sa\u00fade renal do animal. Com uma f\u00f3rmula exclusiva, a ra\u00e7\u00e3o Sterilised [&hellip;]<\/p>\n","protected":false},"featured_media":1410786574,"comment_status":"open","ping_status":"closed","template":"","meta":{"googlesitekit_rrm_CAow0N7NCw:productID":"","content-type":"","pmpro_default_level":"","_themeisle_gutenberg_block_has_review":false},"product_brand":[],"product_cat":[256],"product_tag":[],"class_list":{"0":"post-1410786575","1":"product","2":"type-product","3":"status-publish","4":"has-post-thumbnail","6":"product_cat-racoes","7":"pmpro-has-access","9":"first","10":"outofstock","11":"taxable","12":"shipping-taxable","13":"purchasable","14":"product-type-simple"},"_links":{"self":[{"href":"https:\/\/dinhosreef.com\/en\/wp-json\/wp\/v2\/product\/1410786575","targetHints":{"allow":["GET"]}}],"collection":[{"href":"https:\/\/dinhosreef.com\/en\/wp-json\/wp\/v2\/product"}],"about":[{"href":"https:\/\/dinhosreef.com\/en\/wp-json\/wp\/v2\/types\/product"}],"replies":[{"embeddable":true,"href":"https:\/\/dinhosreef.com\/en\/wp-json\/wp\/v2\/comments?post=1410786575"}],"wp:featuredmedia":[{"embeddable":true,"href":"https:\/\/dinhosreef.com\/en\/wp-json\/wp\/v2\/media\/1410786574"}],"wp:attachment":[{"href":"https:\/\/dinhosreef.com\/en\/wp-json\/wp\/v2\/media?parent=1410786575"}],"wp:term":[{"taxonomy":"product_brand","embeddable":true,"href":"https:\/\/dinhosreef.com\/en\/wp-json\/wp\/v2\/product_brand?post=1410786575"},{"taxonomy":"product_cat","embeddable":true,"href":"https:\/\/dinhosreef.com\/en\/wp-json\/wp\/v2\/product_cat?post=1410786575"},{"taxonomy":"product_tag","embeddable":true,"href":"https:\/\/dinhosreef.com\/en\/wp-json\/wp\/v2\/product_tag?post=1410786575"}],"curies":[{"name":"wp","href":"https:\/\/api.w.org\/{rel}","templated":true}]}}