{"id":1410786581,"date":"2025-11-14T12:01:23","date_gmt":"2025-11-14T15:01:23","guid":{"rendered":"https:\/\/dinhosreef.com\/produto\/royal-canin-mini-adulto-25kg\/"},"modified":"2025-12-05T14:39:03","modified_gmt":"2025-12-05T17:39:03","slug":"royal-canin-mini-adulto-25kg","status":"publish","type":"product","link":"https:\/\/dinhosreef.com\/en\/product\/royal-canin-mini-adulto-25kg\/","title":{"rendered":"Royal Canin Mini Adulto 2,5KG"},"content":{"rendered":"<div id=\"ProductDetails\" class=\"Block Moveable Panel PrimaryProductDetails\">\n<div class=\"BlockContent\">\n<div id=\"product-tabs\" class=\"row\">\n<ul class=\"nav nav-tabs\">\n<li id=\"tab-other-details\"><\/li>\n<\/ul>\n<div class=\"tab-content\">\n<div id=\"description\" class=\"tab-pane active\">\n<div id=\"ProductDescription\" class=\"Block Panel ProductDescription current\">\n<div class=\"ProductDescriptionContainer\">\n<p>ACC SHN MINI IND AD 2,5KG<\/p>\n<p>A Ra\u00e7\u00e3o Royal Canin Mini Indoor Adult para C\u00e3es Adultos de Ra\u00e7as Pequenas com 10 Meses ou mais, contribui para reduzir o volume e odor das fezes<\/p>\n<\/p><\/div>\n<\/p><\/div>\n<\/p><\/div>\n<\/p><\/div>\n<\/p><\/div>\n<\/p><\/div>\n<\/p><\/div>","protected":false},"excerpt":{"rendered":"<p>ACC SHN MINI IND AD 2,5KG A Ra\u00e7\u00e3o Royal Canin Mini Indoor Adult para C\u00e3es Adultos de Ra\u00e7as Pequenas com 10 Meses ou mais, contribui para reduzir o volume e odor das fezes<\/p>","protected":false},"featured_media":1410786580,"comment_status":"open","ping_status":"closed","template":"","meta":{"googlesitekit_rrm_CAow0N7NCw:productID":"","content-type":"","pmpro_default_level":"","_themeisle_gutenberg_block_has_review":false},"product_brand":[],"product_cat":[259],"product_tag":[],"class_list":{"0":"post-1410786581","1":"product","2":"type-product","3":"status-publish","4":"has-post-thumbnail","6":"product_cat-racoes-alimento-petisco-e-suplemento-caes","7":"pmpro-has-access","9":"first","10":"instock","11":"taxable","12":"shipping-taxable","13":"purchasable","14":"product-type-simple"},"_links":{"self":[{"href":"https:\/\/dinhosreef.com\/en\/wp-json\/wp\/v2\/product\/1410786581","targetHints":{"allow":["GET"]}}],"collection":[{"href":"https:\/\/dinhosreef.com\/en\/wp-json\/wp\/v2\/product"}],"about":[{"href":"https:\/\/dinhosreef.com\/en\/wp-json\/wp\/v2\/types\/product"}],"replies":[{"embeddable":true,"href":"https:\/\/dinhosreef.com\/en\/wp-json\/wp\/v2\/comments?post=1410786581"}],"wp:featuredmedia":[{"embeddable":true,"href":"https:\/\/dinhosreef.com\/en\/wp-json\/wp\/v2\/media\/1410786580"}],"wp:attachment":[{"href":"https:\/\/dinhosreef.com\/en\/wp-json\/wp\/v2\/media?parent=1410786581"}],"wp:term":[{"taxonomy":"product_brand","embeddable":true,"href":"https:\/\/dinhosreef.com\/en\/wp-json\/wp\/v2\/product_brand?post=1410786581"},{"taxonomy":"product_cat","embeddable":true,"href":"https:\/\/dinhosreef.com\/en\/wp-json\/wp\/v2\/product_cat?post=1410786581"},{"taxonomy":"product_tag","embeddable":true,"href":"https:\/\/dinhosreef.com\/en\/wp-json\/wp\/v2\/product_tag?post=1410786581"}],"curies":[{"name":"wp","href":"https:\/\/api.w.org\/{rel}","templated":true}]}}