{"id":1410786583,"date":"2025-11-14T12:01:27","date_gmt":"2025-11-14T15:01:27","guid":{"rendered":"https:\/\/dinhosreef.com\/produto\/racao-royal-canin-mini-adult-75kg\/"},"modified":"2026-02-18T11:57:36","modified_gmt":"2026-02-18T14:57:36","slug":"racao-royal-canin-mini-adult-75kg","status":"publish","type":"product","link":"https:\/\/dinhosreef.com\/en\/product\/racao-royal-canin-mini-adult-75kg\/","title":{"rendered":"Ra\u00e7\u00e3o Royal Canin Mini Adult 7,5kg"},"content":{"rendered":"<p data-sourcepos=\"3:1-3:168\">A Ra\u00e7\u00e3o Royal Canin Mini Adult 7,5Kg \u00e9 um alimento completo e balanceado, desenvolvido especialmente para c\u00e3es adultos de porte pequeno, a partir de 10 meses de idade.<\/p>\n<p data-sourcepos=\"5:1-5:15\"><strong>Benef\u00edcios:<\/strong><\/p>\n<ul data-sourcepos=\"7:1-14:0\">\n<li data-sourcepos=\"7:1-7:123\"><strong>Nutri\u00e7\u00e3o completa:<\/strong>\u00a0Atende a todas as necessidades nutricionais do seu c\u00e3o, garantindo o seu desenvolvimento saud\u00e1vel.<\/li>\n<li data-sourcepos=\"8:1-8:139\"><strong>Croquete sob medida:<\/strong>\u00a0Tamanho e textura dos croquetes adaptados para maxilares de c\u00e3es pequenos, facilitando a mastiga\u00e7\u00e3o e digest\u00e3o.<\/li>\n<li data-sourcepos=\"9:1-9:97\"><strong>Sa\u00fade dental:<\/strong>\u00a0Pode auxiliar na redu\u00e7\u00e3o do t\u00e1rtaro, gra\u00e7as \u00e0 textura especial do croquete.<\/li>\n<li data-sourcepos=\"10:1-10:118\"><strong>Pelagem saud\u00e1vel:<\/strong>\u00a0Formulado com nutrientes que ajudam a manter a pele e pelos saud\u00e1veis, bonitos e brilhantes.<\/li>\n<li data-sourcepos=\"11:1-11:89\"><strong>Controle de peso:<\/strong>\u00a0Contribui para a manuten\u00e7\u00e3o do peso ideal, evitando a obesidade.<\/li>\n<li data-sourcepos=\"12:1-12:97\"><strong>Digest\u00e3o equilibrada:<\/strong>\u00a0Ingredientes altamente digest\u00edveis que auxiliam na sa\u00fade intestinal.<\/li>\n<li data-sourcepos=\"13:1-14:0\"><strong>Alta palatabilidade:<\/strong>\u00a0Sabor que agrada a maioria dos c\u00e3es exigentes.<\/li>\n<\/ul>\n<p data-sourcepos=\"15:1-15:20\"><strong>Caracter\u00edsticas:<\/strong><\/p>\n<ul data-sourcepos=\"17:1-21:0\">\n<li data-sourcepos=\"17:1-17:42\"><strong>Idade:<\/strong>\u00a0A partir de 10 meses de idade<\/li>\n<li data-sourcepos=\"18:1-18:27\"><strong>Porte:<\/strong>\u00a0Ra\u00e7as pequenas<\/li>\n<li data-sourcepos=\"19:1-19:31\"><strong>Tamanho do croquete:<\/strong>\u00a0Mini<\/li>\n<li data-sourcepos=\"20:1-21:0\"><strong>Dispon\u00edvel em:<\/strong> Saco de 7,5Kg<\/li>\n<\/ul>","protected":false},"excerpt":{"rendered":"<p>A Ra\u00e7\u00e3o Royal Canin Mini Adult 7,5Kg \u00e9 um alimento completo e balanceado, desenvolvido especialmente para c\u00e3es adultos de porte pequeno, a partir de 10 meses de idade. Benef\u00edcios: Nutri\u00e7\u00e3o completa:\u00a0Atende a todas as necessidades nutricionais do seu c\u00e3o, garantindo o seu desenvolvimento saud\u00e1vel. Croquete sob medida:\u00a0Tamanho e textura dos croquetes adaptados para maxilares de [&hellip;]<\/p>\n","protected":false},"featured_media":1410786582,"comment_status":"open","ping_status":"closed","template":"","meta":{"googlesitekit_rrm_CAow0N7NCw:productID":"","content-type":"","pmpro_default_level":"","_themeisle_gutenberg_block_has_review":false},"product_brand":[],"product_cat":[259],"product_tag":[],"class_list":{"0":"post-1410786583","1":"product","2":"type-product","3":"status-publish","4":"has-post-thumbnail","6":"product_cat-racoes-alimento-petisco-e-suplemento-caes","7":"pmpro-has-access","9":"first","10":"outofstock","11":"taxable","12":"shipping-taxable","13":"purchasable","14":"product-type-simple"},"_links":{"self":[{"href":"https:\/\/dinhosreef.com\/en\/wp-json\/wp\/v2\/product\/1410786583","targetHints":{"allow":["GET"]}}],"collection":[{"href":"https:\/\/dinhosreef.com\/en\/wp-json\/wp\/v2\/product"}],"about":[{"href":"https:\/\/dinhosreef.com\/en\/wp-json\/wp\/v2\/types\/product"}],"replies":[{"embeddable":true,"href":"https:\/\/dinhosreef.com\/en\/wp-json\/wp\/v2\/comments?post=1410786583"}],"wp:featuredmedia":[{"embeddable":true,"href":"https:\/\/dinhosreef.com\/en\/wp-json\/wp\/v2\/media\/1410786582"}],"wp:attachment":[{"href":"https:\/\/dinhosreef.com\/en\/wp-json\/wp\/v2\/media?parent=1410786583"}],"wp:term":[{"taxonomy":"product_brand","embeddable":true,"href":"https:\/\/dinhosreef.com\/en\/wp-json\/wp\/v2\/product_brand?post=1410786583"},{"taxonomy":"product_cat","embeddable":true,"href":"https:\/\/dinhosreef.com\/en\/wp-json\/wp\/v2\/product_cat?post=1410786583"},{"taxonomy":"product_tag","embeddable":true,"href":"https:\/\/dinhosreef.com\/en\/wp-json\/wp\/v2\/product_tag?post=1410786583"}],"curies":[{"name":"wp","href":"https:\/\/api.w.org\/{rel}","templated":true}]}}