{"id":1410786591,"date":"2025-11-17T14:38:47","date_gmt":"2025-11-17T17:38:47","guid":{"rendered":"https:\/\/dinhosreef.com\/produto\/graminha-cat-dog-p-gatos-50g\/"},"modified":"2026-04-18T22:13:09","modified_gmt":"2026-04-19T01:13:09","slug":"graminha-cat-dog-p-gatos-50g","status":"publish","type":"product","link":"https:\/\/dinhosreef.com\/en\/product\/graminha-cat-dog-p-gatos-50g\/","title":{"rendered":"GRAMINHA CAT DOG P\/ GATOS 50G"},"content":{"rendered":"<p><strong>Cat dog graminha para gatos 50 g<\/strong><\/p>\n<p>\u00a0<\/p>\n<p>E um produto especialmente desenvolvido para promover o bem-estar e a sa\u00fade do seu felino de estima\u00e7\u00e3o. Feita com grama natural cuidadosamente selecionada, proporciona uma fonte segura e nutritiva de fibras essenciais para o sistema digestivo do gato. A graminha \u00e9 cultivada de forma a garantir a m\u00e1xima qualidade e frescor, contribuindo para estimular o comportamento natural de mastiga\u00e7\u00e3o dos gatos, que auxilia na elimina\u00e7\u00e3o de bolas de pelo e na regula\u00e7\u00e3o do trato intestinal. Al\u00e9m disso, \u00e9 ideal para complementar a dieta do seu pet, oferecendo um enriquecimento ambiental saud\u00e1vel e divertido. F\u00e1cil de usar e de baixa manuten\u00e7\u00e3o, a Cat Dog Graminha \u00e9 uma escolha excelente para promover o bem-estar f\u00edsico e mental do seu gato.<\/p>\n<p>Os Gatos adultos e filhotes amam,felinos e cats tamb\u00e9m.<\/p>","protected":false},"excerpt":{"rendered":"<p>Cat dog graminha para gatos 50 g \u00a0 E um produto especialmente desenvolvido para promover o bem-estar e a sa\u00fade do seu felino de estima\u00e7\u00e3o. Feita com grama natural cuidadosamente selecionada, proporciona uma fonte segura e nutritiva de fibras essenciais para o sistema digestivo do gato. A graminha \u00e9 cultivada de forma a garantir a [&hellip;]<\/p>\n","protected":false},"featured_media":1410786590,"comment_status":"open","ping_status":"closed","template":"","meta":{"googlesitekit_rrm_CAow0N7NCw:productID":"","content-type":"","pmpro_default_level":"","_themeisle_gutenberg_block_has_review":false},"product_brand":[],"product_cat":[256],"product_tag":[],"class_list":{"0":"post-1410786591","1":"product","2":"type-product","3":"status-publish","4":"has-post-thumbnail","6":"product_cat-racoes","7":"pmpro-has-access","9":"first","10":"instock","11":"taxable","12":"shipping-taxable","13":"purchasable","14":"product-type-simple"},"_links":{"self":[{"href":"https:\/\/dinhosreef.com\/en\/wp-json\/wp\/v2\/product\/1410786591","targetHints":{"allow":["GET"]}}],"collection":[{"href":"https:\/\/dinhosreef.com\/en\/wp-json\/wp\/v2\/product"}],"about":[{"href":"https:\/\/dinhosreef.com\/en\/wp-json\/wp\/v2\/types\/product"}],"replies":[{"embeddable":true,"href":"https:\/\/dinhosreef.com\/en\/wp-json\/wp\/v2\/comments?post=1410786591"}],"wp:featuredmedia":[{"embeddable":true,"href":"https:\/\/dinhosreef.com\/en\/wp-json\/wp\/v2\/media\/1410786590"}],"wp:attachment":[{"href":"https:\/\/dinhosreef.com\/en\/wp-json\/wp\/v2\/media?parent=1410786591"}],"wp:term":[{"taxonomy":"product_brand","embeddable":true,"href":"https:\/\/dinhosreef.com\/en\/wp-json\/wp\/v2\/product_brand?post=1410786591"},{"taxonomy":"product_cat","embeddable":true,"href":"https:\/\/dinhosreef.com\/en\/wp-json\/wp\/v2\/product_cat?post=1410786591"},{"taxonomy":"product_tag","embeddable":true,"href":"https:\/\/dinhosreef.com\/en\/wp-json\/wp\/v2\/product_tag?post=1410786591"}],"curies":[{"name":"wp","href":"https:\/\/api.w.org\/{rel}","templated":true}]}}