{"id":1410786601,"date":"2025-11-18T16:27:12","date_gmt":"2025-11-18T19:27:12","guid":{"rendered":"https:\/\/dinhosreef.com\/produto\/esponja-xinyou-filtragem-de-alta-densidade-branca\/"},"modified":"2025-11-18T16:27:12","modified_gmt":"2025-11-18T19:27:12","slug":"esponja-xinyou-filtragem-de-alta-densidade-branca","status":"publish","type":"product","link":"https:\/\/dinhosreef.com\/en\/product\/esponja-xinyou-filtragem-de-alta-densidade-branca\/","title":{"rendered":"ESPONJA XINYOU FILTRAGEM DE ALTA DENSIDADE BRANCA"},"content":{"rendered":"<p class=\"QN2lPu\">ESPONJA XINYOU<\/p>\n<p class=\"QN2lPu\">&#8211; O material \u00e9 dur\u00e1vel e pode ser lavado varias vezes.<\/p>\n<p class=\"QN2lPu\">&#8211; Pode ser usado em \u00e1gua doce ou salgada.<\/p>\n<p class=\"QN2lPu\">&#8211; Pode ser cortado em v\u00e1rios tamanhos conforme sua necessidade.<\/p>\n<p class=\"QN2lPu\">&#8211; Excelente para substituir refil de filtros externos ou canisters.<\/p>\n<p class=\"QN2lPu\">&#8211; Tamb\u00e9m pode ser usado para cultivar colonias de bact\u00e9rias.<\/p>\n<p class=\"QN2lPu\">&#8211; Muito usado tamb\u00e9m em filtros de lagos ,tanques, fontes, etc.<\/p>\n<p class=\"QN2lPu\">&#8211; Nas divis\u00f3rias dos sump vai muito bem.<\/p>\n<p class=\"QN2lPu\">&#8211; Excelente permeabilidade a \u00e1gua.<\/p>\n<p class=\"QN2lPu\">&#8211; Forma densa torna eficaz para evitar res\u00edduos.<\/p>\n<p class=\"QN2lPu\">&#8211; Seu formato mult-porosa vai evitar o bloqueio da \u00e1gua.<\/p>\n<p class=\"QN2lPu\">\u00a0<\/p>\n<p class=\"QN2lPu\">Dica:<\/p>\n<p class=\"QN2lPu\">\u00a0<\/p>\n<p class=\"QN2lPu\">Fa\u00e7a manuten\u00e7\u00e3o semanalmente em seu aqu\u00e1rio<\/p>\n<p class=\"QN2lPu\">\u00a0<\/p>\n<p class=\"QN2lPu\">Material filtrante e formador de biologia, adequado para tanques, lagos, aqu\u00e1rios de \u00e1gua doce e salgada.<\/p>\n<p class=\"QN2lPu\">Elimina res\u00edduos.<\/p>\n<p class=\"QN2lPu\">\u00a0<\/p>\n<p class=\"QN2lPu\">Medida esponja: 90x30x2cm (cxlxa)<\/p>\n<p class=\"QN2lPu\">\u00a0<\/p>\n<p class=\"QN2lPu\">Modo de usar:<\/p>\n<p class=\"QN2lPu\">Lavar a esponja uma vez por semana, retirar \u00e1gua do pr\u00f3prio aqu\u00e1rio e utilizar a mesma para esta lavagem<\/p>","protected":false},"excerpt":{"rendered":"<p>ESPONJA XINYOU &#8211; O material \u00e9 dur\u00e1vel e pode ser lavado varias vezes. &#8211; Pode ser usado em \u00e1gua doce ou salgada. &#8211; Pode ser cortado em v\u00e1rios tamanhos conforme sua necessidade. &#8211; Excelente para substituir refil de filtros externos ou canisters. &#8211; Tamb\u00e9m pode ser usado para cultivar colonias de bact\u00e9rias. &#8211; Muito usado [&hellip;]<\/p>\n","protected":false},"featured_media":1410786600,"comment_status":"open","ping_status":"closed","template":"","meta":{"googlesitekit_rrm_CAow0N7NCw:productID":"","content-type":"","pmpro_default_level":"","_themeisle_gutenberg_block_has_review":false},"product_brand":[],"product_cat":[360],"product_tag":[],"class_list":{"0":"post-1410786601","1":"product","2":"type-product","3":"status-publish","4":"has-post-thumbnail","6":"product_cat-filtros-manutencao-de-aquarios-acessorios-para-aquarios-peixes-pet-shop","7":"pmpro-has-access","9":"first","10":"instock","11":"taxable","12":"shipping-taxable","13":"purchasable","14":"product-type-simple"},"_links":{"self":[{"href":"https:\/\/dinhosreef.com\/en\/wp-json\/wp\/v2\/product\/1410786601","targetHints":{"allow":["GET"]}}],"collection":[{"href":"https:\/\/dinhosreef.com\/en\/wp-json\/wp\/v2\/product"}],"about":[{"href":"https:\/\/dinhosreef.com\/en\/wp-json\/wp\/v2\/types\/product"}],"replies":[{"embeddable":true,"href":"https:\/\/dinhosreef.com\/en\/wp-json\/wp\/v2\/comments?post=1410786601"}],"wp:featuredmedia":[{"embeddable":true,"href":"https:\/\/dinhosreef.com\/en\/wp-json\/wp\/v2\/media\/1410786600"}],"wp:attachment":[{"href":"https:\/\/dinhosreef.com\/en\/wp-json\/wp\/v2\/media?parent=1410786601"}],"wp:term":[{"taxonomy":"product_brand","embeddable":true,"href":"https:\/\/dinhosreef.com\/en\/wp-json\/wp\/v2\/product_brand?post=1410786601"},{"taxonomy":"product_cat","embeddable":true,"href":"https:\/\/dinhosreef.com\/en\/wp-json\/wp\/v2\/product_cat?post=1410786601"},{"taxonomy":"product_tag","embeddable":true,"href":"https:\/\/dinhosreef.com\/en\/wp-json\/wp\/v2\/product_tag?post=1410786601"}],"curies":[{"name":"wp","href":"https:\/\/api.w.org\/{rel}","templated":true}]}}