{"id":1410786634,"date":"2025-11-24T15:10:22","date_gmt":"2025-11-24T18:10:22","guid":{"rendered":"https:\/\/dinhosreef.com\/produto\/racao-para-gatos-adultos-whiskas-peixe-101kg\/"},"modified":"2026-03-26T10:18:15","modified_gmt":"2026-03-26T13:18:15","slug":"racao-para-gatos-adultos-whiskas-peixe-101kg","status":"publish","type":"product","link":"https:\/\/dinhosreef.com\/en\/product\/racao-para-gatos-adultos-whiskas-peixe-101kg\/","title":{"rendered":"RA\u00c7\u00c3O PARA GATOS ADULTOS WHISKAS PEIXE 10,1KG"},"content":{"rendered":"<p>A\u00a0<strong>Ra\u00e7\u00e3o Whiskas Peixe Gatos Adultos<\/strong>, uma op\u00e7\u00e3o nutricionalmente completa formulada para o bem-estar do seu felino. Com equil\u00edbrio ideal de vitaminas e minerais, essa f\u00f3rmula atende \u00e0s necessidades espec\u00edficas dos gatos adultos.<\/p>\n<p>Desenvolvida para gatos de 1 ano ou mais, a\u00a0<strong>Whiskas peixe<\/strong>\u00a0oferece nutrientes essenciais para uma vida ativa. Livre de corantes artificiais, enfatiza a qualidade dos ingredientes para uma experi\u00eancia alimentar natural.<\/p>\n<p>A f\u00f3rmula da\u00a0<strong>ra\u00e7\u00e3o whiskas peixe<\/strong>\u00a0contribui para a sa\u00fade urin\u00e1ria, contendo taurina, vitaminas e minerais essenciais. Enriquecida com \u00d4mega 6 e zinco, promove a sa\u00fade da pele e pelagem do seu gato, garantindo uma apar\u00eancia vibrante.<\/p>\n<h3>Modo de Conserva\u00e7\u00e3o:<\/h3>\n<p>Conservar o produto em sua embalagem original, devidamente fechada, em local seco e fresco.<\/p>","protected":false},"excerpt":{"rendered":"<p>A\u00a0Ra\u00e7\u00e3o Whiskas Peixe Gatos Adultos, uma op\u00e7\u00e3o nutricionalmente completa formulada para o bem-estar do seu felino. Com equil\u00edbrio ideal de vitaminas e minerais, essa f\u00f3rmula atende \u00e0s necessidades espec\u00edficas dos gatos adultos. Desenvolvida para gatos de 1 ano ou mais, a\u00a0Whiskas peixe\u00a0oferece nutrientes essenciais para uma vida ativa. Livre de corantes artificiais, enfatiza a qualidade [&hellip;]<\/p>\n","protected":false},"featured_media":1410786633,"comment_status":"open","ping_status":"closed","template":"","meta":{"googlesitekit_rrm_CAow0N7NCw:productID":"","content-type":"","pmpro_default_level":"","_themeisle_gutenberg_block_has_review":false},"product_brand":[439],"product_cat":[256],"product_tag":[],"class_list":{"0":"post-1410786634","1":"product","2":"type-product","3":"status-publish","4":"has-post-thumbnail","6":"product_brand-whiskas","7":"product_cat-racoes","8":"pmpro-has-access","10":"first","11":"outofstock","12":"taxable","13":"shipping-taxable","14":"purchasable","15":"product-type-simple"},"_links":{"self":[{"href":"https:\/\/dinhosreef.com\/en\/wp-json\/wp\/v2\/product\/1410786634","targetHints":{"allow":["GET"]}}],"collection":[{"href":"https:\/\/dinhosreef.com\/en\/wp-json\/wp\/v2\/product"}],"about":[{"href":"https:\/\/dinhosreef.com\/en\/wp-json\/wp\/v2\/types\/product"}],"replies":[{"embeddable":true,"href":"https:\/\/dinhosreef.com\/en\/wp-json\/wp\/v2\/comments?post=1410786634"}],"wp:featuredmedia":[{"embeddable":true,"href":"https:\/\/dinhosreef.com\/en\/wp-json\/wp\/v2\/media\/1410786633"}],"wp:attachment":[{"href":"https:\/\/dinhosreef.com\/en\/wp-json\/wp\/v2\/media?parent=1410786634"}],"wp:term":[{"taxonomy":"product_brand","embeddable":true,"href":"https:\/\/dinhosreef.com\/en\/wp-json\/wp\/v2\/product_brand?post=1410786634"},{"taxonomy":"product_cat","embeddable":true,"href":"https:\/\/dinhosreef.com\/en\/wp-json\/wp\/v2\/product_cat?post=1410786634"},{"taxonomy":"product_tag","embeddable":true,"href":"https:\/\/dinhosreef.com\/en\/wp-json\/wp\/v2\/product_tag?post=1410786634"}],"curies":[{"name":"wp","href":"https:\/\/api.w.org\/{rel}","templated":true}]}}