{"id":1410786638,"date":"2025-11-24T15:10:35","date_gmt":"2025-11-24T18:10:35","guid":{"rendered":"https:\/\/dinhosreef.com\/produto\/racao-para-gatos-adultos-whiskas-carne-101kg\/"},"modified":"2026-04-13T11:37:34","modified_gmt":"2026-04-13T14:37:34","slug":"racao-para-gatos-adultos-whiskas-carne-101kg","status":"publish","type":"product","link":"https:\/\/dinhosreef.com\/en\/product\/racao-para-gatos-adultos-whiskas-carne-101kg\/","title":{"rendered":"RA\u00c7\u00c3O PARA GATOS ADULTOS WHISKAS CARNE 10,1KG"},"content":{"rendered":"<ul class=\"a-unordered-list a-vertical a-spacing-mini\">\n<li class=\"a-spacing-mini\"><span class=\"a-list-item\">Ra\u00e7\u00e3o Premium 100% completa e balanceada<\/span><\/li>\n<li class=\"a-spacing-mini\"><span class=\"a-list-item\">Nuggets crocantes com recheio macio e saboroso.<\/span><\/li>\n<li class=\"a-spacing-mini\"><span class=\"a-list-item\">Com prebi\u00f3ticos que contribuem para digest\u00e3o saud\u00e1vel.<\/span><\/li>\n<li class=\"a-spacing-mini\"><span class=\"a-list-item\">Desenvolvida nutricionalmente em conjunto com veterin\u00e1rios.<\/span><\/li>\n<li class=\"a-spacing-mini\"><span class=\"a-list-item\">Com m\u00faltiplas fibras para promover a sa\u00fade gastrointestinal.<\/span><\/li>\n<li class=\"a-spacing-mini\"><span class=\"a-list-item\">Controle de minerais para manter o trato urin\u00e1rio saud\u00e1vel.<\/span><\/li>\n<li class=\"a-spacing-mini\"><span class=\"a-list-item\">Vitaminas e antioxidantes que ajudam o sistema imunol\u00f3gico.<\/span><\/li>\n<li class=\"a-spacing-mini\"><span class=\"a-list-item\">\u00d4mega 6 e Zinco para manter a pele e pelo saud\u00e1veis.<\/span><\/li>\n<\/ul>","protected":false},"excerpt":{"rendered":"<p>Ra\u00e7\u00e3o Premium 100% completa e balanceada Nuggets crocantes com recheio macio e saboroso. Com prebi\u00f3ticos que contribuem para digest\u00e3o saud\u00e1vel. Desenvolvida nutricionalmente em conjunto com veterin\u00e1rios. Com m\u00faltiplas fibras para promover a sa\u00fade gastrointestinal. Controle de minerais para manter o trato urin\u00e1rio saud\u00e1vel. Vitaminas e antioxidantes que ajudam o sistema imunol\u00f3gico. \u00d4mega 6 e Zinco [&hellip;]<\/p>\n","protected":false},"featured_media":1410786637,"comment_status":"open","ping_status":"closed","template":"","meta":{"googlesitekit_rrm_CAow0N7NCw:productID":"","content-type":"","pmpro_default_level":"","_themeisle_gutenberg_block_has_review":false},"product_brand":[439],"product_cat":[256],"product_tag":[],"class_list":{"0":"post-1410786638","1":"product","2":"type-product","3":"status-publish","4":"has-post-thumbnail","6":"product_brand-whiskas","7":"product_cat-racoes","8":"pmpro-has-access","10":"first","11":"instock","12":"taxable","13":"shipping-taxable","14":"purchasable","15":"product-type-simple"},"_links":{"self":[{"href":"https:\/\/dinhosreef.com\/en\/wp-json\/wp\/v2\/product\/1410786638","targetHints":{"allow":["GET"]}}],"collection":[{"href":"https:\/\/dinhosreef.com\/en\/wp-json\/wp\/v2\/product"}],"about":[{"href":"https:\/\/dinhosreef.com\/en\/wp-json\/wp\/v2\/types\/product"}],"replies":[{"embeddable":true,"href":"https:\/\/dinhosreef.com\/en\/wp-json\/wp\/v2\/comments?post=1410786638"}],"wp:featuredmedia":[{"embeddable":true,"href":"https:\/\/dinhosreef.com\/en\/wp-json\/wp\/v2\/media\/1410786637"}],"wp:attachment":[{"href":"https:\/\/dinhosreef.com\/en\/wp-json\/wp\/v2\/media?parent=1410786638"}],"wp:term":[{"taxonomy":"product_brand","embeddable":true,"href":"https:\/\/dinhosreef.com\/en\/wp-json\/wp\/v2\/product_brand?post=1410786638"},{"taxonomy":"product_cat","embeddable":true,"href":"https:\/\/dinhosreef.com\/en\/wp-json\/wp\/v2\/product_cat?post=1410786638"},{"taxonomy":"product_tag","embeddable":true,"href":"https:\/\/dinhosreef.com\/en\/wp-json\/wp\/v2\/product_tag?post=1410786638"}],"curies":[{"name":"wp","href":"https:\/\/api.w.org\/{rel}","templated":true}]}}