{"id":1410786644,"date":"2025-11-25T17:36:49","date_gmt":"2025-11-25T20:36:49","guid":{"rendered":"https:\/\/dinhosreef.com\/produto\/racao-quatree-gourmet-caes-adultos-rmg-sem-corantes-10-1kg\/"},"modified":"2026-03-20T15:32:30","modified_gmt":"2026-03-20T18:32:30","slug":"racao-quatree-gourmet-caes-adultos-rmg-sem-corantes-10-1kg","status":"publish","type":"product","link":"https:\/\/dinhosreef.com\/en\/product\/racao-quatree-gourmet-caes-adultos-rmg-sem-corantes-10-1kg\/","title":{"rendered":"RA\u00c7\u00c3O QUATREE GOURMET C\u00c3ES ADULTOS RMG SEM CORANTES 10.1KG"},"content":{"rendered":"<p>Quatree Gourmet \u00e9 um alimento Premium Plus com quatro excelentes fontes de prote\u00ednas de origem animal e ingredientes especiais para aprimorar a nutri\u00e7\u00e3o do seu pet. Superior na sua formula\u00e7\u00e3o e incompar\u00e1vel no sabor, Quatree Gourmet proporciona uma vida mais saud\u00e1vel e alegre para o seu c\u00e3o.<\/p>\n<p>Sabor- MIX DE CARNES.<\/p>\n<p>COMPOSI\u00c7\u00c3O:<br \/>\nFarinha de v\u00edsceras de frango (m\u00edn. 5%), farinha de carne e ossos de bovino (m\u00edn. 3%), farinha de carne e ossos de su\u00edno (m\u00edn. 3%), farinha de torresmo (m\u00edn. 0,5%), farinha de peixes (m\u00edn. 0,5%), milho mo\u00eddo\u00b2, sorgo integral mo\u00eddo, gordura de aves, gordura su\u00edna, \u00f3leo de soja refinado hidrogenado\u00b9, farelo de gl\u00faten de milho-21\u00b2, levedura de cervejaria inativada desidratada, levedura autolisada de cana-de-a\u00e7\u00facar, farelo de trigo, polpa desidratada de beterraba (m\u00edn. 0,5%), lignocelulose, cloreto de s\u00f3dio, ze\u00f3lita, extrato de yucca (m\u00edn. 0,025%), mananoligossacar\u00eddeo (MOS) (m\u00edn. 0,09%), hidrolisado de f\u00edgado de aves e su\u00edno, BHT (butilhidroxitolueno), BHA (butilhidroxianisol), \u00e1cido propi\u00f4nico, parede celular de levedura, acetato de retinol (vit. A), colecalciferol (vit. D3), acetato de DL-alfa-tocoferol (vit. E), mononitrato de tiamina (vit. B1), riboflavina (vit. B2), cloridrato de piridoxina (vit. B6), cianocobalamina (vit. B12), menadiona bissulfito de s\u00f3dio (vit. K3), biotina, cloreto de colina, niacina (\u00e1cido nicot\u00ednico &#8211; vit. B3), \u00e1cido f\u00f3lico, D-pantotenato de c\u00e1lcio (vit. B5), sulfato de cobre monohidratado, sulfato de ferro, sulfato de zinco, sulfato de mangan\u00eas, selenito de s\u00f3dio, iodato de c\u00e1lcio, proteinato de mangan\u00eas, proteinato de sel\u00eanio, proteinato de zinco.<\/p>\n<p>Energia Metaboliz\u00e1vel 3.560kcal\/kg.<\/p>","protected":false},"excerpt":{"rendered":"<p>Quatree Gourmet \u00e9 um alimento Premium Plus com quatro excelentes fontes de prote\u00ednas de origem animal e ingredientes especiais para aprimorar a nutri\u00e7\u00e3o do seu pet. Superior na sua formula\u00e7\u00e3o e incompar\u00e1vel no sabor, Quatree Gourmet proporciona uma vida mais saud\u00e1vel e alegre para o seu c\u00e3o. Sabor- MIX DE CARNES. COMPOSI\u00c7\u00c3O: Farinha de v\u00edsceras [&hellip;]<\/p>\n","protected":false},"featured_media":1410786643,"comment_status":"open","ping_status":"closed","template":"","meta":{"googlesitekit_rrm_CAow0N7NCw:productID":"","content-type":"","pmpro_default_level":"","_themeisle_gutenberg_block_has_review":false},"product_brand":[336],"product_cat":[259],"product_tag":[],"class_list":{"0":"post-1410786644","1":"product","2":"type-product","3":"status-publish","4":"has-post-thumbnail","6":"product_brand-quatree","7":"product_cat-racoes-alimento-petisco-e-suplemento-caes","8":"pmpro-has-access","10":"first","11":"outofstock","12":"taxable","13":"shipping-taxable","14":"purchasable","15":"product-type-simple"},"_links":{"self":[{"href":"https:\/\/dinhosreef.com\/en\/wp-json\/wp\/v2\/product\/1410786644","targetHints":{"allow":["GET"]}}],"collection":[{"href":"https:\/\/dinhosreef.com\/en\/wp-json\/wp\/v2\/product"}],"about":[{"href":"https:\/\/dinhosreef.com\/en\/wp-json\/wp\/v2\/types\/product"}],"replies":[{"embeddable":true,"href":"https:\/\/dinhosreef.com\/en\/wp-json\/wp\/v2\/comments?post=1410786644"}],"wp:featuredmedia":[{"embeddable":true,"href":"https:\/\/dinhosreef.com\/en\/wp-json\/wp\/v2\/media\/1410786643"}],"wp:attachment":[{"href":"https:\/\/dinhosreef.com\/en\/wp-json\/wp\/v2\/media?parent=1410786644"}],"wp:term":[{"taxonomy":"product_brand","embeddable":true,"href":"https:\/\/dinhosreef.com\/en\/wp-json\/wp\/v2\/product_brand?post=1410786644"},{"taxonomy":"product_cat","embeddable":true,"href":"https:\/\/dinhosreef.com\/en\/wp-json\/wp\/v2\/product_cat?post=1410786644"},{"taxonomy":"product_tag","embeddable":true,"href":"https:\/\/dinhosreef.com\/en\/wp-json\/wp\/v2\/product_tag?post=1410786644"}],"curies":[{"name":"wp","href":"https:\/\/api.w.org\/{rel}","templated":true}]}}