{"id":1410786648,"date":"2025-11-25T17:47:08","date_gmt":"2025-11-25T20:47:08","guid":{"rendered":"https:\/\/dinhosreef.com\/produto\/osso-natural-p-caes-bovino-defumado-grande\/"},"modified":"2026-04-17T10:48:53","modified_gmt":"2026-04-17T13:48:53","slug":"osso-natural-p-caes-bovino-defumado-grande","status":"publish","type":"product","link":"https:\/\/dinhosreef.com\/en\/product\/osso-natural-p-caes-bovino-defumado-grande\/","title":{"rendered":"OSSO NATURAL P\/ C\u00c3ES BOVINO DEFUMADO GRANDE"},"content":{"rendered":"<h2 class=\"ui-pdp-description__title\" data-testid=\"title\">Descri\u00e7\u00e3o<\/h2>\n<p class=\"ui-pdp-description__content\" data-testid=\"content\">O Osso Suino Puresnacks \u00e9 um snack saud\u00e1vel e delicioso feito com osso suino de alta qualidade, selecionado cuidadosamente para garantir a melhor experi\u00eancia para o seu pet.<\/p>\n<p><strong>Caracter\u00edsticas<\/strong><br \/>&#8211; Ingredientes Naturais: Feito com osso suino de alta qualidade, sem aditivos ou conservantes artificiais.<br \/>&#8211; Defumado: O osso suino \u00e9 defumado para um sabor intenso e aut\u00eantico.<br \/>&#8211; Sabor Natural: O sabor natural do osso suino \u00e9 preservado para uma experi\u00eancia aut\u00eantica.<br \/>&#8211; Textura Crocante: A textura crocante do osso suino \u00e9 perfeita para mastigar.<\/p>\n<p><strong>Benef\u00edcios<\/strong><br \/>&#8211; Fonte Natural de Prote\u00ednas: O osso suino \u00e9 uma fonte natural de prote\u00ednas essenciais para a sa\u00fade do seu pet.<br \/>&#8211; Sa\u00fade Bucal: O ato de mastigar o osso suino ajuda a manter a sa\u00fade bucal do seu pet.<br \/>&#8211; Satisfa\u00e7\u00e3o do Pet: O sabor intenso e aut\u00eantico do osso suino \u00e9 garantido para satisfazer o seu pet.<\/p>\n<p><strong>Modo de Preparo<\/strong><br \/>&#8211; Servir como snack ou recompensa<br \/>&#8211; Pode ser usado em treinamento ou como complemento alimentar<\/p>\n<p><strong>Condi\u00e7\u00f5es de Armazenamento<\/strong><br \/>&#8211; Armazenar em local fresco e seco<br \/>&#8211; Manter longe de crian\u00e7as<\/p>\n<p><strong>Certifica\u00e7\u00f5es<\/strong><br \/>&#8211; Certificado por \u00f3rg\u00e3os de sa\u00fade animal<br \/>&#8211; Produzido em conformidade com normas de qualidade.<\/p>","protected":false},"excerpt":{"rendered":"<p>Descri\u00e7\u00e3o O Osso Suino Puresnacks \u00e9 um snack saud\u00e1vel e delicioso feito com osso suino de alta qualidade, selecionado cuidadosamente para garantir a melhor experi\u00eancia para o seu pet. Caracter\u00edsticas&#8211; Ingredientes Naturais: Feito com osso suino de alta qualidade, sem aditivos ou conservantes artificiais.&#8211; Defumado: O osso suino \u00e9 defumado para um sabor intenso e [&hellip;]<\/p>\n","protected":false},"featured_media":1410786647,"comment_status":"open","ping_status":"closed","template":"","meta":{"googlesitekit_rrm_CAow0N7NCw:productID":"","content-type":"","pmpro_default_level":"","_themeisle_gutenberg_block_has_review":false},"product_brand":[],"product_cat":[259],"product_tag":[],"class_list":{"0":"post-1410786648","1":"product","2":"type-product","3":"status-publish","4":"has-post-thumbnail","6":"product_cat-racoes-alimento-petisco-e-suplemento-caes","7":"pmpro-has-access","9":"first","10":"instock","11":"taxable","12":"shipping-taxable","13":"purchasable","14":"product-type-simple"},"_links":{"self":[{"href":"https:\/\/dinhosreef.com\/en\/wp-json\/wp\/v2\/product\/1410786648","targetHints":{"allow":["GET"]}}],"collection":[{"href":"https:\/\/dinhosreef.com\/en\/wp-json\/wp\/v2\/product"}],"about":[{"href":"https:\/\/dinhosreef.com\/en\/wp-json\/wp\/v2\/types\/product"}],"replies":[{"embeddable":true,"href":"https:\/\/dinhosreef.com\/en\/wp-json\/wp\/v2\/comments?post=1410786648"}],"wp:featuredmedia":[{"embeddable":true,"href":"https:\/\/dinhosreef.com\/en\/wp-json\/wp\/v2\/media\/1410786647"}],"wp:attachment":[{"href":"https:\/\/dinhosreef.com\/en\/wp-json\/wp\/v2\/media?parent=1410786648"}],"wp:term":[{"taxonomy":"product_brand","embeddable":true,"href":"https:\/\/dinhosreef.com\/en\/wp-json\/wp\/v2\/product_brand?post=1410786648"},{"taxonomy":"product_cat","embeddable":true,"href":"https:\/\/dinhosreef.com\/en\/wp-json\/wp\/v2\/product_cat?post=1410786648"},{"taxonomy":"product_tag","embeddable":true,"href":"https:\/\/dinhosreef.com\/en\/wp-json\/wp\/v2\/product_tag?post=1410786648"}],"curies":[{"name":"wp","href":"https:\/\/api.w.org\/{rel}","templated":true}]}}