{"id":1410786653,"date":"2025-11-26T16:19:05","date_gmt":"2025-11-26T19:19:05","guid":{"rendered":"https:\/\/dinhosreef.com\/produto\/racao-dr-bassleer-biofish-food-regular-150g-m-premium-food\/"},"modified":"2026-04-27T10:26:12","modified_gmt":"2026-04-27T13:26:12","slug":"racao-dr-bassleer-biofish-food-regular-150g-m-premium-food","status":"publish","type":"product","link":"https:\/\/dinhosreef.com\/en\/product\/racao-dr-bassleer-biofish-food-regular-150g-m-premium-food\/","title":{"rendered":"RA\u00c7\u00c3O DR.BASSLEER BIOFISH FOOD REGULAR 150G M PREMIUM FOOD"},"content":{"rendered":"<p>Pote com 150 gramas tamanho da ra\u00e7\u00e3o de 0,5mm a 0,8mm.<br \/>Para peixes acima de 1 cm.<\/p>\n<p>\u00c9 importante que os elementos nutritivos dos alimentos sejam escolhidos levando-se em conta as subst\u00e2ncias que encontramos na natureza. Aquarium munster dr. Bassleer biofish food \u00e9 a marca do dr. Gerald bassleer, um icti\u00f3logo renomado. O processo de fabrica\u00e7\u00e3o leva em conta a preserva\u00e7\u00e3o completa das vitaminas, prote\u00ednas e oligoelementos.<br \/>Tanto as formas diferentes de granulados como a forma especial de flocos, cont\u00e9m todos os amino\u00e1cidos essenciais, omega 3, minerais, oligoelementos e vitaminas e contribuem assim \u00e0 boa sa\u00fade e \u00e0 resist\u00eancia dos peixes do aqu\u00e1rio.<\/p>\n<p>Dr. Bassleer biofish food n\u00e3o cont\u00e9m corantes artificiais e \u00e9 extremamente rico em elementos nutritivos. Estes alimentos s\u00e3o bem digeridos e n\u00e3o poluem a \u00e1gua do aqu\u00e1rio.<\/p>\n<p>Os peixes gostam de se alimentar com peda\u00e7os pequenos. O tamanho da boca difere de esp\u00e9cie para esp\u00e9cie e isto determina o tamanho do gr\u00e3o que melhor conv\u00e9m ao h\u00e1bito alimentar. Aquarium munster dr. Bassleer biofish food em gr\u00e3os s\u00e3o especialmente fabricados para atender a esta escolha de tamanho de gr\u00e3o m, l, xl e xxl. O granulado m afunda lentamente e permite assim alimentar os peixes que vivem nas tr\u00eas zonas do aqu\u00e1rio. Os peixes se beneficiam todos da mesma maneira de um alimento fresco e completo, que vivam em superf\u00edcie, no meio ou no fundo do aqu\u00e1rio.<\/p>\n<p><strong>Dr. Bassleer biofish food regular:<\/strong><\/p>\n<p>tem um teor proteico muito elevado (52%). Cont\u00e9m todas as vitaminas, os oligoelementos e os minerais que os peixes necessitam. Os peixes de aqu\u00e1rio que s\u00e3o alimentados com dr. Bassleer biofish food tem cores bem mais vivas e maior vitalidade. Eles tem crescimento mais r\u00e1pido e uma maior fecundidade.<\/p>\n<p><strong>Enriquecimento:<\/strong>\u00a0vitamina a 75000 ui\/kg, vitamina d3 2500 ui\/kg, vitamina c 0,5g\/kg, vitamina e 0,26g\/kg.<\/p>\n<p><strong>N\u00edveis de garantia:<\/strong> prote\u00edna bruta 540g\/kg, gorduras totais 180g\/kg, cinzas 90g\/kg, umidade 60g\/kg, fibra bruta 15g\/kg, f\u00f3sforo 13g\/kg.<\/p>","protected":false},"excerpt":{"rendered":"<p>Pote com 150 gramas tamanho da ra\u00e7\u00e3o de 0,5mm a 0,8mm.Para peixes acima de 1 cm. \u00c9 importante que os elementos nutritivos dos alimentos sejam escolhidos levando-se em conta as subst\u00e2ncias que encontramos na natureza. Aquarium munster dr. Bassleer biofish food \u00e9 a marca do dr. Gerald bassleer, um icti\u00f3logo renomado. O processo de fabrica\u00e7\u00e3o [&hellip;]<\/p>\n","protected":false},"featured_media":1410786651,"comment_status":"open","ping_status":"closed","template":"","meta":{"googlesitekit_rrm_CAow0N7NCw:productID":"","content-type":"","pmpro_default_level":"","_themeisle_gutenberg_block_has_review":false},"product_brand":[449],"product_cat":[375],"product_tag":[],"class_list":{"0":"post-1410786653","1":"product","2":"type-product","3":"status-publish","4":"has-post-thumbnail","6":"product_brand-dr-bassleer","7":"product_cat-aquarios-peixes-pet-shop","8":"aux-has-gallery","9":"pmpro-has-access","11":"first","12":"outofstock","13":"taxable","14":"shipping-taxable","15":"purchasable","16":"product-type-simple"},"_links":{"self":[{"href":"https:\/\/dinhosreef.com\/en\/wp-json\/wp\/v2\/product\/1410786653","targetHints":{"allow":["GET"]}}],"collection":[{"href":"https:\/\/dinhosreef.com\/en\/wp-json\/wp\/v2\/product"}],"about":[{"href":"https:\/\/dinhosreef.com\/en\/wp-json\/wp\/v2\/types\/product"}],"replies":[{"embeddable":true,"href":"https:\/\/dinhosreef.com\/en\/wp-json\/wp\/v2\/comments?post=1410786653"}],"wp:featuredmedia":[{"embeddable":true,"href":"https:\/\/dinhosreef.com\/en\/wp-json\/wp\/v2\/media\/1410786651"}],"wp:attachment":[{"href":"https:\/\/dinhosreef.com\/en\/wp-json\/wp\/v2\/media?parent=1410786653"}],"wp:term":[{"taxonomy":"product_brand","embeddable":true,"href":"https:\/\/dinhosreef.com\/en\/wp-json\/wp\/v2\/product_brand?post=1410786653"},{"taxonomy":"product_cat","embeddable":true,"href":"https:\/\/dinhosreef.com\/en\/wp-json\/wp\/v2\/product_cat?post=1410786653"},{"taxonomy":"product_tag","embeddable":true,"href":"https:\/\/dinhosreef.com\/en\/wp-json\/wp\/v2\/product_tag?post=1410786653"}],"curies":[{"name":"wp","href":"https:\/\/api.w.org\/{rel}","templated":true}]}}