{"id":1410786656,"date":"2025-11-26T16:19:12","date_gmt":"2025-11-26T19:19:12","guid":{"rendered":"https:\/\/dinhosreef.com\/produto\/racao-dr-bassleer-biofish-food-garlic-150g-m-apetite-doenca\/"},"modified":"2026-04-27T10:26:07","modified_gmt":"2026-04-27T13:26:07","slug":"racao-dr-bassleer-biofish-food-garlic-150g-m-apetite-doenca","status":"publish","type":"product","link":"https:\/\/dinhosreef.com\/en\/product\/racao-dr-bassleer-biofish-food-garlic-150g-m-apetite-doenca\/","title":{"rendered":"RA\u00c7\u00c3O DR BASSLEER BIOFISH FOOD GARLIC 150G M APETITE DOEN\u00c7A"},"content":{"rendered":"<p class=\"QN2lPu\">Alimento altamente nutritivo que ajuda no tratamento de peixes que est\u00e3o sem apetite. \u00c9 um aux\u00edlio alimentar ideal para quando os peixes est\u00e3o sofrendo de doen\u00e7as bacterianas ou parasitoses.<\/p>\n<p class=\"QN2lPu\">Cont\u00e9m ingredientes ativos como alicina, mangan\u00eas e vitamina B.<\/p>\n<p class=\"QN2lPu\">Um estudo mostra que o alho, combinado com medicamentos como metronidazol ou hexamor ajuda no combate \u00e0 Spironucleose (hexamitose).<\/p>\n<p class=\"QN2lPu\">tamanho da ra\u00e7\u00e3o:<\/p>\n<p class=\"QN2lPu\">M\u00e9dio (M) 0,5-0,8mm para peixes 1 cm<\/p>\n<p class=\"QN2lPu\">Grande (L) 0,8-1,2mm para peixes 5 cm<\/p>\n<p class=\"QN2lPu\">Extra grande (XL) 1,2-1,6mm para peixes 10 cm<\/p>\n<p class=\"QN2lPu\">Aten\u00e7\u00e3o:<\/p>\n<p class=\"QN2lPu\">Proibido uso na alimenta\u00e7\u00e3o de ruminantes.<\/p>\n<p class=\"QN2lPu\">Produto impr\u00f3prio para consumo humano.<\/p>","protected":false},"excerpt":{"rendered":"<p>Alimento altamente nutritivo que ajuda no tratamento de peixes que est\u00e3o sem apetite. \u00c9 um aux\u00edlio alimentar ideal para quando os peixes est\u00e3o sofrendo de doen\u00e7as bacterianas ou parasitoses. Cont\u00e9m ingredientes ativos como alicina, mangan\u00eas e vitamina B. Um estudo mostra que o alho, combinado com medicamentos como metronidazol ou hexamor ajuda no combate \u00e0 [&hellip;]<\/p>\n","protected":false},"featured_media":1410786654,"comment_status":"open","ping_status":"closed","template":"","meta":{"googlesitekit_rrm_CAow0N7NCw:productID":"","content-type":"","pmpro_default_level":"","_themeisle_gutenberg_block_has_review":false},"product_brand":[449],"product_cat":[365],"product_tag":[],"class_list":{"0":"post-1410786656","1":"product","2":"type-product","3":"status-publish","4":"has-post-thumbnail","6":"product_brand-dr-bassleer","7":"product_cat-racao-alimentos-peixes-pet-shop","8":"aux-has-gallery","9":"pmpro-has-access","11":"first","12":"outofstock","13":"taxable","14":"shipping-taxable","15":"purchasable","16":"product-type-simple"},"_links":{"self":[{"href":"https:\/\/dinhosreef.com\/en\/wp-json\/wp\/v2\/product\/1410786656","targetHints":{"allow":["GET"]}}],"collection":[{"href":"https:\/\/dinhosreef.com\/en\/wp-json\/wp\/v2\/product"}],"about":[{"href":"https:\/\/dinhosreef.com\/en\/wp-json\/wp\/v2\/types\/product"}],"replies":[{"embeddable":true,"href":"https:\/\/dinhosreef.com\/en\/wp-json\/wp\/v2\/comments?post=1410786656"}],"wp:featuredmedia":[{"embeddable":true,"href":"https:\/\/dinhosreef.com\/en\/wp-json\/wp\/v2\/media\/1410786654"}],"wp:attachment":[{"href":"https:\/\/dinhosreef.com\/en\/wp-json\/wp\/v2\/media?parent=1410786656"}],"wp:term":[{"taxonomy":"product_brand","embeddable":true,"href":"https:\/\/dinhosreef.com\/en\/wp-json\/wp\/v2\/product_brand?post=1410786656"},{"taxonomy":"product_cat","embeddable":true,"href":"https:\/\/dinhosreef.com\/en\/wp-json\/wp\/v2\/product_cat?post=1410786656"},{"taxonomy":"product_tag","embeddable":true,"href":"https:\/\/dinhosreef.com\/en\/wp-json\/wp\/v2\/product_tag?post=1410786656"}],"curies":[{"name":"wp","href":"https:\/\/api.w.org\/{rel}","templated":true}]}}