{"id":1410786688,"date":"2025-11-29T14:47:28","date_gmt":"2025-11-29T17:47:28","guid":{"rendered":"https:\/\/dinhosreef.com\/produto\/melanurus-wrasse-color\/"},"modified":"2026-03-21T17:10:02","modified_gmt":"2026-03-21T20:10:02","slug":"melanurus-wrasse-color","status":"publish","type":"product","link":"https:\/\/dinhosreef.com\/en\/product\/melanurus-wrasse-color\/","title":{"rendered":"Melanurus Wrasse COLOR"},"content":{"rendered":"<p>Halichoeres melanurus \u00e9 uma esp\u00e9cie de wrasse no Pac\u00edfico ocidental, do Jap\u00e3o a Samoa e Tonga e ao sul da Grande Barreira de Corais. Esta esp\u00e9cie \u00e9 encontrada ao longo da costa rochosa ou em recifes de coral a profundidades de 1 a 15 m. Pode atingir 12 cm de comprimento total.<\/p>\n<p>Nome cient\u00edfico: Halichoeres melanurus<\/p>\n<p>Classifica\u00e7\u00e3o: Esp\u00e9cie<\/p>\n<p>Ordem: Labriformes<\/p>\n<p>Classifica\u00e7\u00e3o superior: Halichoeres<\/p>\n<p>Estado de Conserva\u00e7\u00e3o: Pouco preocupante<\/p>\n<p>Caracter\u00edsticas<\/p>\n<p>Porte: M\u00e9dio<\/p>\n<p>Litragem M\u00ednima: 200 L<\/p>\n<p>Alimenta\u00e7\u00e3o: Media<\/p>\n<p>Dificuldade: Media<\/p>\n<p>Agressivo com outros peixes: Media<\/p>\n<p>Agressivo com mesmo: Sim<\/p>\n<p>Come corais: N\u00e3o<\/p>\n<p>Come invertebrados: Sim<\/p>","protected":false},"excerpt":{"rendered":"<p>Halichoeres melanurus \u00e9 uma esp\u00e9cie de wrasse no Pac\u00edfico ocidental, do Jap\u00e3o a Samoa e Tonga e ao sul da Grande Barreira de Corais. Esta esp\u00e9cie \u00e9 encontrada ao longo da costa rochosa ou em recifes de coral a profundidades de 1 a 15 m. Pode atingir 12 cm de comprimento total. Nome cient\u00edfico: Halichoeres [&hellip;]<\/p>\n","protected":false},"featured_media":1410786687,"comment_status":"open","ping_status":"closed","template":"","meta":{"googlesitekit_rrm_CAow0N7NCw:productID":"","content-type":"","pmpro_default_level":"","_themeisle_gutenberg_block_has_review":false},"product_brand":[],"product_cat":[186,170,220,204],"product_tag":[],"class_list":{"0":"post-1410786688","1":"product","2":"type-product","3":"status-publish","4":"has-post-thumbnail","6":"product_cat-animais-vivos","7":"product_cat-peixes-marinhos","8":"product_cat-todos-os-peixes-de-agua-salgada","9":"product_cat-wrasses","10":"product_shipping_class-animais-vivos","11":"pmpro-has-access","13":"first","14":"outofstock","15":"taxable","16":"shipping-taxable","17":"purchasable","18":"product-type-simple"},"_links":{"self":[{"href":"https:\/\/dinhosreef.com\/en\/wp-json\/wp\/v2\/product\/1410786688","targetHints":{"allow":["GET"]}}],"collection":[{"href":"https:\/\/dinhosreef.com\/en\/wp-json\/wp\/v2\/product"}],"about":[{"href":"https:\/\/dinhosreef.com\/en\/wp-json\/wp\/v2\/types\/product"}],"replies":[{"embeddable":true,"href":"https:\/\/dinhosreef.com\/en\/wp-json\/wp\/v2\/comments?post=1410786688"}],"wp:featuredmedia":[{"embeddable":true,"href":"https:\/\/dinhosreef.com\/en\/wp-json\/wp\/v2\/media\/1410786687"}],"wp:attachment":[{"href":"https:\/\/dinhosreef.com\/en\/wp-json\/wp\/v2\/media?parent=1410786688"}],"wp:term":[{"taxonomy":"product_brand","embeddable":true,"href":"https:\/\/dinhosreef.com\/en\/wp-json\/wp\/v2\/product_brand?post=1410786688"},{"taxonomy":"product_cat","embeddable":true,"href":"https:\/\/dinhosreef.com\/en\/wp-json\/wp\/v2\/product_cat?post=1410786688"},{"taxonomy":"product_tag","embeddable":true,"href":"https:\/\/dinhosreef.com\/en\/wp-json\/wp\/v2\/product_tag?post=1410786688"}],"curies":[{"name":"wp","href":"https:\/\/api.w.org\/{rel}","templated":true}]}}