{"id":1410786698,"date":"2025-11-29T15:38:43","date_gmt":"2025-11-29T18:38:43","guid":{"rendered":"https:\/\/dinhosreef.com\/produto\/imperator-angelfish-adulto\/"},"modified":"2025-11-29T15:42:14","modified_gmt":"2025-11-29T18:42:14","slug":"imperator-angelfish-adulto","status":"publish","type":"product","link":"https:\/\/dinhosreef.com\/en\/product\/imperator-angelfish-adulto\/","title":{"rendered":"Imperator Angelfish Adulto"},"content":{"rendered":"<h4><span style=\"font-family: Arial;\">Os peixes-anjos-imperadores (<em>Pomacanthus imperator)<\/em>\u00a0s\u00e3o dos habitantes mais vistosos dos recifes de coral, com cores e padr\u00f5es magn\u00edficos, em regra diferentes nos adultos e nos juvenis. O peixe-anjo-imperador \u00e9 um peixe anjo tipico, com um corpo alto e achatado lateralmente, boca pequena, dentes em forma de pente e\u00a0um espinho opercular apontado para tr\u00e1s em cada face.<\/span><\/h4>\n<h4><span style=\"font-family: Arial;\">Como outros peixes-anjos, tem a capacidade, rara entre os peixes, de\u00a0digerir o corpo rijo das esponjas, abundantes nos recifes de coral. Este peixe pode produzir sons agudos quando alarmado.\u00a0<strong>Quando um macho morre, uma das 2-5 f\u00eameas do seu har\u00e9m muda de sexo e assume a lideran\u00e7a.<\/strong><\/span><\/h4>\n<h4><span style=\"font-family: Arial;\">Os machos t\u00eam o corpo coberto de riscas alternadas amarelas e roxas. Na cabe\u00e7a e em volta das peitorais h\u00e1 marcas azul-claras, azul-escuras e pretas.<\/span><\/h4>\n<h5><span style=\"font-family: Arial;\">O Angel Imperador (Pomacanthus imperator) \u00e9 um peixe jovem, bem adptado a vida em cativeiro e com uma dieta rica e variada evitar\u00e1 que ele possa incomodar corais mais macios. Na fase adulta o peixe adquire colora\u00e7\u00e3o intensa muito vibrante.<\/span><\/h5>\n<h5><span style=\"font-family: Arial;\"><strong>\u00a0Alimenta\u00e7\u00e3o:\u00a0<\/strong>Flocos, artemia, gr\u00e3os.<strong>\u00a0\u00a0\u00a0\u00a0\u00a0\u00a0\u00a0\u00a0\u00a0\u00a0\u00a0\u00a0\u00a0\u00a0\u00a0\u00a0\u00a0\u00a0\u00a0\u00a0\u00a0\u00a0\u00a0\u00a0\u00a0\u00a0\u00a0\u00a0\u00a0\u00a0\u00a0\u00a0\u00a0\u00a0\u00a0\u00a0\u00a0\u00a0\u00a0\u00a0\u00a0\u00a0\u00a0\u00a0\u00a0\u00a0\u00a0\u00a0\u00a0\u00a0\u00a0\u00a0\u00a0\u00a0\u00a0\u00a0\u00a0\u00a0\u00a0\u00a0\u00a0\u00a0\u00a0\u00a0\u00a0\u00a0\u00a0\u00a0\u00a0\u00a0\u00a0\u00a0\u00a0\u00a0\u00a0\u00a0\u00a0\u00a0\u00a0\u00a0\u00a0\u00a0\u00a0\u00a0\u00a0\u00a0\u00a0\u00a0\u00a0\u00a0\u00a0\u00a0\u00a0\u00a0\u00a0\u00a0\u00a0\u00a0\u00a0\u00a0\u00a0\u00a0\u00a0\u00a0\u00a0\u00a0\u00a0\u00a0\u00a0\u00a0\u00a0\u00a0\u00a0\u00a0\u00a0\u00a0\u00a0\u00a0\u00a0\u00a0\u00a0\u00a0\u00a0\u00a0\u00a0\u00a0\u00a0\u00a0\u00a0\u00a0\u00a0\u00a0\u00a0\u00a0\u00a0\u00a0\u00a0\u00a0\u00a0\u00a0\u00a0\u00a0\u00a0\u00a0\u00a0\u00a0\u00a0\u00a0\u00a0\u00a0\u00a0\u00a0\u00a0\u00a0\u00a0\u00a0\u00a0\u00a0\u00a0\u00a0\u00a0\u00a0\u00a0\u00a0\u00a0\u00a0\u00a0\u00a0\u00a0\u00a0\u00a0\u00a0\u00a0\u00a0\u00a0\u00a0\u00a0\u00a0\u00a0\u00a0\u00a0\u00a0\u00a0\u00a0\u00a0\u00a0\u00a0\u00a0\u00a0\u00a0\u00a0\u00a0\u00a0\u00a0\u00a0\u00a0\u00a0\u00a0\u00a0\u00a0\u00a0\u00a0\u00a0\u00a0\u00a0\u00a0\u00a0\u00a0\u00a0\u00a0\u00a0\u00a0\u00a0\u00a0\u00a0\u00a0\u00a0\u00a0\u00a0\u00a0 \u00a0 \u00a0 \u00a0\u00a0 \u00a0\u00a0\u00a0\u00a0\u00a0\u00a0\u00a0\u00a0\u00a0\u00a0\u00a0\u00a0\u00a0\u00a0\u00a0\u00a0\u00a0\u00a0\u00a0\u00a0\u00a0<\/strong><\/span><\/h5>\n<h5><span style=\"font-family: Arial;\"><strong>Tamanho M\u00e1ximo<\/strong>: 38cm<\/span><\/h5>\n<h5><span style=\"font-family: Arial;\"><strong>\u00a0Tamanho Minimo do Aqu\u00e1rio:\u00a0<\/strong>380L<\/span><\/h5>\n<h5><span style=\"font-family: Arial;\"><strong>\u00a0N\u00edvel de Cuidado<\/strong>: Intermedi\u00e1rio<\/span><\/h5>\n<h5><span style=\"font-family: Arial;\"><strong>\u00a0Comportamento:\u00a0<\/strong>Semi-agressivo<\/span><\/h5>\n<h5><span style=\"font-family: Arial;\"><strong>\u00a0Reef Safe:\u00a0<\/strong>COm Cuidado<\/span><\/h5>\n<h5><span style=\"font-family: Arial;\"><strong>Nome Cientifico<\/strong>\u00a0: Pomacanthus imperator<\/span><\/h5>","protected":false},"excerpt":{"rendered":"<p>Os peixes-anjos-imperadores (Pomacanthus imperator)\u00a0s\u00e3o dos habitantes mais vistosos dos recifes de coral, com cores e padr\u00f5es magn\u00edficos, em regra diferentes nos adultos e nos juvenis. O peixe-anjo-imperador \u00e9 um peixe anjo tipico, com um corpo alto e achatado lateralmente, boca pequena, dentes em forma de pente e\u00a0um espinho opercular apontado para tr\u00e1s em cada face. [&hellip;]<\/p>\n","protected":false},"featured_media":1410786697,"comment_status":"open","ping_status":"closed","template":"","meta":{"googlesitekit_rrm_CAow0N7NCw:productID":"","content-type":"","pmpro_default_level":"","_themeisle_gutenberg_block_has_review":false},"product_brand":[],"product_cat":[186,187,170,220],"product_tag":[],"class_list":{"0":"post-1410786698","1":"product","2":"type-product","3":"status-publish","4":"has-post-thumbnail","6":"product_cat-animais-vivos","7":"product_cat-anjos","8":"product_cat-peixes-marinhos","9":"product_cat-todos-os-peixes-de-agua-salgada","10":"pmpro-has-access","12":"first","13":"outofstock","14":"taxable","15":"shipping-taxable","16":"purchasable","17":"product-type-variable"},"_links":{"self":[{"href":"https:\/\/dinhosreef.com\/en\/wp-json\/wp\/v2\/product\/1410786698","targetHints":{"allow":["GET"]}}],"collection":[{"href":"https:\/\/dinhosreef.com\/en\/wp-json\/wp\/v2\/product"}],"about":[{"href":"https:\/\/dinhosreef.com\/en\/wp-json\/wp\/v2\/types\/product"}],"replies":[{"embeddable":true,"href":"https:\/\/dinhosreef.com\/en\/wp-json\/wp\/v2\/comments?post=1410786698"}],"wp:featuredmedia":[{"embeddable":true,"href":"https:\/\/dinhosreef.com\/en\/wp-json\/wp\/v2\/media\/1410786697"}],"wp:attachment":[{"href":"https:\/\/dinhosreef.com\/en\/wp-json\/wp\/v2\/media?parent=1410786698"}],"wp:term":[{"taxonomy":"product_brand","embeddable":true,"href":"https:\/\/dinhosreef.com\/en\/wp-json\/wp\/v2\/product_brand?post=1410786698"},{"taxonomy":"product_cat","embeddable":true,"href":"https:\/\/dinhosreef.com\/en\/wp-json\/wp\/v2\/product_cat?post=1410786698"},{"taxonomy":"product_tag","embeddable":true,"href":"https:\/\/dinhosreef.com\/en\/wp-json\/wp\/v2\/product_tag?post=1410786698"}],"curies":[{"name":"wp","href":"https:\/\/api.w.org\/{rel}","templated":true}]}}