{"id":1410786805,"date":"2025-12-01T14:01:04","date_gmt":"2025-12-01T17:01:04","guid":{"rendered":"https:\/\/dinhosreef.com\/produto\/p-agapornis-e-calopsita-100-puro-super-premium-500g\/"},"modified":"2026-04-22T10:10:30","modified_gmt":"2026-04-22T13:10:30","slug":"p-agapornis-e-calopsita-100-puro-super-premium-500g","status":"publish","type":"product","link":"https:\/\/dinhosreef.com\/en\/product\/p-agapornis-e-calopsita-100-puro-super-premium-500g\/","title":{"rendered":"P\/Agapornis e Calopsita 100% PURO -Super Premium- 500g"},"content":{"rendered":"<p><strong>Descubra a Melhor Nutri\u00e7\u00e3o para Sua Calopsita!<\/strong><\/p>\n<div class=\"container-header\">\n<div class=\"container-img-produto\">\n<div>\n<h4>Mistura De Sementes Agapornis Calopsita -Super Premium- 500g<\/h4>\n<\/div>\n<\/div>\n<\/div>\n<div class=\"mensagens-header-edicao\">\n<div id=\"mensagem\" class=\"nomessage\"><\/div>\n<\/div>\n<div class=\"panel-body\">\n<form action=\"\">\n<div id=\"tab-geral\" class=\"tab-container\"><\/div>\n<input type=\"hidden\" name=\"trp-form-language\" value=\"en\"\/><\/form>\n<\/div>\n<p>Ra\u00e7\u00e3o Balanceada para Calopsitas &#8211; o alimento completo e balanceado que sua ave merece! Formulada especialmente para Calopsitas, Periquitos e outros psitac\u00eddeos de pequeno porte, esta ra\u00e7\u00e3o \u00e9 perfeita para fases de manuten\u00e7\u00e3o e muda, proporcionando todos os nutrientes necess\u00e1rios para uma vida longa e saud\u00e1vel.<\/p>\n<p><strong>Benef\u00edcios:<\/strong><\/p>\n<ul>\n<li>Nutri\u00e7\u00e3o Completa: Todos os nutrientes essenciais em uma \u00fanica ra\u00e7\u00e3o.<\/li>\n<li>Qualidade de Vida: Promove a sa\u00fade e bem-estar das suas aves.<\/li>\n<li>Ideal para Muda: Suporte nutricional durante a troca de penas.<\/li>\n<\/ul>\n<p>Instru\u00e7\u00f5es de Conserva\u00e7\u00e3o:<\/p>\n<ul>\n<li>Armazenamento: Conserve em ambiente seco, arejado e longe da luz solar direta.<\/li>\n<li>Aviso Importante: Uso proibido na alimenta\u00e7\u00e3o de ruminantes.<\/li>\n<\/ul>\n<p>Garanta j\u00e1 a ra\u00e7\u00e3o que vai transformar a vida da sua calopsita. Sua ave vai adorar!<\/p>","protected":false},"excerpt":{"rendered":"<p>Descubra a Melhor Nutri\u00e7\u00e3o para Sua Calopsita! Mistura De Sementes Agapornis Calopsita -Super Premium- 500g Ra\u00e7\u00e3o Balanceada para Calopsitas &#8211; o alimento completo e balanceado que sua ave merece! Formulada especialmente para Calopsitas, Periquitos e outros psitac\u00eddeos de pequeno porte, esta ra\u00e7\u00e3o \u00e9 perfeita para fases de manuten\u00e7\u00e3o e muda, proporcionando todos os nutrientes necess\u00e1rios [&hellip;]<\/p>\n","protected":false},"featured_media":1410786802,"comment_status":"open","ping_status":"closed","template":"","meta":{"googlesitekit_rrm_CAow0N7NCw:productID":"","content-type":"","pmpro_default_level":"","_themeisle_gutenberg_block_has_review":false},"product_brand":[345],"product_cat":[165],"product_tag":[],"class_list":{"0":"post-1410786805","1":"product","2":"type-product","3":"status-publish","4":"has-post-thumbnail","6":"product_brand-dinhos-reef","7":"product_cat-peixes-pet-shop","8":"aux-has-gallery","9":"pmpro-has-access","11":"first","12":"outofstock","13":"taxable","14":"shipping-taxable","15":"purchasable","16":"product-type-simple"},"_links":{"self":[{"href":"https:\/\/dinhosreef.com\/en\/wp-json\/wp\/v2\/product\/1410786805","targetHints":{"allow":["GET"]}}],"collection":[{"href":"https:\/\/dinhosreef.com\/en\/wp-json\/wp\/v2\/product"}],"about":[{"href":"https:\/\/dinhosreef.com\/en\/wp-json\/wp\/v2\/types\/product"}],"replies":[{"embeddable":true,"href":"https:\/\/dinhosreef.com\/en\/wp-json\/wp\/v2\/comments?post=1410786805"}],"wp:featuredmedia":[{"embeddable":true,"href":"https:\/\/dinhosreef.com\/en\/wp-json\/wp\/v2\/media\/1410786802"}],"wp:attachment":[{"href":"https:\/\/dinhosreef.com\/en\/wp-json\/wp\/v2\/media?parent=1410786805"}],"wp:term":[{"taxonomy":"product_brand","embeddable":true,"href":"https:\/\/dinhosreef.com\/en\/wp-json\/wp\/v2\/product_brand?post=1410786805"},{"taxonomy":"product_cat","embeddable":true,"href":"https:\/\/dinhosreef.com\/en\/wp-json\/wp\/v2\/product_cat?post=1410786805"},{"taxonomy":"product_tag","embeddable":true,"href":"https:\/\/dinhosreef.com\/en\/wp-json\/wp\/v2\/product_tag?post=1410786805"}],"curies":[{"name":"wp","href":"https:\/\/api.w.org\/{rel}","templated":true}]}}