{"id":1410786830,"date":"2025-12-01T16:09:22","date_gmt":"2025-12-01T19:09:22","guid":{"rendered":"https:\/\/dinhosreef.com\/produto\/poytara-carpa-6x1-3-kg\/"},"modified":"2025-12-01T18:29:19","modified_gmt":"2025-12-01T21:29:19","slug":"poytara-carpa-6x1-3-kg","status":"publish","type":"product","link":"https:\/\/dinhosreef.com\/en\/product\/poytara-carpa-6x1-3-kg\/","title":{"rendered":"POYTARA CARPA 6X1 &#8211; 3 KG"},"content":{"rendered":"<header id=\"js-header\">\n<div id=\"bottombar\">\n<div class=\"container\">\n<div class=\"row\">\n<div class=\"col-12\">\n<div id=\"dnavbar\" class=\"nav-bar\"><\/div>\n<\/div>\n<\/div>\n<\/div>\n<\/div>\n<\/header>\n<section class=\"f-section\">\n<div class=\"container\">\n<div class=\"row\">\n<div class=\"col-lg-6 flex-align\">\n<div class=\"principal-dsc\"><\/div>\n<\/div>\n<\/div>\n<\/div>\n<\/section>\n<section class=\"s-section typo-default white-content py-100\">\n<div class=\"container\">\n<div class=\"row\">\n<div class=\"col-lg-6\">\n<h2>INDICA\u00c7\u00d5ES DA POYTARA CARPA 6X1<\/h2>\n<p>Poytara Carpa 6&#215;1 \u00e9 um alimento completo, formulado para atender \u00e0s necessidades nutricionais e suprir a manuten\u00e7\u00e3o di\u00e1ria de carpas, Koi e peixes de lagos, que possuam h\u00e1bito alimentar similar ao das Carpas com n\u00edveis adequados de nutrientes ideal para as fases de crescimento e desenvolvimento dos peixes. \u00c9 o melhor custo x benef\u00edcio para seu lago.<\/p>\n<p>Em formato de sticks (13 mm de comprimento e 5 mm de di\u00e2metro), estimula a curiosidade e o apetite, com baixa densidade garantindo uma maior flutuabilidade. As diferentes cores est\u00e3o baseadas em inclus\u00f5es de ingredientes, representando as diferentes nutri\u00e7\u00f5es e cuidados.<\/p>\n<\/div>\n<\/div>\n<\/div>\n<\/section>","protected":false},"excerpt":{"rendered":"<p>INDICA\u00c7\u00d5ES DA POYTARA CARPA 6X1 Poytara Carpa 6&#215;1 \u00e9 um alimento completo, formulado para atender \u00e0s necessidades nutricionais e suprir a manuten\u00e7\u00e3o di\u00e1ria de carpas, Koi e peixes de lagos, que possuam h\u00e1bito alimentar similar ao das Carpas com n\u00edveis adequados de nutrientes ideal para as fases de crescimento e desenvolvimento dos peixes. \u00c9 o [&hellip;]<\/p>\n","protected":false},"featured_media":1410786829,"comment_status":"open","ping_status":"closed","template":"","meta":{"googlesitekit_rrm_CAow0N7NCw:productID":"","content-type":"","pmpro_default_level":"","_themeisle_gutenberg_block_has_review":false},"product_brand":[380],"product_cat":[365],"product_tag":[],"class_list":{"0":"post-1410786830","1":"product","2":"type-product","3":"status-publish","4":"has-post-thumbnail","6":"product_brand-poytara","7":"product_cat-racao-alimentos-peixes-pet-shop","8":"pmpro-has-access","10":"first","11":"instock","12":"taxable","13":"shipping-taxable","14":"purchasable","15":"product-type-simple"},"_links":{"self":[{"href":"https:\/\/dinhosreef.com\/en\/wp-json\/wp\/v2\/product\/1410786830","targetHints":{"allow":["GET"]}}],"collection":[{"href":"https:\/\/dinhosreef.com\/en\/wp-json\/wp\/v2\/product"}],"about":[{"href":"https:\/\/dinhosreef.com\/en\/wp-json\/wp\/v2\/types\/product"}],"replies":[{"embeddable":true,"href":"https:\/\/dinhosreef.com\/en\/wp-json\/wp\/v2\/comments?post=1410786830"}],"wp:featuredmedia":[{"embeddable":true,"href":"https:\/\/dinhosreef.com\/en\/wp-json\/wp\/v2\/media\/1410786829"}],"wp:attachment":[{"href":"https:\/\/dinhosreef.com\/en\/wp-json\/wp\/v2\/media?parent=1410786830"}],"wp:term":[{"taxonomy":"product_brand","embeddable":true,"href":"https:\/\/dinhosreef.com\/en\/wp-json\/wp\/v2\/product_brand?post=1410786830"},{"taxonomy":"product_cat","embeddable":true,"href":"https:\/\/dinhosreef.com\/en\/wp-json\/wp\/v2\/product_cat?post=1410786830"},{"taxonomy":"product_tag","embeddable":true,"href":"https:\/\/dinhosreef.com\/en\/wp-json\/wp\/v2\/product_tag?post=1410786830"}],"curies":[{"name":"wp","href":"https:\/\/api.w.org\/{rel}","templated":true}]}}