{"id":1410786846,"date":"2025-12-01T16:30:08","date_gmt":"2025-12-01T19:30:08","guid":{"rendered":"https:\/\/dinhosreef.com\/produto\/poytara-tigre-d-agua-800gr-bag\/"},"modified":"2026-04-17T10:02:58","modified_gmt":"2026-04-17T13:02:58","slug":"poytara-tigre-d-agua-800gr-bag","status":"publish","type":"product","link":"https:\/\/dinhosreef.com\/en\/product\/poytara-tigre-d-agua-800gr-bag\/","title":{"rendered":"POYTARA TIGRE D.AGUA 800GR &#8211; BAG"},"content":{"rendered":"<h2 class=\"ui-pdp-description__title\" data-testid=\"title\">Descri\u00e7\u00e3o<\/h2>\n<p class=\"ui-pdp-description__content\" data-testid=\"content\">Ra\u00e7\u00e3o POYTARA Tartarugas Tigre D&#8217;agua Adulto 800g<br \/>\nALIMENTO COMPLETO, COM FORMULA\u00c7\u00c3O BALANCEADA IDEAL PARA A FASE DE MANUTEN\u00c7\u00c3O DE QUEL\u00d4NIOS AQU\u00c1TICOS E SEMIAQU\u00c1TICOS ADULTOS.<br \/>\nA Poytara Tigre D&#8217;\u00e1gua foi desenvolvida com base nas exig\u00eancias nutricionais das tartarugas aqu\u00e1ticas. Fornecendo uma alimenta\u00e7\u00e3o balanceada, com altos \u00edndices de digestibilidade e fontes ricas em carboidratos, fibras e minerais. Al\u00e9m da adi\u00e7\u00e3o de prebi\u00f3tico e probi\u00f3tico, que favorecem o desenvolvimento da flora intestinal ben\u00e9fica, melhorando o aproveitamento dos nutrientes.<br \/>\nNova embalagem BAG ZIP.<br \/>\n* Tecnologia abre e fecha BAG ZIP.<br \/>\n* Mais praticidade.<br \/>\n* Evita a entrada de ar e umidade.<br \/>\n* Ra\u00e7\u00e3o sempre fresquinha e segura.<\/p>","protected":false},"excerpt":{"rendered":"<p>Descri\u00e7\u00e3o Ra\u00e7\u00e3o POYTARA Tartarugas Tigre D&#8217;agua Adulto 800g ALIMENTO COMPLETO, COM FORMULA\u00c7\u00c3O BALANCEADA IDEAL PARA A FASE DE MANUTEN\u00c7\u00c3O DE QUEL\u00d4NIOS AQU\u00c1TICOS E SEMIAQU\u00c1TICOS ADULTOS. A Poytara Tigre D&#8217;\u00e1gua foi desenvolvida com base nas exig\u00eancias nutricionais das tartarugas aqu\u00e1ticas. Fornecendo uma alimenta\u00e7\u00e3o balanceada, com altos \u00edndices de digestibilidade e fontes ricas em carboidratos, fibras e [&hellip;]<\/p>\n","protected":false},"featured_media":1410786845,"comment_status":"open","ping_status":"closed","template":"","meta":{"googlesitekit_rrm_CAow0N7NCw:productID":"","content-type":"","pmpro_default_level":"","_themeisle_gutenberg_block_has_review":false},"product_brand":[380],"product_cat":[365,442],"product_tag":[],"class_list":{"0":"post-1410786846","1":"product","2":"type-product","3":"status-publish","4":"has-post-thumbnail","6":"product_brand-poytara","7":"product_cat-racao-alimentos-peixes-pet-shop","8":"product_cat-repteis","9":"pmpro-has-access","11":"first","12":"instock","13":"taxable","14":"shipping-taxable","15":"purchasable","16":"product-type-simple"},"_links":{"self":[{"href":"https:\/\/dinhosreef.com\/en\/wp-json\/wp\/v2\/product\/1410786846","targetHints":{"allow":["GET"]}}],"collection":[{"href":"https:\/\/dinhosreef.com\/en\/wp-json\/wp\/v2\/product"}],"about":[{"href":"https:\/\/dinhosreef.com\/en\/wp-json\/wp\/v2\/types\/product"}],"replies":[{"embeddable":true,"href":"https:\/\/dinhosreef.com\/en\/wp-json\/wp\/v2\/comments?post=1410786846"}],"wp:featuredmedia":[{"embeddable":true,"href":"https:\/\/dinhosreef.com\/en\/wp-json\/wp\/v2\/media\/1410786845"}],"wp:attachment":[{"href":"https:\/\/dinhosreef.com\/en\/wp-json\/wp\/v2\/media?parent=1410786846"}],"wp:term":[{"taxonomy":"product_brand","embeddable":true,"href":"https:\/\/dinhosreef.com\/en\/wp-json\/wp\/v2\/product_brand?post=1410786846"},{"taxonomy":"product_cat","embeddable":true,"href":"https:\/\/dinhosreef.com\/en\/wp-json\/wp\/v2\/product_cat?post=1410786846"},{"taxonomy":"product_tag","embeddable":true,"href":"https:\/\/dinhosreef.com\/en\/wp-json\/wp\/v2\/product_tag?post=1410786846"}],"curies":[{"name":"wp","href":"https:\/\/api.w.org\/{rel}","templated":true}]}}