{"id":1410786848,"date":"2025-12-01T16:30:57","date_gmt":"2025-12-01T19:30:57","guid":{"rendered":"https:\/\/dinhosreef.com\/produto\/poytara-chemicals-acidificante-20ml\/"},"modified":"2025-12-10T10:35:05","modified_gmt":"2025-12-10T13:35:05","slug":"poytara-chemicals-acidificante-20ml","status":"publish","type":"product","link":"https:\/\/dinhosreef.com\/en\/product\/poytara-chemicals-acidificante-20ml\/","title":{"rendered":"POYTARA CHEMICALS ACIDIFICANTE 20ML"},"content":{"rendered":"<h2 class=\"ui-pdp-description__title\" data-testid=\"title\">escri\u00e7\u00e3o<\/h2>\n<p class=\"ui-pdp-description__content\" data-testid=\"content\">Item incluso: 1 Chemicals Acidboost Acidificante 20ml da marca Poytara.<\/p>\n<p>A LINHA CHEMICALS DA POYTARA FOI DESENVOLVIDA PARA GARANTIR EQUIL\u00cdBRIO, SEGURAN\u00c7A E PERFORMANCE NA MANUTEN\u00c7\u00c3O DA \u00c1GUA DO SEU AQU\u00c1RIO.<\/p>\n<p>O acidificante AcidBOOST foi formulado para diminuir o pH do aqu\u00e1rio. Para evitar o stress dos peixes, as altera\u00e7\u00f5es de pH n\u00e3o dever\u00e3o ser maiores que 0,2 unidades por dia; caso uma varia\u00e7\u00e3o maior seja necess\u00e1ria, a corre\u00e7\u00e3o dever\u00e1 ser efetuada em v\u00e1rios dias consecutivos, at\u00e9 atingir o pH desejado.<\/p>\n<p>Conte\u00fado do Kit:<br \/>\n&#8211; 1 frasco de acidificante (20 mL).<\/p>\n<p>Vantagens:<br \/>\n&#8211; Acidificante para diminuir o pH da \u00e1gua.<br \/>\n&#8211; Aqu\u00e1rios de \u00e1gua doce.<br \/>\n&#8211; Gotejador de precis\u00e3o.<br \/>\n&#8211; Alto rendimento.<\/p>\n<p>Caracter\u00edsticas:<br \/>\n&#8211; Trata at\u00e9 320 litros de \u00e1gua.<br \/>\n&#8211; Gotejador de Precis\u00e3o: Controla a dispers\u00e3o das gotas com mais efic\u00e1cia, evitando desperd\u00edcio ou excesso de produto, garantindo sua precis\u00e3o.<\/p>\n<p>Modo de uso:<br \/>\n1) Para diminuir em 0,2 unidades de pH, com o frasco na vertical, utilize 1 (uma) gota de AcidBOOST por litro de \u00e1gua do aqu\u00e1rio.<br \/>\n2) Aguardar de 4 a 5 horas para efetuar nova determina\u00e7\u00e3o do pH, para que o sistema esteja em equil\u00edbrio.<br \/>\n3) Aten\u00e7\u00e3o: A altera\u00e7\u00e3o de pH com o uso de acidificante AcidBOOST depende da situa\u00e7\u00e3o particular de cada aqu\u00e1rio, como dureza e\/ou alcalinidade da \u00e1gua, presen\u00e7a de mat\u00e9ria org\u00e2nica, produtos j\u00e1 adicionados etc. As altera\u00e7\u00f5es eventualmente poder\u00e3o ser maiores ou menores que 0,2 unidades de pH. Prestar mais aten\u00e7\u00e3o na primeira utiliza\u00e7\u00e3o. Caso haja necessidade, testar o pH do aqu\u00e1rio com PHCHECK. Para reduzir a acidez, utilize o alcalinizante ALKAFLOW.<\/p>","protected":false},"excerpt":{"rendered":"<p>escri\u00e7\u00e3o Item incluso: 1 Chemicals Acidboost Acidificante 20ml da marca Poytara. A LINHA CHEMICALS DA POYTARA FOI DESENVOLVIDA PARA GARANTIR EQUIL\u00cdBRIO, SEGURAN\u00c7A E PERFORMANCE NA MANUTEN\u00c7\u00c3O DA \u00c1GUA DO SEU AQU\u00c1RIO. O acidificante AcidBOOST foi formulado para diminuir o pH do aqu\u00e1rio. Para evitar o stress dos peixes, as altera\u00e7\u00f5es de pH n\u00e3o dever\u00e3o ser [&hellip;]<\/p>\n","protected":false},"featured_media":1410786847,"comment_status":"open","ping_status":"closed","template":"","meta":{"googlesitekit_rrm_CAow0N7NCw:productID":"","content-type":"","pmpro_default_level":"","_themeisle_gutenberg_block_has_review":false},"product_brand":[380],"product_cat":[47],"product_tag":[],"class_list":{"0":"post-1410786848","1":"product","2":"type-product","3":"status-publish","4":"has-post-thumbnail","6":"product_brand-poytara","7":"product_cat-condicionadores-de-agua","8":"pmpro-has-access","10":"first","11":"instock","12":"taxable","13":"shipping-taxable","14":"purchasable","15":"product-type-simple"},"_links":{"self":[{"href":"https:\/\/dinhosreef.com\/en\/wp-json\/wp\/v2\/product\/1410786848","targetHints":{"allow":["GET"]}}],"collection":[{"href":"https:\/\/dinhosreef.com\/en\/wp-json\/wp\/v2\/product"}],"about":[{"href":"https:\/\/dinhosreef.com\/en\/wp-json\/wp\/v2\/types\/product"}],"replies":[{"embeddable":true,"href":"https:\/\/dinhosreef.com\/en\/wp-json\/wp\/v2\/comments?post=1410786848"}],"wp:featuredmedia":[{"embeddable":true,"href":"https:\/\/dinhosreef.com\/en\/wp-json\/wp\/v2\/media\/1410786847"}],"wp:attachment":[{"href":"https:\/\/dinhosreef.com\/en\/wp-json\/wp\/v2\/media?parent=1410786848"}],"wp:term":[{"taxonomy":"product_brand","embeddable":true,"href":"https:\/\/dinhosreef.com\/en\/wp-json\/wp\/v2\/product_brand?post=1410786848"},{"taxonomy":"product_cat","embeddable":true,"href":"https:\/\/dinhosreef.com\/en\/wp-json\/wp\/v2\/product_cat?post=1410786848"},{"taxonomy":"product_tag","embeddable":true,"href":"https:\/\/dinhosreef.com\/en\/wp-json\/wp\/v2\/product_tag?post=1410786848"}],"curies":[{"name":"wp","href":"https:\/\/api.w.org\/{rel}","templated":true}]}}