{"id":1410786854,"date":"2025-12-01T16:33:26","date_gmt":"2025-12-01T19:33:26","guid":{"rendered":"https:\/\/dinhosreef.com\/produto\/poytara-chemicals-condicionador-30ml\/"},"modified":"2026-02-18T11:14:32","modified_gmt":"2026-02-18T14:14:32","slug":"poytara-chemicals-condicionador-30ml","status":"publish","type":"product","link":"https:\/\/dinhosreef.com\/en\/product\/poytara-chemicals-condicionador-30ml\/","title":{"rendered":"POYTARA CHEMICALS CONDICIONADOR 30ML"},"content":{"rendered":"<h2 class=\"ui-pdp-description__title\" data-testid=\"title\">Descri\u00e7\u00e3o<\/h2>\n<p class=\"ui-pdp-description__content\" data-testid=\"content\">Principais Caracter\u00edsticas:<br \/>\nI &#8211; Condicionador multifun\u00e7\u00e3o para \u00e1gua de aqu\u00e1rios de \u00e1gua doce e marinhos;<br \/>\nII &#8211; Elimina cloro, cloramina, am\u00f4nia e metais pesados com seguran\u00e7a;<br \/>\nIII &#8211; Cont\u00e9m agentes que reduzem o estresse dos peixes;<br \/>\nIV &#8211; Protege a mucosa e promove recupera\u00e7\u00e3o r\u00e1pida ap\u00f3s trocas;<br \/>\nV &#8211; Ideal para uso em trocas parciais e montagens de aqu\u00e1rios;<br \/>\nVI &#8211; Ajuda na ciclagem e preserva bact\u00e9rias ben\u00e9ficas do filtro;<br \/>\nVII &#8211; N\u00e3o altera par\u00e2metros como pH ou dureza da \u00e1gua (KH\/GH);<br \/>\nVIII &#8211; F\u00f3rmula l\u00edquida de a\u00e7\u00e3o imediata e f\u00e1cil dosagem;<br \/>\nIX &#8211; Frasco de 30ml com alto rendimento (at\u00e9 240 L de \u00e1gua).<\/p>\n<p>Descri\u00e7\u00e3o:<br \/>\nPoytara AquaShield \u00e9 um condicionador completo para aqu\u00e1rios de \u00e1gua doce e marinhos, formulado para tratar a \u00e1gua da torneira com seguran\u00e7a e efici\u00eancia. Sua composi\u00e7\u00e3o neutraliza cloro, cloramina e metais pesados, al\u00e9m de conter subst\u00e2ncias que reduzem o estresse e protegem a mucosa dos peixes durante trocas de \u00e1gua, transporte ou aclimata\u00e7\u00e3o. \u00c9 ideal tanto para aquaristas iniciantes quanto avan\u00e7ados, pois atua tamb\u00e9m na preserva\u00e7\u00e3o das bact\u00e9rias ben\u00e9ficas do sistema, n\u00e3o interferindo no pH nem na dureza da \u00e1gua. O frasco de 30ml possui \u00f3timo rendimento e proporciona mais estabilidade e prote\u00e7\u00e3o em cada aplica\u00e7\u00e3o.<\/p>\n<p>Atributos do Produto:<br \/>\nMarca: Poytara<br \/>\nModelo: Aquashield 30ml<br \/>\nTipo de Pet: Peixes<br \/>\nTipo de \u00c1gua: Doce e Salgada<br \/>\nVolume L\u00edq. Produto (L): 0,03<br \/>\nRendimento: 240 L<br \/>\nComposi\u00e7\u00e3o|Formula\u00e7\u00e3o: Hidroximetanosulfinato de s\u00f3dio, hidrocol\u00f3ides org\u00e2nicos, sais inorg\u00e2nicos, conservante.<\/p>","protected":false},"excerpt":{"rendered":"<p>Descri\u00e7\u00e3o Principais Caracter\u00edsticas: I &#8211; Condicionador multifun\u00e7\u00e3o para \u00e1gua de aqu\u00e1rios de \u00e1gua doce e marinhos; II &#8211; Elimina cloro, cloramina, am\u00f4nia e metais pesados com seguran\u00e7a; III &#8211; Cont\u00e9m agentes que reduzem o estresse dos peixes; IV &#8211; Protege a mucosa e promove recupera\u00e7\u00e3o r\u00e1pida ap\u00f3s trocas; V &#8211; Ideal para uso em trocas [&hellip;]<\/p>\n","protected":false},"featured_media":1410786853,"comment_status":"open","ping_status":"closed","template":"","meta":{"googlesitekit_rrm_CAow0N7NCw:productID":"","content-type":"","pmpro_default_level":"","_themeisle_gutenberg_block_has_review":false},"product_brand":[380],"product_cat":[47],"product_tag":[],"class_list":{"0":"post-1410786854","1":"product","2":"type-product","3":"status-publish","4":"has-post-thumbnail","6":"product_brand-poytara","7":"product_cat-condicionadores-de-agua","8":"pmpro-has-access","10":"first","11":"instock","12":"taxable","13":"shipping-taxable","14":"purchasable","15":"product-type-simple"},"_links":{"self":[{"href":"https:\/\/dinhosreef.com\/en\/wp-json\/wp\/v2\/product\/1410786854","targetHints":{"allow":["GET"]}}],"collection":[{"href":"https:\/\/dinhosreef.com\/en\/wp-json\/wp\/v2\/product"}],"about":[{"href":"https:\/\/dinhosreef.com\/en\/wp-json\/wp\/v2\/types\/product"}],"replies":[{"embeddable":true,"href":"https:\/\/dinhosreef.com\/en\/wp-json\/wp\/v2\/comments?post=1410786854"}],"wp:featuredmedia":[{"embeddable":true,"href":"https:\/\/dinhosreef.com\/en\/wp-json\/wp\/v2\/media\/1410786853"}],"wp:attachment":[{"href":"https:\/\/dinhosreef.com\/en\/wp-json\/wp\/v2\/media?parent=1410786854"}],"wp:term":[{"taxonomy":"product_brand","embeddable":true,"href":"https:\/\/dinhosreef.com\/en\/wp-json\/wp\/v2\/product_brand?post=1410786854"},{"taxonomy":"product_cat","embeddable":true,"href":"https:\/\/dinhosreef.com\/en\/wp-json\/wp\/v2\/product_cat?post=1410786854"},{"taxonomy":"product_tag","embeddable":true,"href":"https:\/\/dinhosreef.com\/en\/wp-json\/wp\/v2\/product_tag?post=1410786854"}],"curies":[{"name":"wp","href":"https:\/\/api.w.org\/{rel}","templated":true}]}}