{"id":1410786858,"date":"2025-12-01T16:37:57","date_gmt":"2025-12-01T19:37:57","guid":{"rendered":"https:\/\/dinhosreef.com\/produto\/racao-para-peixes-poytara-immunity-black-line-90g\/"},"modified":"2026-03-05T22:26:55","modified_gmt":"2026-03-06T01:26:55","slug":"racao-para-peixes-poytara-immunity-black-line-90g","status":"publish","type":"product","link":"https:\/\/dinhosreef.com\/en\/product\/racao-para-peixes-poytara-immunity-black-line-90g\/","title":{"rendered":"Ra\u00e7\u00e3o para peixes Poytara Immunity Black Line 90g"},"content":{"rendered":"<p><span style=\"color: #666666; font-family: 'Proxima Nova', -apple-system, Roboto, Arial, sans-serif; font-size: 20px; background-color: #ffffff;\">A Immunity Black Line \u00e9 um alimento super premium, de alta digestibilidade e palatabilidade, em forma de crisps, para peixes de \u00e1gua doce e salgada de todas as esp\u00e9cies e fases de vida.<\/span><br style=\"color: #666666; font-family: 'Proxima Nova', -apple-system, Roboto, Arial, sans-serif; font-size: 20px; background-color: #ffffff;\" \/><span style=\"color: #666666; font-family: 'Proxima Nova', -apple-system, Roboto, Arial, sans-serif; font-size: 20px; background-color: #ffffff;\">Com o tamanho dos pellets com 1,5 mm atende uma ampla gama de esp\u00e9cies, onde os gr\u00e2nulos afundam lentamente tornando-se ideal para todos os peixes que se alimentam nas camadas intermedi\u00e1rias e no fundo, com aproveitamento integral de cada part\u00edcula.<\/span><br style=\"color: #666666; font-family: 'Proxima Nova', -apple-system, Roboto, Arial, sans-serif; font-size: 20px; background-color: #ffffff;\" \/><br style=\"color: #666666; font-family: 'Proxima Nova', -apple-system, Roboto, Arial, sans-serif; font-size: 20px; background-color: #ffffff;\" \/><span style=\"color: #666666; font-family: 'Proxima Nova', -apple-system, Roboto, Arial, sans-serif; font-size: 20px; background-color: #ffffff;\">Formulada com ingredientes naturais de a\u00e7\u00f5es funcionais que auxiliam na sa\u00fade e bem-estar dos peixes. Suplementada com fitoter\u00e1picos de a\u00e7\u00e3o anti-inflamat\u00f3ria, bacteriost\u00e1tica, antif\u00fangica e atuando tamb\u00e9m na preven\u00e7\u00e3o de ectoparasitas auxiliando na recupera\u00e7\u00e3o de peixes debilitados e ou submetidos \u00e0 algum tipo de estresse.<\/span><br style=\"color: #666666; font-family: 'Proxima Nova', -apple-system, Roboto, Arial, sans-serif; font-size: 20px; background-color: #ffffff;\" \/><span style=\"color: #666666; font-family: 'Proxima Nova', -apple-system, Roboto, Arial, sans-serif; font-size: 20px; background-color: #ffffff;\">T\u00eam em sua formula\u00e7\u00e3o algas marinhas, spirulina, ervilha e minerais org\u00e2nicos como fontes excepcionais de uma ampla gama de vitaminas, amino\u00e1cidos e in\u00fameros nutrientes necess\u00e1rios para o desenvolvimento do peixe, auxiliando no sistema imunol\u00f3gico.<\/span><br style=\"color: #666666; font-family: 'Proxima Nova', -apple-system, Roboto, Arial, sans-serif; font-size: 20px; background-color: #ffffff;\" \/><br style=\"color: #666666; font-family: 'Proxima Nova', -apple-system, Roboto, Arial, sans-serif; font-size: 20px; background-color: #ffffff;\" \/><span style=\"color: #666666; font-family: 'Proxima Nova', -apple-system, Roboto, Arial, sans-serif; font-size: 20px; background-color: #ffffff;\">O correto balanceamento de amino\u00e1cidos \u00e9 o fator que promove a todos os peixes a taxa de crescimento satisfat\u00f3ria e os n\u00edveis de lip\u00eddeos, de \u00d4mega 3 e das vitaminas receberam especial suplementa\u00e7\u00e3o.<\/span><br style=\"color: #666666; font-family: 'Proxima Nova', -apple-system, Roboto, Arial, sans-serif; font-size: 20px; background-color: #ffffff;\" \/><span style=\"color: #666666; font-family: 'Proxima Nova', -apple-system, Roboto, Arial, sans-serif; font-size: 20px; background-color: #ffffff;\">Tamb\u00e9m cont\u00eam probi\u00f3ticos, que auxiliam no sistema digestivo dos peixes, promovendo a m\u00e1xima absor\u00e7\u00e3o de nutrientes. E Nucleot\u00eddeos que s\u00e3o respons\u00e1veis por proporcionar efeitos ben\u00e9ficos sobre o sistema imune, crescimento e regenera\u00e7\u00e3o celular.<\/span><br style=\"color: #666666; font-family: 'Proxima Nova', -apple-system, Roboto, Arial, sans-serif; font-size: 20px; background-color: #ffffff;\" \/><br style=\"color: #666666; font-family: 'Proxima Nova', -apple-system, Roboto, Arial, sans-serif; font-size: 20px; background-color: #ffffff;\" \/><span style=\"color: #666666; font-family: 'Proxima Nova', -apple-system, Roboto, Arial, sans-serif; font-size: 20px; background-color: #ffffff;\">Um diferencial expressivo da Immunity Black Line \u00e9 que em sua formula\u00e7\u00e3o n\u00e3o tem a presen\u00e7a de transg\u00eanicos e corantes artificiais, proporcionando uma alimenta\u00e7\u00e3o mais saud\u00e1vel a seus peixes.<\/span><br style=\"color: #666666; font-family: 'Proxima Nova', -apple-system, Roboto, Arial, sans-serif; font-size: 20px; background-color: #ffffff;\" \/><br style=\"color: #666666; font-family: 'Proxima Nova', -apple-system, Roboto, Arial, sans-serif; font-size: 20px; background-color: #ffffff;\" \/><span style=\"color: #666666; font-family: 'Proxima Nova', -apple-system, Roboto, Arial, sans-serif; font-size: 20px; background-color: #ffffff;\">Modo de Usar<\/span><br style=\"color: #666666; font-family: 'Proxima Nova', -apple-system, Roboto, Arial, sans-serif; font-size: 20px; background-color: #ffffff;\" \/><span style=\"color: #666666; font-family: 'Proxima Nova', -apple-system, Roboto, Arial, sans-serif; font-size: 20px; background-color: #ffffff;\">Alimento completo e com propriedades imunoestimulantes que pode ser utilizado como suplemento \u00e0s demais ra\u00e7\u00f5es Poytara uma vez ao dia em pequenas quantidades que possam ser consumidas em poucos minutos. Em situa\u00e7\u00f5es de estresse, baixa imunidade e presen\u00e7a de poss\u00edveis pat\u00f3genos, a Poytara Immunity pode ser utilizada como alimento \u00fanico at\u00e9 a total recupera\u00e7\u00e3o do peixe, auxiliando a recupera\u00e7\u00e3o e promovendo um melhor bem-estar dos peixes.<\/span><br style=\"color: #666666; font-family: 'Proxima Nova', -apple-system, Roboto, Arial, sans-serif; font-size: 20px; background-color: #ffffff;\" \/><br style=\"color: #666666; font-family: 'Proxima Nova', -apple-system, Roboto, Arial, sans-serif; font-size: 20px; background-color: #ffffff;\" \/><span style=\"color: #666666; font-family: 'Proxima Nova', -apple-system, Roboto, Arial, sans-serif; font-size: 20px; background-color: #ffffff;\">Embalagem: Frasco 90G<\/span><\/p>","protected":false},"excerpt":{"rendered":"<p>A Immunity Black Line \u00e9 um alimento super premium, de alta digestibilidade e palatabilidade, em forma de crisps, para peixes de \u00e1gua doce e salgada de todas as esp\u00e9cies e fases de vida.Com o tamanho dos pellets com 1,5 mm atende uma ampla gama de esp\u00e9cies, onde os gr\u00e2nulos afundam lentamente tornando-se ideal para todos [&hellip;]<\/p>\n","protected":false},"featured_media":1410786857,"comment_status":"open","ping_status":"closed","template":"","meta":{"googlesitekit_rrm_CAow0N7NCw:productID":"","content-type":"","pmpro_default_level":"","_themeisle_gutenberg_block_has_review":false},"product_brand":[380],"product_cat":[365],"product_tag":[],"class_list":{"0":"post-1410786858","1":"product","2":"type-product","3":"status-publish","4":"has-post-thumbnail","6":"product_brand-poytara","7":"product_cat-racao-alimentos-peixes-pet-shop","8":"pmpro-has-access","10":"first","11":"instock","12":"taxable","13":"shipping-taxable","14":"purchasable","15":"product-type-simple"},"_links":{"self":[{"href":"https:\/\/dinhosreef.com\/en\/wp-json\/wp\/v2\/product\/1410786858","targetHints":{"allow":["GET"]}}],"collection":[{"href":"https:\/\/dinhosreef.com\/en\/wp-json\/wp\/v2\/product"}],"about":[{"href":"https:\/\/dinhosreef.com\/en\/wp-json\/wp\/v2\/types\/product"}],"replies":[{"embeddable":true,"href":"https:\/\/dinhosreef.com\/en\/wp-json\/wp\/v2\/comments?post=1410786858"}],"wp:featuredmedia":[{"embeddable":true,"href":"https:\/\/dinhosreef.com\/en\/wp-json\/wp\/v2\/media\/1410786857"}],"wp:attachment":[{"href":"https:\/\/dinhosreef.com\/en\/wp-json\/wp\/v2\/media?parent=1410786858"}],"wp:term":[{"taxonomy":"product_brand","embeddable":true,"href":"https:\/\/dinhosreef.com\/en\/wp-json\/wp\/v2\/product_brand?post=1410786858"},{"taxonomy":"product_cat","embeddable":true,"href":"https:\/\/dinhosreef.com\/en\/wp-json\/wp\/v2\/product_cat?post=1410786858"},{"taxonomy":"product_tag","embeddable":true,"href":"https:\/\/dinhosreef.com\/en\/wp-json\/wp\/v2\/product_tag?post=1410786858"}],"curies":[{"name":"wp","href":"https:\/\/api.w.org\/{rel}","templated":true}]}}