{"id":1410786963,"date":"2025-12-11T10:40:29","date_gmt":"2025-12-11T13:40:29","guid":{"rendered":"https:\/\/dinhosreef.com\/produto\/vermifugo-drontal-plus-sabor-carne-p-caes-10kg-2-comp\/"},"modified":"2026-03-28T10:13:09","modified_gmt":"2026-03-28T13:13:09","slug":"vermifugo-drontal-plus-sabor-carne-p-caes-10kg-2-comp","status":"publish","type":"product","link":"https:\/\/dinhosreef.com\/en\/product\/vermifugo-drontal-plus-sabor-carne-p-caes-10kg-2-comp\/","title":{"rendered":"VERM\u00cdFUGO DRONTAL PLUS SABOR CARNE P\/ C\u00c3ES 10KG &#8211; 2 COMP"},"content":{"rendered":"<div class=\"row-fluid descricao-new\">\n<div class=\"descricao-titulo padrao-desc\"><strong>Sobre o produto<\/strong><\/div>\n<div class=\"box-descricao\">\n<div class=\"span12\">\n<div id=\"smarthint-product-position1\"><\/div>\n<div id=\"blank-product-position1\"><\/div>\n<div class=\"abas-custom\">\n<div class=\"tab-content\">\n<div id=\"descricao\" class=\"tab-pane active\">\n<p><strong>Verm\u00edfugo Drontal Plus Sabor Carne para C\u00e3es at\u00e9 10Kg &#8211; 2 Comprimidos<\/strong><br \/>Os vermes podem causar v\u00e1rios problemas de sa\u00fade em c\u00e3es adultos e filhotes, e alguns podem at\u00e9 causar doen\u00e7as nas pessoas. Por isso, \u00e9 importante garantir que seu c\u00e3o seja vermifugado periodicamente. O verm\u00edfugo Drontal\u00ae Plus Sabor Carne age r\u00e1pido para combater os vermes intestinais. O tratamento peri\u00f3dico ajudar\u00e1 a combater os vermes para manter seu c\u00e3o e sua fam\u00edlia felizes e saud\u00e1veis. Drontal\u00ae para c\u00e3es est\u00e1 dispon\u00edvel na forma de comprimidos no sabor carne.<\/p>\n<p><strong>Drontal \u00ae combate os vermes rapidamente<\/strong><br \/>O verm\u00edfugo em comprimidos Drontal\u00ae C\u00e3es age r\u00e1pido para combater os vermes intestinais. Eficaz contra verme chatos e redondos, os comprimidos Drontal\u00ae Plus Sabor Carne cont\u00eam tr\u00eas ingredientes ativos que trabalham em conjunto para matar os parasitas intestinais.<br \/>O Drontal\u00ae Plus Sabor Carne, formulado para melhorar a palatabilidade, \u00e9 f\u00e1cil de administrar em um \u00fanico comprimido com sabor de carne. Pode ser administrado com ou sem alimentos e age r\u00e1pido para combater os vermes no seu c\u00e3o.<br \/>O tratamento peri\u00f3dico ajudar\u00e1 a combater os vermes para manter seu c\u00e3o feliz e saud\u00e1vel.<\/p>\n<p><strong>Trata:\u00a0<\/strong>Vermes intestinais (chatos e redondos) e gi\u00e1rdia<br \/><strong>Tipo de pet:\u00a0<\/strong>C\u00e3es adultos e filhotes a partir de 2 semanas<br \/>Delicioso sabor carne, de f\u00e1cil aceita\u00e7\u00e3o;<br \/>Elimina em dose \u00fanica os cestoides e nemat\u00f3deos;<br \/>Os adultos podem ser vermifugados a cada tr\u00eas meses;<br \/>Extermina em tr\u00eas doses a Gi\u00e1rdia presente no intestino do c\u00e3o;<br \/>Os filhotes podem ser tratados durante a lacta\u00e7\u00e3o e ap\u00f3s o desmame, com 2, 4, 8 e 12 semanas, e aos 4, 5 e 6 meses.<\/p>\n<p>* Consulte sempre o M\u00e9dico Veterin\u00e1rio de sua confian\u00e7a para o uso apropriado deste produto. Leia a bula ou informa\u00e7\u00f5es descritas na embalagem.<\/p>\n<p><strong>Como o Drontal\u00ae Plus Sabor Carne \u00e9 administrado?<\/strong><br \/>1 comprimido de 776,5mg trata 10Kg de peso<\/p>\n<p>O esquema abaixo fornece as doses recomendadas para as diferentes faixas de peso dos c\u00e3es:<br \/>Posologia &#8211; comprimido que trata 10 Kg<\/p>\n<p>C\u00e3es at\u00e9 2,0Kg &#8211; 1\/4 de comprimido<br \/>C\u00e3es de 2,1 a 5Kg &#8211; 1\/2 de comprimido<br \/>C\u00e3es de 5,1 a 10Kg &#8211; 1 comprimido<\/p>\n<p><strong>Como o verm\u00edfugo em comprimidos Drontal\u00ae Plus Sabor Carne funciona?<\/strong><br \/>Os c\u00e3es podem adquirir intestinais ao ingerir ovos ou larvas de vermes no ambiente, ou at\u00e9 mesmo ao engolir pulgas. Os filhotes costumam contrair vermes de sua m\u00e3e e podem j\u00e1 nascer com eles ou adquirem durante a amamenta\u00e7\u00e3o.<br \/>Os vermes se reproduzem e crescem no organismo do c\u00e3o. Os vermes \u00e0s vezes causam letargia, diarreia, v\u00f4mito e perda de peso. Mas muitas vezes os c\u00e3es n\u00e3o mostram sinais externos evidentes.<br \/>Drontal\u00ae C\u00e3es comprovadamente combate todos os tipos de vermes intestinais comumente encontrados em c\u00e3es de forma r\u00e1pida e eficaz, ajudando a manter seu c\u00e3o saud\u00e1vel e feliz. Voc\u00ea pode confiar em Drontal\u00ae para acabar com os vermes intestinais. Trate seu c\u00e3o com Drontal\u00ae (que pode ser administrado com ou sem alimentos) a cada tr\u00eas meses para ajudar a combater vermes intestinais.<\/p>\n<\/p><\/div>\n<\/p><\/div>\n<\/p><\/div>\n<\/p><\/div>\n<\/p><\/div>\n<\/p><\/div>","protected":false},"excerpt":{"rendered":"<p>Sobre o produto Verm\u00edfugo Drontal Plus Sabor Carne para C\u00e3es at\u00e9 10Kg &#8211; 2 ComprimidosOs vermes podem causar v\u00e1rios problemas de sa\u00fade em c\u00e3es adultos e filhotes, e alguns podem at\u00e9 causar doen\u00e7as nas pessoas. Por isso, \u00e9 importante garantir que seu c\u00e3o seja vermifugado periodicamente. O verm\u00edfugo Drontal\u00ae Plus Sabor Carne age r\u00e1pido para [&hellip;]<\/p>\n","protected":false},"featured_media":1410786962,"comment_status":"open","ping_status":"closed","template":"","meta":{"googlesitekit_rrm_CAow0N7NCw:productID":"","content-type":"","pmpro_default_level":"","_themeisle_gutenberg_block_has_review":false},"product_brand":[],"product_cat":[367],"product_tag":[],"class_list":{"0":"post-1410786963","1":"product","2":"type-product","3":"status-publish","4":"has-post-thumbnail","6":"product_cat-suplementos-e-vitaminas","7":"pmpro-has-access","9":"first","10":"outofstock","11":"taxable","12":"shipping-taxable","13":"purchasable","14":"product-type-simple"},"_links":{"self":[{"href":"https:\/\/dinhosreef.com\/en\/wp-json\/wp\/v2\/product\/1410786963","targetHints":{"allow":["GET"]}}],"collection":[{"href":"https:\/\/dinhosreef.com\/en\/wp-json\/wp\/v2\/product"}],"about":[{"href":"https:\/\/dinhosreef.com\/en\/wp-json\/wp\/v2\/types\/product"}],"replies":[{"embeddable":true,"href":"https:\/\/dinhosreef.com\/en\/wp-json\/wp\/v2\/comments?post=1410786963"}],"wp:featuredmedia":[{"embeddable":true,"href":"https:\/\/dinhosreef.com\/en\/wp-json\/wp\/v2\/media\/1410786962"}],"wp:attachment":[{"href":"https:\/\/dinhosreef.com\/en\/wp-json\/wp\/v2\/media?parent=1410786963"}],"wp:term":[{"taxonomy":"product_brand","embeddable":true,"href":"https:\/\/dinhosreef.com\/en\/wp-json\/wp\/v2\/product_brand?post=1410786963"},{"taxonomy":"product_cat","embeddable":true,"href":"https:\/\/dinhosreef.com\/en\/wp-json\/wp\/v2\/product_cat?post=1410786963"},{"taxonomy":"product_tag","embeddable":true,"href":"https:\/\/dinhosreef.com\/en\/wp-json\/wp\/v2\/product_tag?post=1410786963"}],"curies":[{"name":"wp","href":"https:\/\/api.w.org\/{rel}","templated":true}]}}