{"id":1410786965,"date":"2025-12-11T10:40:41","date_gmt":"2025-12-11T13:40:41","guid":{"rendered":"https:\/\/dinhosreef.com\/produto\/vermifugo-drontal-p-gatos-4-comprimidos-339mg\/"},"modified":"2026-04-20T09:15:48","modified_gmt":"2026-04-20T12:15:48","slug":"vermifugo-drontal-p-gatos-4-comprimidos-339mg","status":"publish","type":"product","link":"https:\/\/dinhosreef.com\/en\/product\/vermifugo-drontal-p-gatos-4-comprimidos-339mg\/","title":{"rendered":"VERM\u00cdFUGO DRONTAL P\/ GATOS 4 COMPRIMIDOS- 339MG"},"content":{"rendered":"<p>O\u00a0<strong>Verm\u00edfugo\u00a0<a href=\"https:\/\/www.petlove.com.br\/marcas\/drontal\" target=\"_blank\" rel=\"noopener\">Drontal<\/a>\u00a0Gatos<\/strong> mant\u00e9m seu gato protegido contra os vermes intestinais redondos e achatados. Conhecendo as particularidades dos gatos, os comprimidos de Drontal\u00ae Gatos foram desenvolvidos em formato el\u00edptico e revestidos por silicone para uma administra\u00e7\u00e3o mais f\u00e1cil e sem estresse. Drontal\u00ae gatos possui a combina\u00e7\u00e3o eficaz de praziquantel e pamoato de pirantel, potentes ativos no combate aos principais vermes redondos, como Ancylostoma braziliense, Ancylostoma tubaeforme, Toxocara cati e Toxascaris leonina, al\u00e9m de sua a\u00e7\u00e3o contra vermes achatados, dentre eles, Dipylidium caninum, Echinococcus granulosus. Echinococcus multiloculari, Joyeuxiella pasqualei, Mesocestoides spp. e Taenia spp. Escolha a melhor op\u00e7\u00e3o em vermifuga\u00e7\u00e3o para o seu gato, medicamento seguro para filhotes a partir de 15 dias de vida, f\u00eameas gestantes e lactantes. Um tratamento elimina os principais vermes dos gatos e a vermifuga\u00e7\u00e3o frequente contribui para a sa\u00fade e bem estar do seu melhor amigo. Recomenda-se o uso de Drontal a cada 3 meses ou a crit\u00e9rio do m\u00e9dico veterin\u00e1rio.<\/p>","protected":false},"excerpt":{"rendered":"<p>O\u00a0Verm\u00edfugo\u00a0Drontal\u00a0Gatos mant\u00e9m seu gato protegido contra os vermes intestinais redondos e achatados. Conhecendo as particularidades dos gatos, os comprimidos de Drontal\u00ae Gatos foram desenvolvidos em formato el\u00edptico e revestidos por silicone para uma administra\u00e7\u00e3o mais f\u00e1cil e sem estresse. Drontal\u00ae gatos possui a combina\u00e7\u00e3o eficaz de praziquantel e pamoato de pirantel, potentes ativos no combate [&hellip;]<\/p>\n","protected":false},"featured_media":1410786964,"comment_status":"open","ping_status":"closed","template":"","meta":{"googlesitekit_rrm_CAow0N7NCw:productID":"","content-type":"","pmpro_default_level":"","_themeisle_gutenberg_block_has_review":false},"product_brand":[],"product_cat":[382],"product_tag":[],"class_list":{"0":"post-1410786965","1":"product","2":"type-product","3":"status-publish","4":"has-post-thumbnail","6":"product_cat-tratamento-anti-pulgas","7":"pmpro-has-access","9":"first","10":"instock","11":"taxable","12":"shipping-taxable","13":"purchasable","14":"product-type-simple"},"_links":{"self":[{"href":"https:\/\/dinhosreef.com\/en\/wp-json\/wp\/v2\/product\/1410786965","targetHints":{"allow":["GET"]}}],"collection":[{"href":"https:\/\/dinhosreef.com\/en\/wp-json\/wp\/v2\/product"}],"about":[{"href":"https:\/\/dinhosreef.com\/en\/wp-json\/wp\/v2\/types\/product"}],"replies":[{"embeddable":true,"href":"https:\/\/dinhosreef.com\/en\/wp-json\/wp\/v2\/comments?post=1410786965"}],"wp:featuredmedia":[{"embeddable":true,"href":"https:\/\/dinhosreef.com\/en\/wp-json\/wp\/v2\/media\/1410786964"}],"wp:attachment":[{"href":"https:\/\/dinhosreef.com\/en\/wp-json\/wp\/v2\/media?parent=1410786965"}],"wp:term":[{"taxonomy":"product_brand","embeddable":true,"href":"https:\/\/dinhosreef.com\/en\/wp-json\/wp\/v2\/product_brand?post=1410786965"},{"taxonomy":"product_cat","embeddable":true,"href":"https:\/\/dinhosreef.com\/en\/wp-json\/wp\/v2\/product_cat?post=1410786965"},{"taxonomy":"product_tag","embeddable":true,"href":"https:\/\/dinhosreef.com\/en\/wp-json\/wp\/v2\/product_tag?post=1410786965"}],"curies":[{"name":"wp","href":"https:\/\/api.w.org\/{rel}","templated":true}]}}