{"id":1410786973,"date":"2025-12-11T14:56:29","date_gmt":"2025-12-11T17:56:29","guid":{"rendered":"https:\/\/dinhosreef.com\/produto\/credeli-antipulgas-p-caes-900mg-1-comprimido\/"},"modified":"2025-12-11T14:56:29","modified_gmt":"2025-12-11T17:56:29","slug":"credeli-antipulgas-p-caes-900mg-1-comprimido","status":"publish","type":"product","link":"https:\/\/dinhosreef.com\/en\/product\/credeli-antipulgas-p-caes-900mg-1-comprimido\/","title":{"rendered":"CREDELI ANTIPULGAS P\/ C\u00c3ES 900MG &#8211; 1 COMPRIMIDO"},"content":{"rendered":"<h3 data-start=\"116\" data-end=\"167\"><strong data-start=\"120\" data-end=\"165\">Credeli 900 mg \u2013 1 Comprimido (1 Bl\u00edster)<\/strong><\/h3>\n<p data-start=\"168\" data-end=\"359\">O <strong data-start=\"170\" data-end=\"188\">Credeli 900 mg<\/strong> \u00e9 um comprimido de uso veterin\u00e1rio indicado para c\u00e3es, desenvolvido para auxiliar no controle de parasitas externos que podem comprometer o conforto e a sa\u00fade do seu pet.<\/p>\n<p data-start=\"361\" data-end=\"525\"><strong data-start=\"363\" data-end=\"386\">Alta palatabilidade<\/strong><br data-start=\"386\" data-end=\"389\"><strong data-start=\"391\" data-end=\"419\">F\u00e1cil administra\u00e7\u00e3o oral<\/strong><br data-start=\"419\" data-end=\"422\"><strong data-start=\"424\" data-end=\"466\">Embalagem com 1 comprimido (1 bl\u00edster)<\/strong><br data-start=\"466\" data-end=\"469\"><strong data-start=\"471\" data-end=\"525\">Indicado conforme orienta\u00e7\u00e3o do m\u00e9dico-veterin\u00e1rio<\/strong><\/p>\n<p data-start=\"527\" data-end=\"697\">O produto \u00e9 reconhecido por sua praticidade e efici\u00eancia, sendo ideal para tutores que buscam uma solu\u00e7\u00e3o moderna e confi\u00e1vel para manter seu c\u00e3o protegido e bem cuidado.<\/p>\n<p><strong>C\u00e3es &gt;22,0 a 45,0kg<\/strong><\/p>\n<p data-start=\"699\" data-end=\"793\"><strong data-start=\"699\" data-end=\"711\">Aten\u00e7\u00e3o:<\/strong> Utilize o produto somente sob recomenda\u00e7\u00e3o e prescri\u00e7\u00e3o de um m\u00e9dico-veterin\u00e1rio.<\/p>","protected":false},"excerpt":{"rendered":"<p>Credeli 900 mg \u2013 1 Comprimido (1 Bl\u00edster) O Credeli 900 mg \u00e9 um comprimido de uso veterin\u00e1rio indicado para c\u00e3es, desenvolvido para auxiliar no controle de parasitas externos que podem comprometer o conforto e a sa\u00fade do seu pet. Alta palatabilidadeF\u00e1cil administra\u00e7\u00e3o oralEmbalagem com 1 comprimido (1 bl\u00edster)Indicado conforme orienta\u00e7\u00e3o do m\u00e9dico-veterin\u00e1rio O produto [&hellip;]<\/p>\n","protected":false},"featured_media":1410786972,"comment_status":"open","ping_status":"closed","template":"","meta":{"googlesitekit_rrm_CAow0N7NCw:productID":"","content-type":"","pmpro_default_level":"","_themeisle_gutenberg_block_has_review":false},"product_brand":[],"product_cat":[367],"product_tag":[],"class_list":{"0":"post-1410786973","1":"product","2":"type-product","3":"status-publish","4":"has-post-thumbnail","6":"product_cat-suplementos-e-vitaminas","7":"pmpro-has-access","9":"first","10":"instock","11":"taxable","12":"shipping-taxable","13":"purchasable","14":"product-type-simple"},"_links":{"self":[{"href":"https:\/\/dinhosreef.com\/en\/wp-json\/wp\/v2\/product\/1410786973","targetHints":{"allow":["GET"]}}],"collection":[{"href":"https:\/\/dinhosreef.com\/en\/wp-json\/wp\/v2\/product"}],"about":[{"href":"https:\/\/dinhosreef.com\/en\/wp-json\/wp\/v2\/types\/product"}],"replies":[{"embeddable":true,"href":"https:\/\/dinhosreef.com\/en\/wp-json\/wp\/v2\/comments?post=1410786973"}],"wp:featuredmedia":[{"embeddable":true,"href":"https:\/\/dinhosreef.com\/en\/wp-json\/wp\/v2\/media\/1410786972"}],"wp:attachment":[{"href":"https:\/\/dinhosreef.com\/en\/wp-json\/wp\/v2\/media?parent=1410786973"}],"wp:term":[{"taxonomy":"product_brand","embeddable":true,"href":"https:\/\/dinhosreef.com\/en\/wp-json\/wp\/v2\/product_brand?post=1410786973"},{"taxonomy":"product_cat","embeddable":true,"href":"https:\/\/dinhosreef.com\/en\/wp-json\/wp\/v2\/product_cat?post=1410786973"},{"taxonomy":"product_tag","embeddable":true,"href":"https:\/\/dinhosreef.com\/en\/wp-json\/wp\/v2\/product_tag?post=1410786973"}],"curies":[{"name":"wp","href":"https:\/\/api.w.org\/{rel}","templated":true}]}}