{"id":1410786981,"date":"2025-12-11T15:43:06","date_gmt":"2025-12-11T18:43:06","guid":{"rendered":"https:\/\/dinhosreef.com\/produto\/antipulgas-advocate-p-gatos-08ml-3-bisnagas\/"},"modified":"2026-04-08T11:53:01","modified_gmt":"2026-04-08T14:53:01","slug":"antipulgas-advocate-p-gatos-08ml-3-bisnagas","status":"publish","type":"product","link":"https:\/\/dinhosreef.com\/en\/product\/antipulgas-advocate-p-gatos-08ml-3-bisnagas\/","title":{"rendered":"ANTIPULGAS ADVOCATE P\/GATOS 0,8ML- 3 BISNAGAS"},"content":{"rendered":"<p>Advocate protege os gatos por dentro e por fora. Com sua exclusiva f\u00f3rmula de apliaca\u00e7\u00e3o t\u00f3pica, combina em uma dose mensal, tratamento contra pulgas, vermes, sarnas, preven\u00e7\u00e3o do verme do cora\u00e7\u00e3o e continua eliminando novas pulgas por pelo menos 4 semanas.<\/p>","protected":false},"excerpt":{"rendered":"<p>Advocate protege os gatos por dentro e por fora. Com sua exclusiva f\u00f3rmula de apliaca\u00e7\u00e3o t\u00f3pica, combina em uma dose mensal, tratamento contra pulgas, vermes, sarnas, preven\u00e7\u00e3o do verme do cora\u00e7\u00e3o e continua eliminando novas pulgas por pelo menos 4 semanas.<\/p>","protected":false},"featured_media":1410786980,"comment_status":"open","ping_status":"closed","template":"","meta":{"googlesitekit_rrm_CAow0N7NCw:productID":"","content-type":"","pmpro_default_level":"","_themeisle_gutenberg_block_has_review":false},"product_brand":[],"product_cat":[382],"product_tag":[],"class_list":{"0":"post-1410786981","1":"product","2":"type-product","3":"status-publish","4":"has-post-thumbnail","6":"product_cat-tratamento-anti-pulgas","7":"pmpro-has-access","9":"first","10":"outofstock","11":"taxable","12":"shipping-taxable","13":"purchasable","14":"product-type-simple"},"_links":{"self":[{"href":"https:\/\/dinhosreef.com\/en\/wp-json\/wp\/v2\/product\/1410786981","targetHints":{"allow":["GET"]}}],"collection":[{"href":"https:\/\/dinhosreef.com\/en\/wp-json\/wp\/v2\/product"}],"about":[{"href":"https:\/\/dinhosreef.com\/en\/wp-json\/wp\/v2\/types\/product"}],"replies":[{"embeddable":true,"href":"https:\/\/dinhosreef.com\/en\/wp-json\/wp\/v2\/comments?post=1410786981"}],"wp:featuredmedia":[{"embeddable":true,"href":"https:\/\/dinhosreef.com\/en\/wp-json\/wp\/v2\/media\/1410786980"}],"wp:attachment":[{"href":"https:\/\/dinhosreef.com\/en\/wp-json\/wp\/v2\/media?parent=1410786981"}],"wp:term":[{"taxonomy":"product_brand","embeddable":true,"href":"https:\/\/dinhosreef.com\/en\/wp-json\/wp\/v2\/product_brand?post=1410786981"},{"taxonomy":"product_cat","embeddable":true,"href":"https:\/\/dinhosreef.com\/en\/wp-json\/wp\/v2\/product_cat?post=1410786981"},{"taxonomy":"product_tag","embeddable":true,"href":"https:\/\/dinhosreef.com\/en\/wp-json\/wp\/v2\/product_tag?post=1410786981"}],"curies":[{"name":"wp","href":"https:\/\/api.w.org\/{rel}","templated":true}]}}