{"id":1410786983,"date":"2025-12-11T17:30:22","date_gmt":"2025-12-11T20:30:22","guid":{"rendered":"https:\/\/dinhosreef.com\/produto\/advocate-antipulgas-p-gatos-1-bisnaga-04ml\/"},"modified":"2026-03-31T12:28:01","modified_gmt":"2026-03-31T15:28:01","slug":"advocate-antipulgas-p-gatos-1-bisnaga-04ml","status":"publish","type":"product","link":"https:\/\/dinhosreef.com\/en\/product\/advocate-antipulgas-p-gatos-1-bisnaga-04ml\/","title":{"rendered":"ADVOCATE ANTIPULGAS P\/ GATOS 1 BISNAGA &#8211; 0,4ML"},"content":{"rendered":"<p><strong>Antipulgas Advocate para Gatos de at\u00e9 4kg 1 Bisnaga avulsa de 0,4 mL &#8211; Elanco<\/strong><\/p>\n<p>&#8211; Aplica\u00e7\u00e3o pr\u00e1tica;<br \/>&#8211; Previne a Dirofilariose;<br \/>&#8211; Auxilia a desinfesta\u00e7\u00e3o do ambiente;<br \/>&#8211; A\u00e7\u00e3o imediata sem precisar picar o animal;<br \/>&#8211; Eficaz no tratamento contra pulgas por 4 semanas;<br \/>&#8211; Pode ser aplicado logo ap\u00f3s o banho e tosa, com o pelo seco;<br \/>&#8211; Trata e previne os principais vermes intestinais redondos de c\u00e3es e gatos;<br \/>&#8211; A partir de 7 semanas de vida do c\u00e3o\/ A partir de 9 semanas de vida do gato;<br \/>&#8211; Indicado para o tratamento de sarnas: sarc\u00f3ptica, demod\u00e9cica e otod\u00e9cica.<\/p>\n<p>* Consulte sempre o M\u00e9dico Veterin\u00e1rio de sua confian\u00e7a para o uso apropriado deste produto. Leia a bula ou informa\u00e7\u00f5es descritas na embalagem.<\/p>\n<p><strong>Modo de Usar:<\/strong><br \/>Dar o banho e secar bem os pelos, aplicar o produto em seguida, uma vez que o pelo e a pele estejam totalmente secos; (produto de sabor amargo), pode ocorrer saliva\u00e7\u00e3o se os gatos lamberem o local da aplica\u00e7\u00e3o. Em caso de irrita\u00e7\u00e3o, desconforto ou sensibilidade, o gato deve ser lavado, com \u00e1gua morna e sab\u00e3o neutro em abund\u00e2ncia, pelo menos tr\u00eas vezes seguidas para remo\u00e7\u00e3o do produto.<\/p>\n<p>O produto pode ser usado seguramente em f\u00eameas em qualquer fase da gesta\u00e7\u00e3o ou da lacta\u00e7\u00e3o, em gatos jovens (a partir de nove semanas de idade) e idosos. O tratamento de animais fracos e debilitados deve ser criteriosamente avaliado pelo M\u00e9dico Veterin\u00e1rio.<\/p>\n<p>Caso tenha outros animais no local, \u00e9 recomendado que os mesmos sejam separados.<\/p>\n<p>Venda sob prescri\u00e7\u00e3o do m\u00e9dico veterin\u00e1rio.<br \/>LEVE SEU GATO REGULARMENTE AO VETERIN\u00c1RIO<\/p>\n<p>INDICA\u00c7\u00c3O: Gatos<br \/>PORTE: Grande, M\u00e9dio, Pequeno<br \/>IDADE: Adultos, Filhotes, Idosos<\/p>\n<p>Cada 1 mL da Bisnaga cont\u00e9m:<br \/>&#8211; Imidacloprida: 100 mg<br \/>&#8211; Moxidectina: 10 mg<br \/>&#8211; Ve\u00edculo q.s.p: 1 mL<\/p>","protected":false},"excerpt":{"rendered":"<p>Antipulgas Advocate para Gatos de at\u00e9 4kg 1 Bisnaga avulsa de 0,4 mL &#8211; Elanco &#8211; Aplica\u00e7\u00e3o pr\u00e1tica;&#8211; Previne a Dirofilariose;&#8211; Auxilia a desinfesta\u00e7\u00e3o do ambiente;&#8211; A\u00e7\u00e3o imediata sem precisar picar o animal;&#8211; Eficaz no tratamento contra pulgas por 4 semanas;&#8211; Pode ser aplicado logo ap\u00f3s o banho e tosa, com o pelo seco;&#8211; Trata [&hellip;]<\/p>\n","protected":false},"featured_media":1410786982,"comment_status":"open","ping_status":"closed","template":"","meta":{"googlesitekit_rrm_CAow0N7NCw:productID":"","content-type":"","pmpro_default_level":"","_themeisle_gutenberg_block_has_review":false},"product_brand":[],"product_cat":[382],"product_tag":[],"class_list":{"0":"post-1410786983","1":"product","2":"type-product","3":"status-publish","4":"has-post-thumbnail","6":"product_cat-tratamento-anti-pulgas","7":"pmpro-has-access","9":"first","10":"outofstock","11":"taxable","12":"shipping-taxable","13":"purchasable","14":"product-type-simple"},"_links":{"self":[{"href":"https:\/\/dinhosreef.com\/en\/wp-json\/wp\/v2\/product\/1410786983","targetHints":{"allow":["GET"]}}],"collection":[{"href":"https:\/\/dinhosreef.com\/en\/wp-json\/wp\/v2\/product"}],"about":[{"href":"https:\/\/dinhosreef.com\/en\/wp-json\/wp\/v2\/types\/product"}],"replies":[{"embeddable":true,"href":"https:\/\/dinhosreef.com\/en\/wp-json\/wp\/v2\/comments?post=1410786983"}],"wp:featuredmedia":[{"embeddable":true,"href":"https:\/\/dinhosreef.com\/en\/wp-json\/wp\/v2\/media\/1410786982"}],"wp:attachment":[{"href":"https:\/\/dinhosreef.com\/en\/wp-json\/wp\/v2\/media?parent=1410786983"}],"wp:term":[{"taxonomy":"product_brand","embeddable":true,"href":"https:\/\/dinhosreef.com\/en\/wp-json\/wp\/v2\/product_brand?post=1410786983"},{"taxonomy":"product_cat","embeddable":true,"href":"https:\/\/dinhosreef.com\/en\/wp-json\/wp\/v2\/product_cat?post=1410786983"},{"taxonomy":"product_tag","embeddable":true,"href":"https:\/\/dinhosreef.com\/en\/wp-json\/wp\/v2\/product_tag?post=1410786983"}],"curies":[{"name":"wp","href":"https:\/\/api.w.org\/{rel}","templated":true}]}}