{"id":1410786987,"date":"2025-12-11T17:30:35","date_gmt":"2025-12-11T20:30:35","guid":{"rendered":"https:\/\/dinhosreef.com\/produto\/credeli-antipulgas-p-caes-112-5mg-1-comprimido\/"},"modified":"2026-04-21T21:48:05","modified_gmt":"2026-04-22T00:48:05","slug":"credeli-antipulgas-p-caes-112-5mg-1-comprimido","status":"publish","type":"product","link":"https:\/\/dinhosreef.com\/en\/product\/credeli-antipulgas-p-caes-112-5mg-1-comprimido\/","title":{"rendered":"CREDELI ANTIPULGAS P\/ C\u00c3ES 112.5MG &#8211; 1 COMPRIMIDO"},"content":{"rendered":"<ul>\n<li>Indicado para c\u00e3es entre 2,5 a 5,5kg;<\/li>\n<li>Comprimido mastig\u00e1vel;<\/li>\n<li>Combate carrapato-estrela;<\/li>\n<li>Com 1 e 3 comprimidos;<\/li>\n<li>A\u00e7\u00e3o e prote\u00e7\u00e3o;<\/li>\n<li>M\u00e1ximo de seguran\u00e7a;<\/li>\n<li><strong>PRODUTO ORIGINAL.<\/strong><\/li>\n<\/ul>","protected":false},"excerpt":{"rendered":"<p>Indicado para c\u00e3es entre 2,5 a 5,5kg; Comprimido mastig\u00e1vel; Combate carrapato-estrela; Com 1 e 3 comprimidos; A\u00e7\u00e3o e prote\u00e7\u00e3o; M\u00e1ximo de seguran\u00e7a; PRODUTO ORIGINAL.<\/p>","protected":false},"featured_media":1410786986,"comment_status":"open","ping_status":"closed","template":"","meta":{"googlesitekit_rrm_CAow0N7NCw:productID":"","content-type":"","pmpro_default_level":"","_themeisle_gutenberg_block_has_review":false},"product_brand":[],"product_cat":[367],"product_tag":[],"class_list":{"0":"post-1410786987","1":"product","2":"type-product","3":"status-publish","4":"has-post-thumbnail","6":"product_cat-suplementos-e-vitaminas","7":"pmpro-has-access","9":"first","10":"instock","11":"taxable","12":"shipping-taxable","13":"purchasable","14":"product-type-simple"},"_links":{"self":[{"href":"https:\/\/dinhosreef.com\/en\/wp-json\/wp\/v2\/product\/1410786987","targetHints":{"allow":["GET"]}}],"collection":[{"href":"https:\/\/dinhosreef.com\/en\/wp-json\/wp\/v2\/product"}],"about":[{"href":"https:\/\/dinhosreef.com\/en\/wp-json\/wp\/v2\/types\/product"}],"replies":[{"embeddable":true,"href":"https:\/\/dinhosreef.com\/en\/wp-json\/wp\/v2\/comments?post=1410786987"}],"wp:featuredmedia":[{"embeddable":true,"href":"https:\/\/dinhosreef.com\/en\/wp-json\/wp\/v2\/media\/1410786986"}],"wp:attachment":[{"href":"https:\/\/dinhosreef.com\/en\/wp-json\/wp\/v2\/media?parent=1410786987"}],"wp:term":[{"taxonomy":"product_brand","embeddable":true,"href":"https:\/\/dinhosreef.com\/en\/wp-json\/wp\/v2\/product_brand?post=1410786987"},{"taxonomy":"product_cat","embeddable":true,"href":"https:\/\/dinhosreef.com\/en\/wp-json\/wp\/v2\/product_cat?post=1410786987"},{"taxonomy":"product_tag","embeddable":true,"href":"https:\/\/dinhosreef.com\/en\/wp-json\/wp\/v2\/product_tag?post=1410786987"}],"curies":[{"name":"wp","href":"https:\/\/api.w.org\/{rel}","templated":true}]}}