{"id":1410786993,"date":"2025-12-11T17:30:56","date_gmt":"2025-12-11T20:30:56","guid":{"rendered":"https:\/\/dinhosreef.com\/produto\/antipulgas-advantage-max-3-p-caes-combo-40ml-3-bisnagas\/"},"modified":"2026-03-16T16:30:10","modified_gmt":"2026-03-16T19:30:10","slug":"antipulgas-advantage-max-3-p-caes-combo-40ml-3-bisnagas","status":"publish","type":"product","link":"https:\/\/dinhosreef.com\/en\/product\/antipulgas-advantage-max-3-p-caes-combo-40ml-3-bisnagas\/","title":{"rendered":"ANTIPULGAS ADVANTAGE MAX 3 P\/ C\u00c3ES COMBO 4,0ML- 3 BISNAGAS"},"content":{"rendered":"<p>Advantage Max3 \u00e9 indicado para tratamento e controle das infesta\u00e7\u00f5es causadas por carrapatos dos c\u00e3es (Rhipicephalus sanguineus), transmissores da babesiose, erliquiose e da hepatozoonose, eliminando larvas, ninfas e formas aduLtsas.<br \/>\u00c9 aLtsamente eficaz contra pulgas (Ctenocephalides spp.), matando rapidamente os insetos aduLtsos presentes sobre o animal, bem como as larvas de pulga presentes no ambiente onde vive o c\u00e3o.<br \/>Repele e mata mosquitos culic\u00eddeos e flebotom\u00edneos, que transmitem a dirofi lariose e a leishmaniose para os c\u00e3es.<br \/>Tamb\u00e9m elimina os piolhos sugadores (Linognathus setosus) e mastigadores (Trichodectes canis) que parasitam os c\u00e3es.<br \/>Apresenta\u00e7\u00e3o: Cartucho com 3 bisnagas pl\u00e1sticas de 4,0Ml para c\u00e3es acima de 25Kg.<\/p>","protected":false},"excerpt":{"rendered":"<p>Advantage Max3 \u00e9 indicado para tratamento e controle das infesta\u00e7\u00f5es causadas por carrapatos dos c\u00e3es (Rhipicephalus sanguineus), transmissores da babesiose, erliquiose e da hepatozoonose, eliminando larvas, ninfas e formas aduLtsas.\u00c9 aLtsamente eficaz contra pulgas (Ctenocephalides spp.), matando rapidamente os insetos aduLtsos presentes sobre o animal, bem como as larvas de pulga presentes no ambiente onde [&hellip;]<\/p>\n","protected":false},"featured_media":1410786992,"comment_status":"open","ping_status":"closed","template":"","meta":{"googlesitekit_rrm_CAow0N7NCw:productID":"","content-type":"","pmpro_default_level":"","_themeisle_gutenberg_block_has_review":false},"product_brand":[427],"product_cat":[423],"product_tag":[],"class_list":{"0":"post-1410786993","1":"product","2":"type-product","3":"status-publish","4":"has-post-thumbnail","6":"product_brand-elanco","7":"product_cat-framacia-caes","8":"pmpro-has-access","10":"first","11":"instock","12":"taxable","13":"shipping-taxable","14":"purchasable","15":"product-type-simple"},"_links":{"self":[{"href":"https:\/\/dinhosreef.com\/en\/wp-json\/wp\/v2\/product\/1410786993","targetHints":{"allow":["GET"]}}],"collection":[{"href":"https:\/\/dinhosreef.com\/en\/wp-json\/wp\/v2\/product"}],"about":[{"href":"https:\/\/dinhosreef.com\/en\/wp-json\/wp\/v2\/types\/product"}],"replies":[{"embeddable":true,"href":"https:\/\/dinhosreef.com\/en\/wp-json\/wp\/v2\/comments?post=1410786993"}],"wp:featuredmedia":[{"embeddable":true,"href":"https:\/\/dinhosreef.com\/en\/wp-json\/wp\/v2\/media\/1410786992"}],"wp:attachment":[{"href":"https:\/\/dinhosreef.com\/en\/wp-json\/wp\/v2\/media?parent=1410786993"}],"wp:term":[{"taxonomy":"product_brand","embeddable":true,"href":"https:\/\/dinhosreef.com\/en\/wp-json\/wp\/v2\/product_brand?post=1410786993"},{"taxonomy":"product_cat","embeddable":true,"href":"https:\/\/dinhosreef.com\/en\/wp-json\/wp\/v2\/product_cat?post=1410786993"},{"taxonomy":"product_tag","embeddable":true,"href":"https:\/\/dinhosreef.com\/en\/wp-json\/wp\/v2\/product_tag?post=1410786993"}],"curies":[{"name":"wp","href":"https:\/\/api.w.org\/{rel}","templated":true}]}}