{"id":1410786997,"date":"2025-12-11T17:31:06","date_gmt":"2025-12-11T20:31:06","guid":{"rendered":"https:\/\/dinhosreef.com\/produto\/zenrelia-64mg-c-30-comprimidos-dermatite-caes\/"},"modified":"2026-02-21T18:21:05","modified_gmt":"2026-02-21T21:21:05","slug":"zenrelia-64mg-c-30-comprimidos-dermatite-caes","status":"publish","type":"product","link":"https:\/\/dinhosreef.com\/en\/product\/zenrelia-64mg-c-30-comprimidos-dermatite-caes\/","title":{"rendered":"ZENRELIA 6,4MG C\/ 30 COMPRIMIDOS DERMATITE C\u00c3ES"},"content":{"rendered":"<h2 class=\"ui-pdp-description__title\" data-testid=\"title\">Descri\u00e7\u00e3o<\/h2>\n<p class=\"ui-pdp-description__content\" data-testid=\"content\">Zenrelia\u2122 \u00e9 o inibidor de JAK oral projetado para revolucionar o tratamento da coceira associada \u00e0 dermatite al\u00e9rgica e at\u00f3pica em c\u00e3es. Com sua f\u00f3rmula inovadora, oferece al\u00edvio r\u00e1pido e eficaz com apenas uma dose di\u00e1ria, come\u00e7ando desde o primeiro dia de uso. Este tratamento \u00e9 ideal para c\u00e3es de todas as idades e tamanhos que sofrem de dermatite e outras condi\u00e7\u00f5es relacionadas \u00e0 coceira. Caracter\u00edsticas destacadas: Dose \u00danica Di\u00e1ria: Administrado uma vez ao dia desde o in\u00edcio, sem necessidade de dose de ataque ou redu\u00e7\u00e3o gradual. A\u00e7\u00e3o R\u00e1pida: Al\u00edvio vis\u00edvel desde o primeiro dia de uso. Efic\u00e1cia Cont\u00ednua: Atua a longo prazo, reduzindo significativamente as les\u00f5es e a inflama\u00e7\u00e3o, proporcionando uma melhora constante na qualidade de vida do c\u00e3o. Excelente Custo-Benef\u00edcio: Solu\u00e7\u00e3o econ\u00f4mica e eficaz para o manejo da dermatite e alergias em c\u00e3es. Benef\u00edcios principais: Melhora r\u00e1pida e vis\u00edvel: Zenrelia\u2122 come\u00e7a a agir desde o primeiro dia, aliviando a coceira e as les\u00f5es cut\u00e2neas de forma r\u00e1pida. Conveni\u00eancia no uso: Os comprimidos s\u00e3o f\u00e1ceis de administrar, sem sabor, e s\u00e3o ideais para integrar na rotina di\u00e1ria do animal. Tratamento completo: Eficaz para tratar diferentes tipos de dermatite, incluindo dermatite at\u00f3pica, alergias alimentares, dermatite por picada de pulgas e dermatite de contato. Seguran\u00e7a comprovada: Um estudo cl\u00ednico com 268 c\u00e3es demonstrou a efic\u00e1cia e seguran\u00e7a do Zenrelia\u2122, com controle de placebo (2:1) para tratar a coceira e as les\u00f5es cut\u00e2neas. Especifica\u00e7\u00f5es: Apresenta\u00e7\u00e3o: Comprimidos orais, sem sabor, em embalagens de 30 comprimidos. Indica\u00e7\u00f5es: Para c\u00e3es a partir de 12 meses de idade. Efic\u00e1cia comprovada: Alivia a coceira desde o primeiro dia e melhora a sa\u00fade da pele a longo prazo. Zenrelia\u2122 \u00e9 a op\u00e7\u00e3o confi\u00e1vel para donos de c\u00e3es que buscam uma solu\u00e7\u00e3o eficaz e conveniente para tratar a dermatite e as alergias que causam coceira. Com sua f\u00f3rmula inovadora, Zenrelia\u2122 ajuda a quebrar o ciclo da coceira, proporcionando aos c\u00e3es o al\u00edvio que eles precisam e melhorando sua qualidade de vida. Fa\u00e7a seu pedido agora e ofere\u00e7a ao seu c\u00e3o o conforto que ele merece com Zenrelia\u2122!<\/p>","protected":false},"excerpt":{"rendered":"<p>Descri\u00e7\u00e3o Zenrelia\u2122 \u00e9 o inibidor de JAK oral projetado para revolucionar o tratamento da coceira associada \u00e0 dermatite al\u00e9rgica e at\u00f3pica em c\u00e3es. Com sua f\u00f3rmula inovadora, oferece al\u00edvio r\u00e1pido e eficaz com apenas uma dose di\u00e1ria, come\u00e7ando desde o primeiro dia de uso. Este tratamento \u00e9 ideal para c\u00e3es de todas as idades e [&hellip;]<\/p>\n","protected":false},"featured_media":1410786996,"comment_status":"open","ping_status":"closed","template":"","meta":{"googlesitekit_rrm_CAow0N7NCw:productID":"","content-type":"","pmpro_default_level":"","_themeisle_gutenberg_block_has_review":false},"product_brand":[427],"product_cat":[423],"product_tag":[],"class_list":{"0":"post-1410786997","1":"product","2":"type-product","3":"status-publish","4":"has-post-thumbnail","6":"product_brand-elanco","7":"product_cat-framacia-caes","8":"pmpro-has-access","10":"first","11":"instock","12":"taxable","13":"shipping-taxable","14":"purchasable","15":"product-type-simple"},"_links":{"self":[{"href":"https:\/\/dinhosreef.com\/en\/wp-json\/wp\/v2\/product\/1410786997","targetHints":{"allow":["GET"]}}],"collection":[{"href":"https:\/\/dinhosreef.com\/en\/wp-json\/wp\/v2\/product"}],"about":[{"href":"https:\/\/dinhosreef.com\/en\/wp-json\/wp\/v2\/types\/product"}],"replies":[{"embeddable":true,"href":"https:\/\/dinhosreef.com\/en\/wp-json\/wp\/v2\/comments?post=1410786997"}],"wp:featuredmedia":[{"embeddable":true,"href":"https:\/\/dinhosreef.com\/en\/wp-json\/wp\/v2\/media\/1410786996"}],"wp:attachment":[{"href":"https:\/\/dinhosreef.com\/en\/wp-json\/wp\/v2\/media?parent=1410786997"}],"wp:term":[{"taxonomy":"product_brand","embeddable":true,"href":"https:\/\/dinhosreef.com\/en\/wp-json\/wp\/v2\/product_brand?post=1410786997"},{"taxonomy":"product_cat","embeddable":true,"href":"https:\/\/dinhosreef.com\/en\/wp-json\/wp\/v2\/product_cat?post=1410786997"},{"taxonomy":"product_tag","embeddable":true,"href":"https:\/\/dinhosreef.com\/en\/wp-json\/wp\/v2\/product_tag?post=1410786997"}],"curies":[{"name":"wp","href":"https:\/\/api.w.org\/{rel}","templated":true}]}}