{"id":1410786999,"date":"2025-12-11T17:31:12","date_gmt":"2025-12-11T20:31:12","guid":{"rendered":"https:\/\/dinhosreef.com\/produto\/antipulgas-credeli-plus-1125mg-p-caes-1-comprimido\/"},"modified":"2026-03-06T09:22:38","modified_gmt":"2026-03-06T12:22:38","slug":"antipulgas-credeli-plus-1125mg-p-caes-1-comprimido","status":"publish","type":"product","link":"https:\/\/dinhosreef.com\/en\/product\/antipulgas-credeli-plus-1125mg-p-caes-1-comprimido\/","title":{"rendered":"ANTIPULGAS CREDELI PLUS 112,5MG P\/ C\u00c3ES- 1 COMPRIMIDO"},"content":{"rendered":"<p>Antipulgas Credeli Plus \u00e9 uma superprote\u00e7\u00e3o multifuncional em comprimido pequeno e mastig\u00e1vel, que atua rapidamente no tratamento e preven\u00e7\u00e3o de pulgas (Ctenocephalides felis e Ctenocephalides canis), carrapatos (Rhipicephalus sanguineus, Ixodes ricinus, Ixodes hexagenous e Dermacentor reticulatus) e vermes intestinais, pulmonar e do cora\u00e7\u00e3o. Um comprimido de Antipulgas Credeli Plus administrado ao seu c\u00e3o todo m\u00eas, protege o organismo contra doen\u00e7as causadas por vermes nemat\u00f3ides, por ter uma mol\u00e9cula pr\u00f3pria, desenvolvida especialmente para o organismo canino. Credeli Plus \u00e9 o \u00fanico endoctocida que combina dois princ\u00edpios ativos: lotilaner e milbemicina oxima. Lotilaner \u00e9 um princ\u00edpio ativo que garante benef\u00edcios \u00fanicos de Credeli Plus, um processo de purifica\u00e7\u00e3o extra remove a parte inativa do Lotilaner e mant\u00e9m somente a parte ativa, assim, o organismo dos c\u00e3es recebem apenas o que precisam e nada do que n\u00e3o precisam. Para completar a prote\u00e7\u00e3o interna, a milbemicina oxima \u00e9 um endectocida antiparasit\u00e1rio com atividade contra \u00e1caros em est\u00e1gios larval e adultos de nemat\u00f3ides.<\/p>","protected":false},"excerpt":{"rendered":"<p>Antipulgas Credeli Plus \u00e9 uma superprote\u00e7\u00e3o multifuncional em comprimido pequeno e mastig\u00e1vel, que atua rapidamente no tratamento e preven\u00e7\u00e3o de pulgas (Ctenocephalides felis e Ctenocephalides canis), carrapatos (Rhipicephalus sanguineus, Ixodes ricinus, Ixodes hexagenous e Dermacentor reticulatus) e vermes intestinais, pulmonar e do cora\u00e7\u00e3o. Um comprimido de Antipulgas Credeli Plus administrado ao seu c\u00e3o todo m\u00eas, [&hellip;]<\/p>\n","protected":false},"featured_media":1410786998,"comment_status":"open","ping_status":"closed","template":"","meta":{"googlesitekit_rrm_CAow0N7NCw:productID":"","content-type":"","pmpro_default_level":"","_themeisle_gutenberg_block_has_review":false},"product_brand":[427],"product_cat":[423],"product_tag":[],"class_list":{"0":"post-1410786999","1":"product","2":"type-product","3":"status-publish","4":"has-post-thumbnail","6":"product_brand-elanco","7":"product_cat-framacia-caes","8":"pmpro-has-access","10":"first","11":"instock","12":"taxable","13":"shipping-taxable","14":"purchasable","15":"product-type-simple"},"_links":{"self":[{"href":"https:\/\/dinhosreef.com\/en\/wp-json\/wp\/v2\/product\/1410786999","targetHints":{"allow":["GET"]}}],"collection":[{"href":"https:\/\/dinhosreef.com\/en\/wp-json\/wp\/v2\/product"}],"about":[{"href":"https:\/\/dinhosreef.com\/en\/wp-json\/wp\/v2\/types\/product"}],"replies":[{"embeddable":true,"href":"https:\/\/dinhosreef.com\/en\/wp-json\/wp\/v2\/comments?post=1410786999"}],"wp:featuredmedia":[{"embeddable":true,"href":"https:\/\/dinhosreef.com\/en\/wp-json\/wp\/v2\/media\/1410786998"}],"wp:attachment":[{"href":"https:\/\/dinhosreef.com\/en\/wp-json\/wp\/v2\/media?parent=1410786999"}],"wp:term":[{"taxonomy":"product_brand","embeddable":true,"href":"https:\/\/dinhosreef.com\/en\/wp-json\/wp\/v2\/product_brand?post=1410786999"},{"taxonomy":"product_cat","embeddable":true,"href":"https:\/\/dinhosreef.com\/en\/wp-json\/wp\/v2\/product_cat?post=1410786999"},{"taxonomy":"product_tag","embeddable":true,"href":"https:\/\/dinhosreef.com\/en\/wp-json\/wp\/v2\/product_tag?post=1410786999"}],"curies":[{"name":"wp","href":"https:\/\/api.w.org\/{rel}","templated":true}]}}