{"id":1410787003,"date":"2025-12-12T17:15:50","date_gmt":"2025-12-12T20:15:50","guid":{"rendered":"https:\/\/dinhosreef.com\/produto\/credeli-antipulgas-p-caes-900mg-3-comprimidos\/"},"modified":"2026-02-21T18:35:29","modified_gmt":"2026-02-21T21:35:29","slug":"credeli-antipulgas-p-caes-900mg-3-comprimidos","status":"publish","type":"product","link":"https:\/\/dinhosreef.com\/en\/product\/credeli-antipulgas-p-caes-900mg-3-comprimidos\/","title":{"rendered":"CREDELI ANTIPULGAS P\/ C\u00c3ES 900MG &#8211; 3 COMPRIMIDOS"},"content":{"rendered":"<h3 class=\"tab-title\">Descri\u00e7\u00e3o Geral<\/h3>\n<div id=\"descricao\" class=\"tab rte description-ab\">\n<h2 class=\"descricao__geral__titulo\">Especifica\u00e7\u00f5es<\/h2>\n<div class=\"descricao__geral__especificacoes__tabela\">\n<div class=\"descricao__geral__especificacoes__tabela linha\">\n<div class=\"descricao__geral__especificacoes__tabela espec__titulo\">\n<p>Composi\u00e7\u00e3o<\/p>\n<\/p><\/div>\n<div class=\"descricao__geral__especificacoes__tabela espec__valor\">\n<p>Cada 100 mg cont\u00e9m:<br \/>Lotilaner.35,16 mg<br \/>Excipiente .q.s.p. 100 mg<\/p>\n<\/p><\/div>\n<\/p><\/div>\n<div class=\"descricao__geral__especificacoes__tabela linha\">\n<div class=\"descricao__geral__especificacoes__tabela espec__titulo\">\n<p>Quantidade<\/p>\n<\/p><\/div>\n<div class=\"descricao__geral__especificacoes__tabela espec__valor\">\n<p>3 comprimidos de 900mg<\/p>\n<\/p><\/div>\n<\/p><\/div>\n<\/p><\/div>\n<h2 class=\"descricao__geral__titulo\">Indica\u00e7\u00f5es<\/h2>\n<p><strong>Credeli?<\/strong>\u00a0\u00e9 o anti carrapatos e antipulgas mais r\u00e1pido do mercado para c\u00e3es. Come\u00e7a a eliminar carrapatos em 4 horas e pulgas em 2 horas, com elimina\u00e7\u00e3o completa em 8 horas! Credeli? possui sabor que os c\u00e3es adoram e dosagens seguras para diferentes ra\u00e7as e tamanhos, com 100% de aceita\u00e7\u00e3o em ra\u00e7as TOY, como Chihuahua Yorkshire e Terrier.<br \/>Credeli? pode ser administrado em filhotes a partir de 1,3kg e 8 semanas de idade. Cada embalagem de Credeli? cont\u00e9m 3 comprimidos, 1 para cada m\u00eas, garantindo 90 dias de prote\u00e7\u00e3o para o seu pet!<br \/>Proteja seu melhor amigo com Credeli, o mais r\u00e1pido do mercado contra carrapatos e pulgas.<\/p>\n<p><strong>Antes de usar, leia a bula.<br \/>Sempre consulte um m\u00e9dico veterin\u00e1rio para o uso correto do medicamento.<\/strong><\/p>\n<\/p><\/div>","protected":false},"excerpt":{"rendered":"<p>Descri\u00e7\u00e3o Geral Especifica\u00e7\u00f5es Composi\u00e7\u00e3o Cada 100 mg cont\u00e9m:Lotilaner.35,16 mgExcipiente .q.s.p. 100 mg Quantidade 3 comprimidos de 900mg Indica\u00e7\u00f5es Credeli?\u00a0\u00e9 o anti carrapatos e antipulgas mais r\u00e1pido do mercado para c\u00e3es. Come\u00e7a a eliminar carrapatos em 4 horas e pulgas em 2 horas, com elimina\u00e7\u00e3o completa em 8 horas! Credeli? possui sabor que os c\u00e3es adoram [&hellip;]<\/p>\n","protected":false},"featured_media":1410787002,"comment_status":"open","ping_status":"closed","template":"","meta":{"googlesitekit_rrm_CAow0N7NCw:productID":"","content-type":"","pmpro_default_level":"","_themeisle_gutenberg_block_has_review":false},"product_brand":[427],"product_cat":[423,367],"product_tag":[],"class_list":{"0":"post-1410787003","1":"product","2":"type-product","3":"status-publish","4":"has-post-thumbnail","6":"product_brand-elanco","7":"product_cat-framacia-caes","8":"product_cat-suplementos-e-vitaminas","9":"pmpro-has-access","11":"first","12":"instock","13":"taxable","14":"shipping-taxable","15":"purchasable","16":"product-type-simple"},"_links":{"self":[{"href":"https:\/\/dinhosreef.com\/en\/wp-json\/wp\/v2\/product\/1410787003","targetHints":{"allow":["GET"]}}],"collection":[{"href":"https:\/\/dinhosreef.com\/en\/wp-json\/wp\/v2\/product"}],"about":[{"href":"https:\/\/dinhosreef.com\/en\/wp-json\/wp\/v2\/types\/product"}],"replies":[{"embeddable":true,"href":"https:\/\/dinhosreef.com\/en\/wp-json\/wp\/v2\/comments?post=1410787003"}],"wp:featuredmedia":[{"embeddable":true,"href":"https:\/\/dinhosreef.com\/en\/wp-json\/wp\/v2\/media\/1410787002"}],"wp:attachment":[{"href":"https:\/\/dinhosreef.com\/en\/wp-json\/wp\/v2\/media?parent=1410787003"}],"wp:term":[{"taxonomy":"product_brand","embeddable":true,"href":"https:\/\/dinhosreef.com\/en\/wp-json\/wp\/v2\/product_brand?post=1410787003"},{"taxonomy":"product_cat","embeddable":true,"href":"https:\/\/dinhosreef.com\/en\/wp-json\/wp\/v2\/product_cat?post=1410787003"},{"taxonomy":"product_tag","embeddable":true,"href":"https:\/\/dinhosreef.com\/en\/wp-json\/wp\/v2\/product_tag?post=1410787003"}],"curies":[{"name":"wp","href":"https:\/\/api.w.org\/{rel}","templated":true}]}}