{"id":1410787011,"date":"2025-12-12T17:16:10","date_gmt":"2025-12-12T20:16:10","guid":{"rendered":"https:\/\/dinhosreef.com\/produto\/antipulgas-advocate-dog-10ml-1-bisnaga\/"},"modified":"2026-03-28T11:26:13","modified_gmt":"2026-03-28T14:26:13","slug":"antipulgas-advocate-dog-10ml-1-bisnaga","status":"publish","type":"product","link":"https:\/\/dinhosreef.com\/en\/product\/antipulgas-advocate-dog-10ml-1-bisnaga\/","title":{"rendered":"ANTIPULGAS ADVOCATE DOG 1,0ML- 1 BISNAGA"},"content":{"rendered":"<ul>\n<li>Indicado para c\u00e3es;<br \/>&#8211; Espec\u00edfico para os pets com peso entre 4 kg e 10 kg;<br \/>&#8211; Elimina e previne infesta\u00e7\u00f5es de pulgas e piolhos;\u00a0<br \/>&#8211; Mant\u00e9m seu pet protegido contra sarnas e vermes,<br \/>&#8211; Dispon\u00edvel em embalagens com 1 ou 3 bisnagas.<\/li>\n<\/ul>","protected":false},"excerpt":{"rendered":"<p>Indicado para c\u00e3es;&#8211; Espec\u00edfico para os pets com peso entre 4 kg e 10 kg;&#8211; Elimina e previne infesta\u00e7\u00f5es de pulgas e piolhos;\u00a0&#8211; Mant\u00e9m seu pet protegido contra sarnas e vermes,&#8211; Dispon\u00edvel em embalagens com 1 ou 3 bisnagas.<\/p>","protected":false},"featured_media":1410787010,"comment_status":"open","ping_status":"closed","template":"","meta":{"googlesitekit_rrm_CAow0N7NCw:productID":"","content-type":"","pmpro_default_level":"","_themeisle_gutenberg_block_has_review":false},"product_brand":[427],"product_cat":[423],"product_tag":[],"class_list":{"0":"post-1410787011","1":"product","2":"type-product","3":"status-publish","4":"has-post-thumbnail","6":"product_brand-elanco","7":"product_cat-framacia-caes","8":"pmpro-has-access","10":"first","11":"outofstock","12":"taxable","13":"shipping-taxable","14":"purchasable","15":"product-type-simple"},"_links":{"self":[{"href":"https:\/\/dinhosreef.com\/en\/wp-json\/wp\/v2\/product\/1410787011","targetHints":{"allow":["GET"]}}],"collection":[{"href":"https:\/\/dinhosreef.com\/en\/wp-json\/wp\/v2\/product"}],"about":[{"href":"https:\/\/dinhosreef.com\/en\/wp-json\/wp\/v2\/types\/product"}],"replies":[{"embeddable":true,"href":"https:\/\/dinhosreef.com\/en\/wp-json\/wp\/v2\/comments?post=1410787011"}],"wp:featuredmedia":[{"embeddable":true,"href":"https:\/\/dinhosreef.com\/en\/wp-json\/wp\/v2\/media\/1410787010"}],"wp:attachment":[{"href":"https:\/\/dinhosreef.com\/en\/wp-json\/wp\/v2\/media?parent=1410787011"}],"wp:term":[{"taxonomy":"product_brand","embeddable":true,"href":"https:\/\/dinhosreef.com\/en\/wp-json\/wp\/v2\/product_brand?post=1410787011"},{"taxonomy":"product_cat","embeddable":true,"href":"https:\/\/dinhosreef.com\/en\/wp-json\/wp\/v2\/product_cat?post=1410787011"},{"taxonomy":"product_tag","embeddable":true,"href":"https:\/\/dinhosreef.com\/en\/wp-json\/wp\/v2\/product_tag?post=1410787011"}],"curies":[{"name":"wp","href":"https:\/\/api.w.org\/{rel}","templated":true}]}}