{"id":1410787015,"date":"2025-12-13T09:17:18","date_gmt":"2025-12-13T12:17:18","guid":{"rendered":"https:\/\/dinhosreef.com\/produto\/racao-p-gatos-royal-canin-urinary-s-o-15kg\/"},"modified":"2025-12-13T09:17:18","modified_gmt":"2025-12-13T12:17:18","slug":"racao-p-gatos-royal-canin-urinary-s-o-15kg","status":"publish","type":"product","link":"https:\/\/dinhosreef.com\/en\/product\/racao-p-gatos-royal-canin-urinary-s-o-15kg\/","title":{"rendered":"RA\u00c7\u00c3O P\/ GATOS ROYAL CANIN URINARY S\/O 1,5KG"},"content":{"rendered":"<p>A linha veterin\u00e1ria da Royal Canin \u00e9 uma gama de alimentos coadjuvantes formulados para auxiliar c\u00e3es e gatos com problemas de sa\u00fade diagnosticados pelo m\u00e9dico-veterin\u00e1rio. Os alimentos s\u00e3o desenvolvidos por uma equipe de especialistas em nutri\u00e7\u00e3o animal, que trabalham em conjunto com veterin\u00e1rios para garantir que as f\u00f3rmulas sejam eficazes e seguras. A linha veterin\u00e1ria da Royal Canin \u00e9 composta por uma variedade de produtos, que s\u00e3o desenvolvidos para atender \u00e0s necessidades espec\u00edficas de cada condi\u00e7\u00e3o de sa\u00fade. Alguns dos produtos mais comuns incluem:<\/p>\n<p>Alimentos para problemas gastrointestinais: Esses alimentos s\u00e3o formulados para ajudar a aliviar os sintomas de problemas digestivos, como diarreia, v\u00f4mito e constipa\u00e7\u00e3o. Alimentos para problemas renais: Esses alimentos s\u00e3o formulados para ajudar a reduzir o estresse renal e retardar a progress\u00e3o da doen\u00e7a renal. Alimentos para problemas dermatol\u00f3gicos: Esses alimentos s\u00e3o formulados para ajudar a melhorar a sa\u00fade da pele e do pelo. Alimentos para problemas de obesidade: Esses alimentos s\u00e3o formulados para ajudar a controlar o peso e promover a perda de peso saud\u00e1vel. A linha veterin\u00e1ria da Royal Canin \u00e9 uma ferramenta valiosa para os veterin\u00e1rios, que podem us\u00e1-la para ajudar seus pacientes a se recuperar e melhorar sua qualidade de vida.<\/p>\n<p>\u00a0Aqui est\u00e3o alguns dos benef\u00edcios da linha veterin\u00e1ria da Royal Canin:<\/p>\n<p>Formula\u00e7\u00f5es eficazes: Os alimentos s\u00e3o desenvolvidos com base nas \u00faltimas pesquisas em nutri\u00e7\u00e3o animal. Palatabilidade superior: Os alimentos s\u00e3o formulados para serem saborosos e atrativos para os animais.\u00a0<\/p>\n<p>Seguran\u00e7a: Os alimentos s\u00e3o testados extensivamente para garantir sua seguran\u00e7a e efic\u00e1cia.\u00a0<\/p>\n<p>Se o seu animal de estima\u00e7\u00e3o est\u00e1 com problemas de sa\u00fade, converse com o seu veterin\u00e1rio sobre a linha veterin\u00e1ria da Royal Canin.<\/p>","protected":false},"excerpt":{"rendered":"<p>A linha veterin\u00e1ria da Royal Canin \u00e9 uma gama de alimentos coadjuvantes formulados para auxiliar c\u00e3es e gatos com problemas de sa\u00fade diagnosticados pelo m\u00e9dico-veterin\u00e1rio. Os alimentos s\u00e3o desenvolvidos por uma equipe de especialistas em nutri\u00e7\u00e3o animal, que trabalham em conjunto com veterin\u00e1rios para garantir que as f\u00f3rmulas sejam eficazes e seguras. A linha veterin\u00e1ria [&hellip;]<\/p>\n","protected":false},"featured_media":1410787014,"comment_status":"open","ping_status":"closed","template":"","meta":{"googlesitekit_rrm_CAow0N7NCw:productID":"","content-type":"","pmpro_default_level":"","_themeisle_gutenberg_block_has_review":false},"product_brand":[],"product_cat":[259],"product_tag":[],"class_list":{"0":"post-1410787015","1":"product","2":"type-product","3":"status-publish","4":"has-post-thumbnail","6":"product_cat-racoes-alimento-petisco-e-suplemento-caes","7":"pmpro-has-access","9":"first","10":"instock","11":"taxable","12":"shipping-taxable","13":"purchasable","14":"product-type-simple"},"_links":{"self":[{"href":"https:\/\/dinhosreef.com\/en\/wp-json\/wp\/v2\/product\/1410787015","targetHints":{"allow":["GET"]}}],"collection":[{"href":"https:\/\/dinhosreef.com\/en\/wp-json\/wp\/v2\/product"}],"about":[{"href":"https:\/\/dinhosreef.com\/en\/wp-json\/wp\/v2\/types\/product"}],"replies":[{"embeddable":true,"href":"https:\/\/dinhosreef.com\/en\/wp-json\/wp\/v2\/comments?post=1410787015"}],"wp:featuredmedia":[{"embeddable":true,"href":"https:\/\/dinhosreef.com\/en\/wp-json\/wp\/v2\/media\/1410787014"}],"wp:attachment":[{"href":"https:\/\/dinhosreef.com\/en\/wp-json\/wp\/v2\/media?parent=1410787015"}],"wp:term":[{"taxonomy":"product_brand","embeddable":true,"href":"https:\/\/dinhosreef.com\/en\/wp-json\/wp\/v2\/product_brand?post=1410787015"},{"taxonomy":"product_cat","embeddable":true,"href":"https:\/\/dinhosreef.com\/en\/wp-json\/wp\/v2\/product_cat?post=1410787015"},{"taxonomy":"product_tag","embeddable":true,"href":"https:\/\/dinhosreef.com\/en\/wp-json\/wp\/v2\/product_tag?post=1410787015"}],"curies":[{"name":"wp","href":"https:\/\/api.w.org\/{rel}","templated":true}]}}