{"id":1410787021,"date":"2025-12-13T09:51:38","date_gmt":"2025-12-13T12:51:38","guid":{"rendered":"https:\/\/dinhosreef.com\/produto\/racao-umida-royal-urinary-s-o-410g\/"},"modified":"2026-02-27T12:32:23","modified_gmt":"2026-02-27T15:32:23","slug":"racao-umida-royal-urinary-s-o-410g","status":"publish","type":"product","link":"https:\/\/dinhosreef.com\/en\/product\/racao-umida-royal-urinary-s-o-410g\/","title":{"rendered":"RA\u00c7\u00c3O \u00daMIDA ROYAL URINARY S\/O 410G"},"content":{"rendered":"<p>A Ra\u00e7\u00e3o Royal Canin Lata Canine Veterinary Diet Urinary S\/O, \u00e9 um alimento \u00famido coadjuvante que permite uma dissolu\u00e7\u00e3o eficaz dos c\u00e1lculos de estruvita, com o objetivo de auxiliar em casos Urin\u00e1rios.Este produto deve ser utilizado como auxiliar, portanto N\u00c3O substitui o tratamento convencional.<\/p>\n<p>Cuidados: Lavar sempre o comedouro e o bebedouro do seu pet, manter o cantinho que o seu amiguinho se alimenta sempre limpo, para mante-lo longe de doen\u00e7as e fungos.Deixe sempre \u00e1gua fresca e limpa \u00e0 disposi\u00e7\u00e3o do seu pet.<\/p>\n<p>Especifica\u00e7\u00f5es Indica\u00e7\u00e3o Cachorros Ra\u00e7a Ra\u00e7as Grandes, Ra\u00e7as M\u00e9dias, Ra\u00e7as Pequenas Idade Adultos, Filhotes, Idosos Linha Veterinary Diet Tipo de Ra\u00e7\u00e3o Medicamentosa<\/p>\n<p>Composi\u00e7\u00e3o \u00c1gua, carne de frango, f\u00edgado de frango, milho integral mo\u00eddo, gl\u00faten de milho, \u00f3leo de girassol, \u00f3leo de peixe refinado, celulose em p\u00f3, polpa de beterraba, sulfato de c\u00e1lcio, cloreto de s\u00f3dio (sal comum), cloreto de pot\u00e1ssio, extrato de Marigold, carragena, goma guar, goma de alfarroba, vitaminas (E, D3, B1, B2, B6, B12, PP), \u00e1cido pantot\u00eanico, \u00e1cido f\u00f3lico, biotina, sulfato de cobre, iodato de c\u00e1lcio, sulfato de zinco, sulfato de mangan\u00eas, sulfato de ferro, taurina, DL-metionina.<\/p>","protected":false},"excerpt":{"rendered":"<p>A Ra\u00e7\u00e3o Royal Canin Lata Canine Veterinary Diet Urinary S\/O, \u00e9 um alimento \u00famido coadjuvante que permite uma dissolu\u00e7\u00e3o eficaz dos c\u00e1lculos de estruvita, com o objetivo de auxiliar em casos Urin\u00e1rios.Este produto deve ser utilizado como auxiliar, portanto N\u00c3O substitui o tratamento convencional. Cuidados: Lavar sempre o comedouro e o bebedouro do seu pet, [&hellip;]<\/p>\n","protected":false},"featured_media":1410787020,"comment_status":"open","ping_status":"closed","template":"","meta":{"googlesitekit_rrm_CAow0N7NCw:productID":"","content-type":"","pmpro_default_level":"","_themeisle_gutenberg_block_has_review":false},"product_brand":[],"product_cat":[259],"product_tag":[],"class_list":{"0":"post-1410787021","1":"product","2":"type-product","3":"status-publish","4":"has-post-thumbnail","6":"product_cat-racoes-alimento-petisco-e-suplemento-caes","7":"pmpro-has-access","9":"first","10":"outofstock","11":"taxable","12":"shipping-taxable","13":"purchasable","14":"product-type-simple"},"_links":{"self":[{"href":"https:\/\/dinhosreef.com\/en\/wp-json\/wp\/v2\/product\/1410787021","targetHints":{"allow":["GET"]}}],"collection":[{"href":"https:\/\/dinhosreef.com\/en\/wp-json\/wp\/v2\/product"}],"about":[{"href":"https:\/\/dinhosreef.com\/en\/wp-json\/wp\/v2\/types\/product"}],"replies":[{"embeddable":true,"href":"https:\/\/dinhosreef.com\/en\/wp-json\/wp\/v2\/comments?post=1410787021"}],"wp:featuredmedia":[{"embeddable":true,"href":"https:\/\/dinhosreef.com\/en\/wp-json\/wp\/v2\/media\/1410787020"}],"wp:attachment":[{"href":"https:\/\/dinhosreef.com\/en\/wp-json\/wp\/v2\/media?parent=1410787021"}],"wp:term":[{"taxonomy":"product_brand","embeddable":true,"href":"https:\/\/dinhosreef.com\/en\/wp-json\/wp\/v2\/product_brand?post=1410787021"},{"taxonomy":"product_cat","embeddable":true,"href":"https:\/\/dinhosreef.com\/en\/wp-json\/wp\/v2\/product_cat?post=1410787021"},{"taxonomy":"product_tag","embeddable":true,"href":"https:\/\/dinhosreef.com\/en\/wp-json\/wp\/v2\/product_tag?post=1410787021"}],"curies":[{"name":"wp","href":"https:\/\/api.w.org\/{rel}","templated":true}]}}