{"id":1410787037,"date":"2025-12-15T14:13:40","date_gmt":"2025-12-15T17:13:40","guid":{"rendered":"https:\/\/dinhosreef.com\/produto\/rede-para-captura-de-peixes-jeneca-5-125cm\/"},"modified":"2026-03-21T11:45:27","modified_gmt":"2026-03-21T14:45:27","slug":"rede-para-captura-de-peixes-jeneca-5-125cm","status":"publish","type":"product","link":"https:\/\/dinhosreef.com\/en\/product\/rede-para-captura-de-peixes-jeneca-5-125cm\/","title":{"rendered":"REDE PARA CAPTURA DE PEIXES JENECA 5&#8243; &#8211; 12,5CM"},"content":{"rendered":"<p data-start=\"73\" data-end=\"124\"><strong data-start=\"73\" data-end=\"124\">Rede para Captura de Peixes Jeneca 5&#8243; \u2013 12,5 cm<\/strong><\/p>\n<p data-start=\"126\" data-end=\"501\">A <strong data-start=\"128\" data-end=\"156\">Rede Jeneca 5\u201d (12,5 cm)<\/strong> \u00e9 perfeita para quem busca efici\u00eancia e cuidado ao manejar peixes em aqu\u00e1rios. Com <strong data-start=\"240\" data-end=\"266\">malha fina e ultraleve<\/strong>, ela evita estresse e poss\u00edveis machucados nos animais, garantindo uma captura suave e segura. Seu <strong data-start=\"366\" data-end=\"385\">cabo resistente<\/strong> proporciona firmeza durante o uso, enquanto o aro de <strong data-start=\"439\" data-end=\"454\">5 polegadas<\/strong> oferece uma \u00e1rea maior para capturas precisas.<\/p>\n<p data-start=\"503\" data-end=\"658\">Ideal para <strong data-start=\"514\" data-end=\"550\">aqu\u00e1rios de \u00e1gua doce ou salgada<\/strong>, esta rede \u00e9 indispens\u00e1vel para aquaristas iniciantes ou experientes que valorizam qualidade e praticidade.<\/p>\n<p data-start=\"660\" data-end=\"680\"><strong data-start=\"660\" data-end=\"680\">Caracter\u00edsticas:<\/strong><\/p>\n<ul data-start=\"681\" data-end=\"890\">\n<li data-start=\"681\" data-end=\"715\">\n<p data-start=\"683\" data-end=\"715\">Tamanho do aro: <strong data-start=\"699\" data-end=\"715\">5\u201d (12,5 cm)<\/strong><\/p>\n<\/li>\n<li data-start=\"716\" data-end=\"752\">\n<p data-start=\"718\" data-end=\"752\">Malha fina que protege os peixes<\/p>\n<\/li>\n<li data-start=\"753\" data-end=\"783\">\n<p data-start=\"755\" data-end=\"783\">Material leve e resistente<\/p>\n<\/li>\n<li data-start=\"784\" data-end=\"812\">\n<p data-start=\"786\" data-end=\"812\">Cabo firme e confort\u00e1vel<\/p>\n<\/li>\n<li data-start=\"813\" data-end=\"852\">\n<p data-start=\"815\" data-end=\"852\">Ideal para peixes pequenos e m\u00e9dios<\/p>\n<\/li>\n<li data-start=\"853\" data-end=\"890\">\n<p data-start=\"855\" data-end=\"890\">F\u00e1cil de usar e altamente dur\u00e1vel<\/p>\n<\/li>\n<\/ul>\n<p data-start=\"892\" data-end=\"976\"><strong data-start=\"892\" data-end=\"976\">A escolha certa para quem deseja capturar peixes com seguran\u00e7a e total controle!<\/strong><\/p>","protected":false},"excerpt":{"rendered":"<p>Rede para Captura de Peixes Jeneca 5&#8243; \u2013 12,5 cm A Rede Jeneca 5\u201d (12,5 cm) \u00e9 perfeita para quem busca efici\u00eancia e cuidado ao manejar peixes em aqu\u00e1rios. Com malha fina e ultraleve, ela evita estresse e poss\u00edveis machucados nos animais, garantindo uma captura suave e segura. Seu cabo resistente proporciona firmeza durante o [&hellip;]<\/p>\n","protected":false},"featured_media":1410787036,"comment_status":"open","ping_status":"closed","template":"","meta":{"googlesitekit_rrm_CAow0N7NCw:productID":"","content-type":"","pmpro_default_level":"","_themeisle_gutenberg_block_has_review":false},"product_brand":[435],"product_cat":[375,266],"product_tag":[],"class_list":{"0":"post-1410787037","1":"product","2":"type-product","3":"status-publish","4":"has-post-thumbnail","6":"product_brand-jeneca","7":"product_cat-aquarios-peixes-pet-shop","8":"product_cat-redes","9":"pmpro-has-access","11":"first","12":"instock","13":"taxable","14":"shipping-taxable","15":"purchasable","16":"product-type-simple"},"_links":{"self":[{"href":"https:\/\/dinhosreef.com\/en\/wp-json\/wp\/v2\/product\/1410787037","targetHints":{"allow":["GET"]}}],"collection":[{"href":"https:\/\/dinhosreef.com\/en\/wp-json\/wp\/v2\/product"}],"about":[{"href":"https:\/\/dinhosreef.com\/en\/wp-json\/wp\/v2\/types\/product"}],"replies":[{"embeddable":true,"href":"https:\/\/dinhosreef.com\/en\/wp-json\/wp\/v2\/comments?post=1410787037"}],"wp:featuredmedia":[{"embeddable":true,"href":"https:\/\/dinhosreef.com\/en\/wp-json\/wp\/v2\/media\/1410787036"}],"wp:attachment":[{"href":"https:\/\/dinhosreef.com\/en\/wp-json\/wp\/v2\/media?parent=1410787037"}],"wp:term":[{"taxonomy":"product_brand","embeddable":true,"href":"https:\/\/dinhosreef.com\/en\/wp-json\/wp\/v2\/product_brand?post=1410787037"},{"taxonomy":"product_cat","embeddable":true,"href":"https:\/\/dinhosreef.com\/en\/wp-json\/wp\/v2\/product_cat?post=1410787037"},{"taxonomy":"product_tag","embeddable":true,"href":"https:\/\/dinhosreef.com\/en\/wp-json\/wp\/v2\/product_tag?post=1410787037"}],"curies":[{"name":"wp","href":"https:\/\/api.w.org\/{rel}","templated":true}]}}