{"id":1410787039,"date":"2025-12-15T14:13:44","date_gmt":"2025-12-15T17:13:44","guid":{"rendered":"https:\/\/dinhosreef.com\/produto\/rede-para-captura-de-peixes-jeneca-4-10cm\/"},"modified":"2026-03-18T08:51:57","modified_gmt":"2026-03-18T11:51:57","slug":"rede-para-captura-de-peixes-jeneca-4-10cm","status":"publish","type":"product","link":"https:\/\/dinhosreef.com\/en\/product\/rede-para-captura-de-peixes-jeneca-4-10cm\/","title":{"rendered":"REDE PARA CAPTURA DE PEIXES JENECA 4&#8243; &#8211; 10CM"},"content":{"rendered":"<p data-start=\"79\" data-end=\"128\"><strong data-start=\"79\" data-end=\"128\">Rede para Captura de Peixes Jeneca 4&#8243; \u2013 10 cm<\/strong><\/p>\n<p data-start=\"130\" data-end=\"521\">A <strong data-start=\"132\" data-end=\"158\">Rede Jeneca 4\u201d (10 cm)<\/strong> \u00e9 o acess\u00f3rio ideal para quem busca praticidade e seguran\u00e7a na hora de capturar peixes em aqu\u00e1rios. Fabricada com <strong data-start=\"273\" data-end=\"295\">malha fina e macia<\/strong>, ela evita ferimentos nos animais, garantindo um manuseio muito mais tranquilo. Seu <strong data-start=\"380\" data-end=\"399\">cabo resistente<\/strong> oferece firmeza durante o uso, enquanto o <strong data-start=\"442\" data-end=\"464\">aro de 4 polegadas<\/strong> permite capturas precisas, at\u00e9 mesmo em espa\u00e7os menores.<\/p>\n<p data-start=\"523\" data-end=\"654\">Perfeita para <strong data-start=\"537\" data-end=\"573\">aqu\u00e1rios de \u00e1gua doce ou salgada<\/strong>, a Rede Jeneca \u00e9 uma escolha confi\u00e1vel para aquaristas iniciantes e experientes.<\/p>\n<p data-start=\"656\" data-end=\"676\"><strong data-start=\"656\" data-end=\"676\">Caracter\u00edsticas:<\/strong><\/p>\n<ul data-start=\"677\" data-end=\"892\">\n<li data-start=\"677\" data-end=\"709\">\n<p data-start=\"679\" data-end=\"709\">Tamanho do aro: <strong data-start=\"695\" data-end=\"709\">4\u201d (10 cm)<\/strong><\/p>\n<\/li>\n<li data-start=\"710\" data-end=\"743\">\n<p data-start=\"712\" data-end=\"743\">Material de alta durabilidade<\/p>\n<\/li>\n<li data-start=\"744\" data-end=\"780\">\n<p data-start=\"746\" data-end=\"780\">Malha fina que protege os peixes<\/p>\n<\/li>\n<li data-start=\"781\" data-end=\"814\">\n<p data-start=\"783\" data-end=\"814\">Cabo resistente e confort\u00e1vel<\/p>\n<\/li>\n<li data-start=\"815\" data-end=\"854\">\n<p data-start=\"817\" data-end=\"854\">Ideal para peixes pequenos e m\u00e9dios<\/p>\n<\/li>\n<li data-start=\"855\" data-end=\"892\">\n<p data-start=\"857\" data-end=\"892\">Leve, pr\u00e1tica e f\u00e1cil de manusear<\/p>\n<\/li>\n<\/ul>\n<p data-start=\"894\" data-end=\"976\"><strong data-start=\"894\" data-end=\"976\">Indispens\u00e1vel para manter a rotina do seu aqu\u00e1rio simples, segura e eficiente!<\/strong><\/p>","protected":false},"excerpt":{"rendered":"<p>Rede para Captura de Peixes Jeneca 4&#8243; \u2013 10 cm A Rede Jeneca 4\u201d (10 cm) \u00e9 o acess\u00f3rio ideal para quem busca praticidade e seguran\u00e7a na hora de capturar peixes em aqu\u00e1rios. Fabricada com malha fina e macia, ela evita ferimentos nos animais, garantindo um manuseio muito mais tranquilo. Seu cabo resistente oferece firmeza [&hellip;]<\/p>\n","protected":false},"featured_media":1410787044,"comment_status":"open","ping_status":"closed","template":"","meta":{"googlesitekit_rrm_CAow0N7NCw:productID":"","content-type":"","pmpro_default_level":"","_themeisle_gutenberg_block_has_review":false},"product_brand":[435],"product_cat":[375,266],"product_tag":[],"class_list":{"0":"post-1410787039","1":"product","2":"type-product","3":"status-publish","4":"has-post-thumbnail","6":"product_brand-jeneca","7":"product_cat-aquarios-peixes-pet-shop","8":"product_cat-redes","9":"pmpro-has-access","11":"first","12":"instock","13":"taxable","14":"shipping-taxable","15":"purchasable","16":"product-type-simple"},"_links":{"self":[{"href":"https:\/\/dinhosreef.com\/en\/wp-json\/wp\/v2\/product\/1410787039","targetHints":{"allow":["GET"]}}],"collection":[{"href":"https:\/\/dinhosreef.com\/en\/wp-json\/wp\/v2\/product"}],"about":[{"href":"https:\/\/dinhosreef.com\/en\/wp-json\/wp\/v2\/types\/product"}],"replies":[{"embeddable":true,"href":"https:\/\/dinhosreef.com\/en\/wp-json\/wp\/v2\/comments?post=1410787039"}],"wp:featuredmedia":[{"embeddable":true,"href":"https:\/\/dinhosreef.com\/en\/wp-json\/wp\/v2\/media\/1410787044"}],"wp:attachment":[{"href":"https:\/\/dinhosreef.com\/en\/wp-json\/wp\/v2\/media?parent=1410787039"}],"wp:term":[{"taxonomy":"product_brand","embeddable":true,"href":"https:\/\/dinhosreef.com\/en\/wp-json\/wp\/v2\/product_brand?post=1410787039"},{"taxonomy":"product_cat","embeddable":true,"href":"https:\/\/dinhosreef.com\/en\/wp-json\/wp\/v2\/product_cat?post=1410787039"},{"taxonomy":"product_tag","embeddable":true,"href":"https:\/\/dinhosreef.com\/en\/wp-json\/wp\/v2\/product_tag?post=1410787039"}],"curies":[{"name":"wp","href":"https:\/\/api.w.org\/{rel}","templated":true}]}}