{"id":1410787052,"date":"2025-12-16T14:15:45","date_gmt":"2025-12-16T17:15:45","guid":{"rendered":"https:\/\/dinhosreef.com\/produto\/la-sintetica-1-mt-x-45-cm\/"},"modified":"2026-04-08T11:38:25","modified_gmt":"2026-04-08T14:38:25","slug":"la-sintetica-1-mt-x-45-cm","status":"publish","type":"product","link":"https:\/\/dinhosreef.com\/en\/product\/la-sintetica-1-mt-x-45-cm\/","title":{"rendered":"LA SINTETICA  1 MT. X 45 CM"},"content":{"rendered":"<p>A L\u00e3 Sint\u00e9tica Plancton \u00e9 o principal elemento de filtragem mec\u00e2nica e biol\u00f3gica de aqu\u00e1rios de \u00e1gua doce, salgada e lagos, ajuda remover a sujeira e \u00e9 de extrema import\u00e2ncia na manuten\u00e7\u00e3o e limpeza. Fibra sint\u00e9tica mant\u00e9m inalterada a \u00e1gua garantindo uma excelente filtragem. O material pode ser colocado no filtro diretamente no ingresso da \u00e1gua, tratando de impurezas de maiores dimens\u00e3o ou na sa\u00edda da \u00e1gua, impedindo a passagem para o \u00e1quario ou lago de partes descascadas de materiais de filtragem. A \u00e1gua precisa estar sempre limpa para que os peixes vivam bem e n\u00e3o sejam acometidos por doen\u00e7as.<\/p>","protected":false},"excerpt":{"rendered":"<p>A L\u00e3 Sint\u00e9tica Plancton \u00e9 o principal elemento de filtragem mec\u00e2nica e biol\u00f3gica de aqu\u00e1rios de \u00e1gua doce, salgada e lagos, ajuda remover a sujeira e \u00e9 de extrema import\u00e2ncia na manuten\u00e7\u00e3o e limpeza. Fibra sint\u00e9tica mant\u00e9m inalterada a \u00e1gua garantindo uma excelente filtragem. O material pode ser colocado no filtro diretamente no ingresso da [&hellip;]<\/p>\n","protected":false},"featured_media":1410787051,"comment_status":"open","ping_status":"closed","template":"","meta":{"googlesitekit_rrm_CAow0N7NCw:productID":"","content-type":"","pmpro_default_level":"","_themeisle_gutenberg_block_has_review":false},"product_brand":[],"product_cat":[360],"product_tag":[],"class_list":{"0":"post-1410787052","1":"product","2":"type-product","3":"status-publish","4":"has-post-thumbnail","6":"product_cat-filtros-manutencao-de-aquarios-acessorios-para-aquarios-peixes-pet-shop","7":"pmpro-has-access","9":"first","10":"instock","11":"taxable","12":"shipping-taxable","13":"purchasable","14":"product-type-simple"},"_links":{"self":[{"href":"https:\/\/dinhosreef.com\/en\/wp-json\/wp\/v2\/product\/1410787052","targetHints":{"allow":["GET"]}}],"collection":[{"href":"https:\/\/dinhosreef.com\/en\/wp-json\/wp\/v2\/product"}],"about":[{"href":"https:\/\/dinhosreef.com\/en\/wp-json\/wp\/v2\/types\/product"}],"replies":[{"embeddable":true,"href":"https:\/\/dinhosreef.com\/en\/wp-json\/wp\/v2\/comments?post=1410787052"}],"wp:featuredmedia":[{"embeddable":true,"href":"https:\/\/dinhosreef.com\/en\/wp-json\/wp\/v2\/media\/1410787051"}],"wp:attachment":[{"href":"https:\/\/dinhosreef.com\/en\/wp-json\/wp\/v2\/media?parent=1410787052"}],"wp:term":[{"taxonomy":"product_brand","embeddable":true,"href":"https:\/\/dinhosreef.com\/en\/wp-json\/wp\/v2\/product_brand?post=1410787052"},{"taxonomy":"product_cat","embeddable":true,"href":"https:\/\/dinhosreef.com\/en\/wp-json\/wp\/v2\/product_cat?post=1410787052"},{"taxonomy":"product_tag","embeddable":true,"href":"https:\/\/dinhosreef.com\/en\/wp-json\/wp\/v2\/product_tag?post=1410787052"}],"curies":[{"name":"wp","href":"https:\/\/api.w.org\/{rel}","templated":true}]}}