{"id":1410787058,"date":"2025-12-16T14:32:16","date_gmt":"2025-12-16T17:32:16","guid":{"rendered":"https:\/\/dinhosreef.com\/produto\/esponja-oceanmax-filtragem-de-aquarios-8d-25x11-2cm\/"},"modified":"2026-04-09T10:24:49","modified_gmt":"2026-04-09T13:24:49","slug":"esponja-oceanmax-filtragem-de-aquarios-8d-25x11-2cm","status":"publish","type":"product","link":"https:\/\/dinhosreef.com\/en\/product\/esponja-oceanmax-filtragem-de-aquarios-8d-25x11-2cm\/","title":{"rendered":"ESPONJA OCEANMAX FILTRAGEM DE AQU\u00c1RIOS 8D 25&#215;11- 2CM"},"content":{"rendered":"<p>Esponja Filtrante Filtragem 8D Reutiliz\u00e1vel 25 x 11 x 2<br \/>Para<br \/>Aquarios \u00e1gua doce e salgada<br \/>Sump<br \/>Skimmer<br \/>Lagos<\/p>\n<p>PRODUTO PRONTA ENTREGA NO BRASIL<\/p>\n<p>Caracter\u00edsticas:<\/p>\n<p>&#8211; Deixa o aqu\u00e1rio com a \u00e1gua mais cristalina<br \/>&#8211; Possui 8 camadas de filtragem<br \/>&#8211; Lav\u00e1vel at\u00e9 200 vezes<br \/>&#8211; Pode ser cortado adequando a qualquer filtro de aqu\u00e1rio, sump ou skimmer<br \/>&#8211; Excelente custo benef\u00edcio<\/p>\n<p>Descri\u00e7\u00e3o:<\/p>\n<p>&#8211; Material: Esponja \/ Material Filtrante<br \/>&#8211; Tamanho: 25 cm X 12 cm X 2 cm<br \/>&#8211; Cor: Azul<\/p>\n<p>Conte\u00fado:<br \/>01 Esponja Manta Filtrante 8D<\/p>","protected":false},"excerpt":{"rendered":"<p>Esponja Filtrante Filtragem 8D Reutiliz\u00e1vel 25 x 11 x 2ParaAquarios \u00e1gua doce e salgadaSumpSkimmerLagos PRODUTO PRONTA ENTREGA NO BRASIL Caracter\u00edsticas: &#8211; Deixa o aqu\u00e1rio com a \u00e1gua mais cristalina&#8211; Possui 8 camadas de filtragem&#8211; Lav\u00e1vel at\u00e9 200 vezes&#8211; Pode ser cortado adequando a qualquer filtro de aqu\u00e1rio, sump ou skimmer&#8211; Excelente custo benef\u00edcio Descri\u00e7\u00e3o: &#8211; [&hellip;]<\/p>\n","protected":false},"featured_media":1410787057,"comment_status":"open","ping_status":"closed","template":"","meta":{"googlesitekit_rrm_CAow0N7NCw:productID":"","content-type":"","pmpro_default_level":"","_themeisle_gutenberg_block_has_review":false},"product_brand":[],"product_cat":[360],"product_tag":[],"class_list":{"0":"post-1410787058","1":"product","2":"type-product","3":"status-publish","4":"has-post-thumbnail","6":"product_cat-filtros-manutencao-de-aquarios-acessorios-para-aquarios-peixes-pet-shop","7":"pmpro-has-access","9":"first","10":"outofstock","11":"taxable","12":"shipping-taxable","13":"purchasable","14":"product-type-simple"},"_links":{"self":[{"href":"https:\/\/dinhosreef.com\/en\/wp-json\/wp\/v2\/product\/1410787058","targetHints":{"allow":["GET"]}}],"collection":[{"href":"https:\/\/dinhosreef.com\/en\/wp-json\/wp\/v2\/product"}],"about":[{"href":"https:\/\/dinhosreef.com\/en\/wp-json\/wp\/v2\/types\/product"}],"replies":[{"embeddable":true,"href":"https:\/\/dinhosreef.com\/en\/wp-json\/wp\/v2\/comments?post=1410787058"}],"wp:featuredmedia":[{"embeddable":true,"href":"https:\/\/dinhosreef.com\/en\/wp-json\/wp\/v2\/media\/1410787057"}],"wp:attachment":[{"href":"https:\/\/dinhosreef.com\/en\/wp-json\/wp\/v2\/media?parent=1410787058"}],"wp:term":[{"taxonomy":"product_brand","embeddable":true,"href":"https:\/\/dinhosreef.com\/en\/wp-json\/wp\/v2\/product_brand?post=1410787058"},{"taxonomy":"product_cat","embeddable":true,"href":"https:\/\/dinhosreef.com\/en\/wp-json\/wp\/v2\/product_cat?post=1410787058"},{"taxonomy":"product_tag","embeddable":true,"href":"https:\/\/dinhosreef.com\/en\/wp-json\/wp\/v2\/product_tag?post=1410787058"}],"curies":[{"name":"wp","href":"https:\/\/api.w.org\/{rel}","templated":true}]}}