{"id":1410787066,"date":"2025-12-16T14:32:34","date_gmt":"2025-12-16T17:32:34","guid":{"rendered":"https:\/\/dinhosreef.com\/produto\/esponja-oceanmax-p-filtragem-de-aquarios-12d-10x10-28cm\/"},"modified":"2026-04-09T10:24:47","modified_gmt":"2026-04-09T13:24:47","slug":"esponja-oceanmax-p-filtragem-de-aquarios-12d-10x10-28cm","status":"publish","type":"product","link":"https:\/\/dinhosreef.com\/en\/product\/esponja-oceanmax-p-filtragem-de-aquarios-12d-10x10-28cm\/","title":{"rendered":"ESPONJA OCEANMAX P\/ FILTRAGEM DE AQU\u00c1RIOS 12D 10&#215;10 2,8CM"},"content":{"rendered":"<p>O Filtro De Esponja 12d Para Aqu\u00e1rio \u00e9 a escolha ideal para garantir a sa\u00fade e o bem-estar dos seus peixes. Com sua estrutura de doze camadas aprimoradas, ele proporciona uma filtragem biol\u00f3gica eficiente, sem a utiliza\u00e7\u00e3o de cola, o que o torna uma op\u00e7\u00e3o segura e saud\u00e1vel para o seu aqu\u00e1rio. Com dimens\u00f5es de 50x11x2.8 cm, este filtro pode ser facilmente cortado para se ajustar a diferentes tamanhos de aqu\u00e1rios, tornando-o vers\u00e1til para qualquer tipo de instala\u00e7\u00e3o. Al\u00e9m disso, sua cor branca n\u00e3o interfere na est\u00e9tica do ambiente aqu\u00e1tico. O filtro \u00e9 novo e pode ser lavado, garantindo durabilidade e manuten\u00e7\u00e3o simples. Ideal para aqu\u00e1rios de qualquer marca, este produto \u00e9 uma solu\u00e7\u00e3o pr\u00e1tica e eficaz para manter a qualidade da \u00e1gua e a sa\u00fade dos seus peixes, proporcionando um ambiente limpo e saud\u00e1vel.<\/p>","protected":false},"excerpt":{"rendered":"<p>O Filtro De Esponja 12d Para Aqu\u00e1rio \u00e9 a escolha ideal para garantir a sa\u00fade e o bem-estar dos seus peixes. Com sua estrutura de doze camadas aprimoradas, ele proporciona uma filtragem biol\u00f3gica eficiente, sem a utiliza\u00e7\u00e3o de cola, o que o torna uma op\u00e7\u00e3o segura e saud\u00e1vel para o seu aqu\u00e1rio. Com dimens\u00f5es de [&hellip;]<\/p>\n","protected":false},"featured_media":1410787065,"comment_status":"open","ping_status":"closed","template":"","meta":{"googlesitekit_rrm_CAow0N7NCw:productID":"","content-type":"","pmpro_default_level":"","_themeisle_gutenberg_block_has_review":false},"product_brand":[],"product_cat":[360],"product_tag":[],"class_list":{"0":"post-1410787066","1":"product","2":"type-product","3":"status-publish","4":"has-post-thumbnail","6":"product_cat-filtros-manutencao-de-aquarios-acessorios-para-aquarios-peixes-pet-shop","7":"pmpro-has-access","9":"first","10":"outofstock","11":"taxable","12":"shipping-taxable","13":"purchasable","14":"product-type-simple"},"_links":{"self":[{"href":"https:\/\/dinhosreef.com\/en\/wp-json\/wp\/v2\/product\/1410787066","targetHints":{"allow":["GET"]}}],"collection":[{"href":"https:\/\/dinhosreef.com\/en\/wp-json\/wp\/v2\/product"}],"about":[{"href":"https:\/\/dinhosreef.com\/en\/wp-json\/wp\/v2\/types\/product"}],"replies":[{"embeddable":true,"href":"https:\/\/dinhosreef.com\/en\/wp-json\/wp\/v2\/comments?post=1410787066"}],"wp:featuredmedia":[{"embeddable":true,"href":"https:\/\/dinhosreef.com\/en\/wp-json\/wp\/v2\/media\/1410787065"}],"wp:attachment":[{"href":"https:\/\/dinhosreef.com\/en\/wp-json\/wp\/v2\/media?parent=1410787066"}],"wp:term":[{"taxonomy":"product_brand","embeddable":true,"href":"https:\/\/dinhosreef.com\/en\/wp-json\/wp\/v2\/product_brand?post=1410787066"},{"taxonomy":"product_cat","embeddable":true,"href":"https:\/\/dinhosreef.com\/en\/wp-json\/wp\/v2\/product_cat?post=1410787066"},{"taxonomy":"product_tag","embeddable":true,"href":"https:\/\/dinhosreef.com\/en\/wp-json\/wp\/v2\/product_tag?post=1410787066"}],"curies":[{"name":"wp","href":"https:\/\/api.w.org\/{rel}","templated":true}]}}