{"id":1410787092,"date":"2025-12-16T17:41:26","date_gmt":"2025-12-16T20:41:26","guid":{"rendered":"https:\/\/dinhosreef.com\/produto\/antipulgas-credeli-p-caes-450mg-1-comprimido\/"},"modified":"2026-02-21T18:33:15","modified_gmt":"2026-02-21T21:33:15","slug":"antipulgas-credeli-p-caes-450mg-1-comprimido","status":"publish","type":"product","link":"https:\/\/dinhosreef.com\/en\/product\/antipulgas-credeli-p-caes-450mg-1-comprimido\/","title":{"rendered":"ANTIPULGAS CREDELI P\/ C\u00c3ES 450MG- 1 COMPRIMIDO"},"content":{"rendered":"<p>Os animais est\u00e3o constantemente expostos a numerosos parasitas que podem afetar sua sa\u00fade. Certifique-se de que seu cachorrinho ou gato est\u00e9 livre de para aliviar seu desconforto e mant\u00ea-lo saud\u00e1vel.<\/p>\n<p>Tipo de tratamento<br \/>A comprimido \u00e9 um tratamento de administra\u00e7\u00e3o oral. O animal engole o comprimido de desparasita\u00e7\u00e3o que \u00e9 absorvido atrav\u00e9s do sistema digestivo e entra na corrente sangu\u00ednea onde passa para os tecidos. Se o parasita tiver contato com os tecidos a partir dos quais \u00e9 alimentado, ele morre.<\/p>","protected":false},"excerpt":{"rendered":"<p>Os animais est\u00e3o constantemente expostos a numerosos parasitas que podem afetar sua sa\u00fade. Certifique-se de que seu cachorrinho ou gato est\u00e9 livre de para aliviar seu desconforto e mant\u00ea-lo saud\u00e1vel. Tipo de tratamentoA comprimido \u00e9 um tratamento de administra\u00e7\u00e3o oral. O animal engole o comprimido de desparasita\u00e7\u00e3o que \u00e9 absorvido atrav\u00e9s do sistema digestivo e [&hellip;]<\/p>\n","protected":false},"featured_media":1410787091,"comment_status":"open","ping_status":"closed","template":"","meta":{"googlesitekit_rrm_CAow0N7NCw:productID":"","content-type":"","pmpro_default_level":"","_themeisle_gutenberg_block_has_review":false},"product_brand":[427],"product_cat":[423],"product_tag":[],"class_list":{"0":"post-1410787092","1":"product","2":"type-product","3":"status-publish","4":"has-post-thumbnail","6":"product_brand-elanco","7":"product_cat-framacia-caes","8":"pmpro-has-access","10":"first","11":"instock","12":"taxable","13":"shipping-taxable","14":"purchasable","15":"product-type-simple"},"_links":{"self":[{"href":"https:\/\/dinhosreef.com\/en\/wp-json\/wp\/v2\/product\/1410787092","targetHints":{"allow":["GET"]}}],"collection":[{"href":"https:\/\/dinhosreef.com\/en\/wp-json\/wp\/v2\/product"}],"about":[{"href":"https:\/\/dinhosreef.com\/en\/wp-json\/wp\/v2\/types\/product"}],"replies":[{"embeddable":true,"href":"https:\/\/dinhosreef.com\/en\/wp-json\/wp\/v2\/comments?post=1410787092"}],"wp:featuredmedia":[{"embeddable":true,"href":"https:\/\/dinhosreef.com\/en\/wp-json\/wp\/v2\/media\/1410787091"}],"wp:attachment":[{"href":"https:\/\/dinhosreef.com\/en\/wp-json\/wp\/v2\/media?parent=1410787092"}],"wp:term":[{"taxonomy":"product_brand","embeddable":true,"href":"https:\/\/dinhosreef.com\/en\/wp-json\/wp\/v2\/product_brand?post=1410787092"},{"taxonomy":"product_cat","embeddable":true,"href":"https:\/\/dinhosreef.com\/en\/wp-json\/wp\/v2\/product_cat?post=1410787092"},{"taxonomy":"product_tag","embeddable":true,"href":"https:\/\/dinhosreef.com\/en\/wp-json\/wp\/v2\/product_tag?post=1410787092"}],"curies":[{"name":"wp","href":"https:\/\/api.w.org\/{rel}","templated":true}]}}