{"id":1410787094,"date":"2025-12-16T17:41:31","date_gmt":"2025-12-16T20:41:31","guid":{"rendered":"https:\/\/dinhosreef.com\/produto\/baytril-flavour-p-caes-e-gatos-com-10-comprimidos\/"},"modified":"2026-03-17T10:00:43","modified_gmt":"2026-03-17T13:00:43","slug":"baytril-flavour-p-caes-e-gatos-com-10-comprimidos","status":"publish","type":"product","link":"https:\/\/dinhosreef.com\/en\/product\/baytril-flavour-p-caes-e-gatos-com-10-comprimidos\/","title":{"rendered":"BAYTRIL FLAVOUR P\/ C\u00c3ES E GATOS COM 10 COMPRIMIDOS"},"content":{"rendered":"<ul>\n<li>Indicado para c\u00e3es e gatos;<br \/>&#8211; Antibi\u00f3tico de amplo espectro;<br \/>&#8211; Trata infec\u00e7\u00f5es d\u00e9rmicas, respirat\u00f3rias, ent\u00e9ricas e geniturin\u00e1rias;<br \/>&#8211; Auxilia no tratamento da otite,<br \/>&#8211; A embalagem cont\u00e9m 1 blister com 10 comprimidos de 15 mg cada.<\/li>\n<\/ul>","protected":false},"excerpt":{"rendered":"<p>Indicado para c\u00e3es e gatos;&#8211; Antibi\u00f3tico de amplo espectro;&#8211; Trata infec\u00e7\u00f5es d\u00e9rmicas, respirat\u00f3rias, ent\u00e9ricas e geniturin\u00e1rias;&#8211; Auxilia no tratamento da otite,&#8211; A embalagem cont\u00e9m 1 blister com 10 comprimidos de 15 mg cada.<\/p>","protected":false},"featured_media":1410787093,"comment_status":"open","ping_status":"closed","template":"","meta":{"googlesitekit_rrm_CAow0N7NCw:productID":"","content-type":"","pmpro_default_level":"","_themeisle_gutenberg_block_has_review":false},"product_brand":[],"product_cat":[367],"product_tag":[],"class_list":{"0":"post-1410787094","1":"product","2":"type-product","3":"status-publish","4":"has-post-thumbnail","6":"product_cat-suplementos-e-vitaminas","7":"pmpro-has-access","9":"first","10":"outofstock","11":"taxable","12":"shipping-taxable","13":"purchasable","14":"product-type-simple"},"_links":{"self":[{"href":"https:\/\/dinhosreef.com\/en\/wp-json\/wp\/v2\/product\/1410787094","targetHints":{"allow":["GET"]}}],"collection":[{"href":"https:\/\/dinhosreef.com\/en\/wp-json\/wp\/v2\/product"}],"about":[{"href":"https:\/\/dinhosreef.com\/en\/wp-json\/wp\/v2\/types\/product"}],"replies":[{"embeddable":true,"href":"https:\/\/dinhosreef.com\/en\/wp-json\/wp\/v2\/comments?post=1410787094"}],"wp:featuredmedia":[{"embeddable":true,"href":"https:\/\/dinhosreef.com\/en\/wp-json\/wp\/v2\/media\/1410787093"}],"wp:attachment":[{"href":"https:\/\/dinhosreef.com\/en\/wp-json\/wp\/v2\/media?parent=1410787094"}],"wp:term":[{"taxonomy":"product_brand","embeddable":true,"href":"https:\/\/dinhosreef.com\/en\/wp-json\/wp\/v2\/product_brand?post=1410787094"},{"taxonomy":"product_cat","embeddable":true,"href":"https:\/\/dinhosreef.com\/en\/wp-json\/wp\/v2\/product_cat?post=1410787094"},{"taxonomy":"product_tag","embeddable":true,"href":"https:\/\/dinhosreef.com\/en\/wp-json\/wp\/v2\/product_tag?post=1410787094"}],"curies":[{"name":"wp","href":"https:\/\/api.w.org\/{rel}","templated":true}]}}