{"id":1410787098,"date":"2025-12-16T17:41:47","date_gmt":"2025-12-16T20:41:47","guid":{"rendered":"https:\/\/dinhosreef.com\/produto\/antiparasitario-advantage-max-3-combo-10ml-3-bisnagas\/"},"modified":"2026-02-12T14:14:51","modified_gmt":"2026-02-12T17:14:51","slug":"antiparasitario-advantage-max-3-combo-10ml-3-bisnagas","status":"publish","type":"product","link":"https:\/\/dinhosreef.com\/en\/product\/antiparasitario-advantage-max-3-combo-10ml-3-bisnagas\/","title":{"rendered":"ANTIPARASIT\u00c1RIO ADVANTAGE MAX 3 COMBO 1,0ML- 3 BISNAGAS"},"content":{"rendered":"<h1><strong>Advantage\u2122 Max3 prote\u00e7\u00e3o contra pulgas, carrapatos e mosquitos para c\u00e3es da Elanco<\/strong><\/h1>\n<p><strong>Compre agora e proteja quem voc\u00ea ama!<\/strong><\/p>\n<p><strong>Advantage\u2122 Max3<\/strong>\u00a0\u00e9 um antiparasit\u00e1rio t\u00f3pico para c\u00e3es que expulsa e mata pulgas, carrapatos e piolhos,al\u00e9m de controlar a infesta\u00e7\u00e3o proveniente do ambiente. Este produto tamb\u00e9m repele mosquitos,prevenindo que seu animal seja picado pelos transmissores de doen\u00e7as como a leishmaniose e adirofilariose (verme do cora\u00e7\u00e3o).<\/p>\n<p>A prote\u00e7\u00e3o que seu pet precisa de forma segura e eficaz!<\/p>\n<p>Advantage\u2122 Max3 elimina pulgas adultas em menos de 24 horas ap\u00f3s a aplica\u00e7\u00e3o e possui efeito cont\u00ednuo,evitando reinfesta\u00e7\u00f5es por at\u00e9 4 semanas. Produto que mata as pulgas a partir de 20 minutos ap\u00f3s o contato com o animal, impossibilitando que o ciclo parasit\u00e1rio aconte\u00e7a. Um modo de a\u00e7\u00e3o exclusivo, ideal para o tratamento e controle da dermatite al\u00e9rgica (DAPP).<br \/>Garanta a seguran\u00e7a de filhotes a partir de 7 semanas de vida, c\u00e3es adultos, gestantes e lactantes.<br \/>Advantage\u2122 Max3 \u00e9 seguro para c\u00e3es de todos os portes.<\/p>\n<p>Advantage\u2122 Max3 \u00e9 um produto de aplica\u00e7\u00e3o mensal de uso t\u00f3pico que pode ser administrado logo ap\u00f3s o banho e a tosa, com pelo seco.<br \/>Em \u00e1reas end\u00eamicas de leishmaniose, recomenda-se aplica\u00e7\u00e3o a cada 3 semanas*.<br \/>Advantage\u2122 Max3 \u00e9 um produto Elanco, l\u00edder global em sa\u00fade animal, pensando sempre em fornecer produtos e servi\u00e7os para prevenir e tratar doen\u00e7as em animais de estima\u00e7\u00e3o.<\/p>\n<p>N\u00e3o deixe seu pet vulner\u00e1vel! Com\u00a0<strong>Advantage\u2122 Max3<\/strong>, voc\u00ea elimina pulgas, carrapatos e piolhos rapidamente e ainda repele mosquitos transmissores de doen\u00e7as graves como\u00a0<strong>leishmaniose e verme do cora\u00e7\u00e3o<\/strong>.<\/p>\n<p><strong>Compre agora e proteja quem voc\u00ea ama!<\/strong><\/p>","protected":false},"excerpt":{"rendered":"<p>Advantage\u2122 Max3 prote\u00e7\u00e3o contra pulgas, carrapatos e mosquitos para c\u00e3es da Elanco Compre agora e proteja quem voc\u00ea ama! Advantage\u2122 Max3\u00a0\u00e9 um antiparasit\u00e1rio t\u00f3pico para c\u00e3es que expulsa e mata pulgas, carrapatos e piolhos,al\u00e9m de controlar a infesta\u00e7\u00e3o proveniente do ambiente. Este produto tamb\u00e9m repele mosquitos,prevenindo que seu animal seja picado pelos transmissores de doen\u00e7as [&hellip;]<\/p>\n","protected":false},"featured_media":1410787097,"comment_status":"open","ping_status":"closed","template":"","meta":{"googlesitekit_rrm_CAow0N7NCw:productID":"","content-type":"","pmpro_default_level":"","_themeisle_gutenberg_block_has_review":false},"product_brand":[],"product_cat":[367],"product_tag":[],"class_list":{"0":"post-1410787098","1":"product","2":"type-product","3":"status-publish","4":"has-post-thumbnail","6":"product_cat-suplementos-e-vitaminas","7":"pmpro-has-access","9":"first","10":"instock","11":"taxable","12":"shipping-taxable","13":"purchasable","14":"product-type-simple"},"_links":{"self":[{"href":"https:\/\/dinhosreef.com\/en\/wp-json\/wp\/v2\/product\/1410787098","targetHints":{"allow":["GET"]}}],"collection":[{"href":"https:\/\/dinhosreef.com\/en\/wp-json\/wp\/v2\/product"}],"about":[{"href":"https:\/\/dinhosreef.com\/en\/wp-json\/wp\/v2\/types\/product"}],"replies":[{"embeddable":true,"href":"https:\/\/dinhosreef.com\/en\/wp-json\/wp\/v2\/comments?post=1410787098"}],"wp:featuredmedia":[{"embeddable":true,"href":"https:\/\/dinhosreef.com\/en\/wp-json\/wp\/v2\/media\/1410787097"}],"wp:attachment":[{"href":"https:\/\/dinhosreef.com\/en\/wp-json\/wp\/v2\/media?parent=1410787098"}],"wp:term":[{"taxonomy":"product_brand","embeddable":true,"href":"https:\/\/dinhosreef.com\/en\/wp-json\/wp\/v2\/product_brand?post=1410787098"},{"taxonomy":"product_cat","embeddable":true,"href":"https:\/\/dinhosreef.com\/en\/wp-json\/wp\/v2\/product_cat?post=1410787098"},{"taxonomy":"product_tag","embeddable":true,"href":"https:\/\/dinhosreef.com\/en\/wp-json\/wp\/v2\/product_tag?post=1410787098"}],"curies":[{"name":"wp","href":"https:\/\/api.w.org\/{rel}","templated":true}]}}