{"id":1410787100,"date":"2025-12-16T17:41:51","date_gmt":"2025-12-16T20:41:51","guid":{"rendered":"https:\/\/dinhosreef.com\/produto\/zenrelia-comprimido-dermatologico-p-caes-15mg-30-comp\/"},"modified":"2026-02-26T10:38:11","modified_gmt":"2026-02-26T13:38:11","slug":"zenrelia-comprimido-dermatologico-p-caes-15mg-30-comp","status":"publish","type":"product","link":"https:\/\/dinhosreef.com\/en\/product\/zenrelia-comprimido-dermatologico-p-caes-15mg-30-comp\/","title":{"rendered":"ZENRELIA COMPRIMIDO DERMATOL\u00d3GICO P\/ C\u00c3ES 15MG- 30 COMP"},"content":{"rendered":"<p>Indicado para c\u00e3es; Ideal para c\u00e3es adultos; Tratamento da coceira associada \u00e0 dermatite al\u00e9rgica e at\u00f3pica em c\u00e3es; Com r\u00e1pida a\u00e7\u00e3o para al\u00edvio da coceira; Efeito de longa dura\u00e7\u00e3o; Dose \u00fanica di\u00e1ria; Seguro e eficaz no tratamento de dermatites al\u00e9rgicas; Age diretamente na fonte da coceira;<\/p>","protected":false},"excerpt":{"rendered":"<p>Indicado para c\u00e3es; Ideal para c\u00e3es adultos; Tratamento da coceira associada \u00e0 dermatite al\u00e9rgica e at\u00f3pica em c\u00e3es; Com r\u00e1pida a\u00e7\u00e3o para al\u00edvio da coceira; Efeito de longa dura\u00e7\u00e3o; Dose \u00fanica di\u00e1ria; Seguro e eficaz no tratamento de dermatites al\u00e9rgicas; Age diretamente na fonte da coceira;<\/p>","protected":false},"featured_media":1410787099,"comment_status":"open","ping_status":"closed","template":"","meta":{"googlesitekit_rrm_CAow0N7NCw:productID":"","content-type":"","pmpro_default_level":"","_themeisle_gutenberg_block_has_review":false},"product_brand":[427],"product_cat":[423],"product_tag":[],"class_list":{"0":"post-1410787100","1":"product","2":"type-product","3":"status-publish","4":"has-post-thumbnail","6":"product_brand-elanco","7":"product_cat-framacia-caes","8":"pmpro-has-access","10":"first","11":"outofstock","12":"taxable","13":"shipping-taxable","14":"purchasable","15":"product-type-simple"},"_links":{"self":[{"href":"https:\/\/dinhosreef.com\/en\/wp-json\/wp\/v2\/product\/1410787100","targetHints":{"allow":["GET"]}}],"collection":[{"href":"https:\/\/dinhosreef.com\/en\/wp-json\/wp\/v2\/product"}],"about":[{"href":"https:\/\/dinhosreef.com\/en\/wp-json\/wp\/v2\/types\/product"}],"replies":[{"embeddable":true,"href":"https:\/\/dinhosreef.com\/en\/wp-json\/wp\/v2\/comments?post=1410787100"}],"wp:featuredmedia":[{"embeddable":true,"href":"https:\/\/dinhosreef.com\/en\/wp-json\/wp\/v2\/media\/1410787099"}],"wp:attachment":[{"href":"https:\/\/dinhosreef.com\/en\/wp-json\/wp\/v2\/media?parent=1410787100"}],"wp:term":[{"taxonomy":"product_brand","embeddable":true,"href":"https:\/\/dinhosreef.com\/en\/wp-json\/wp\/v2\/product_brand?post=1410787100"},{"taxonomy":"product_cat","embeddable":true,"href":"https:\/\/dinhosreef.com\/en\/wp-json\/wp\/v2\/product_cat?post=1410787100"},{"taxonomy":"product_tag","embeddable":true,"href":"https:\/\/dinhosreef.com\/en\/wp-json\/wp\/v2\/product_tag?post=1410787100"}],"curies":[{"name":"wp","href":"https:\/\/api.w.org\/{rel}","templated":true}]}}