{"id":1410787102,"date":"2025-12-16T17:41:55","date_gmt":"2025-12-16T20:41:55","guid":{"rendered":"https:\/\/dinhosreef.com\/produto\/antipulgas-credeli-plus-5625mg-1-comprimido\/"},"modified":"2026-02-21T18:32:36","modified_gmt":"2026-02-21T21:32:36","slug":"antipulgas-credeli-plus-5625mg-1-comprimido","status":"publish","type":"product","link":"https:\/\/dinhosreef.com\/en\/product\/antipulgas-credeli-plus-5625mg-1-comprimido\/","title":{"rendered":"ANTIPULGAS CREDELI PLUS 56,25MG- 1 COMPRIMIDO"},"content":{"rendered":"<h1 data-end=\"396\" data-start=\"314\"><strong data-end=\"396\" data-start=\"317\">Credeli\u2122 Plus \u2014 Prote\u00e7\u00e3o Mensal Completa contra Carrapatos, Pulgas e Vermes<\/strong><\/h1>\n<p data-end=\"487\" data-start=\"398\">Prote\u00e7\u00e3o multifuncional em um comprimido mensal: conforto e sa\u00fade em um \u00fanico gesto<\/p>\n<p data-end=\"843\" data-start=\"488\"><strong data-end=\"505\" data-start=\"488\">Credeli\u2122 Plus<\/strong>\u00a0\u00e9 o endectocida que combina\u00a0<strong data-end=\"567\" data-start=\"534\">lotilaner + milbemicina oxima<\/strong>, oferecendo prote\u00e7\u00e3o integrada contra ectoparasitas (pulgas e carrapatos) e endoparasitas (vermes intestinais e preven\u00e7\u00e3o da dirofilariose) com administra\u00e7\u00e3o\u00a0<strong data-end=\"743\" data-start=\"726\">1 vez por m\u00eas<\/strong>\u00a0\u2014 remodelando a preven\u00e7\u00e3o em conveni\u00eancia e efic\u00e1cia cl\u00ednica.<\/p>\n<p data-end=\"877\" data-start=\"850\">\u00a0<\/p>\n<p data-end=\"877\" data-start=\"850\"><strong>Principais Benef\u00edcios<\/strong><\/p>\n<ul data-end=\"2176\" data-start=\"878\">\n<li data-end=\"1117\" data-start=\"878\">\n<p data-end=\"1117\" data-start=\"880\"><strong data-end=\"929\" data-start=\"880\">Tripla prote\u00e7\u00e3o em \u00fanica administra\u00e7\u00e3o mensal<\/strong>\u00a0\u2014 um comprimido = 30 dias de prote\u00e7\u00e3o contra pulgas, carrapatos e vermes intestinais. Ideal para quem busca praticidade sem abrir m\u00e3o da seguran\u00e7a.\u00a0<\/p>\n<\/li>\n<li data-end=\"1485\" data-start=\"1118\">\n<p data-end=\"1485\" data-start=\"1120\"><strong data-end=\"1168\" data-start=\"1120\">A\u00e7\u00e3o r\u00e1pida e interrup\u00e7\u00e3o do ciclo de pulgas<\/strong>\u00a0\u2014 elimina\u00e7\u00e3o de infesta\u00e7\u00f5es existentes em poucas horas (pulgas: infesta\u00e7\u00f5es existentes eliminadas em at\u00e9 6 horas; novas infesta\u00e7\u00f5es em at\u00e9 4 horas) e a\u00e7\u00e3o contra carrapatos com efic\u00e1cia inicial em horas. Esses par\u00e2metros ajudam a interromper o ciclo reprodutivo dos parasitas.<\/p>\n<\/li>\n<li data-end=\"1719\" data-start=\"1486\">\n<p data-end=\"1719\" data-start=\"1488\"><strong data-end=\"1525\" data-start=\"1488\">Cobertura contra vermes perigosos<\/strong>\u00a0\u2014 protege contra nemat\u00f3deos como ancilostom\u00eddeos e tricur\u00eddeos, al\u00e9m de integrar programas de preven\u00e7\u00e3o da dirofilariose conforme orienta\u00e7\u00e3o veterin\u00e1ria.\u00a0<\/p>\n<\/li>\n<li data-end=\"1966\" data-start=\"1720\">\n<p data-end=\"1966\" data-start=\"1722\"><strong data-end=\"1769\" data-start=\"1722\">Alta aceita\u00e7\u00e3o e baixo potencial alerg\u00eanico<\/strong>\u00a0\u2014 comprimidos mastig\u00e1veis formulados com palatabilizantes de baixo potencial alerg\u00eanico, com elevada aceita\u00e7\u00e3o em m\u00faltiplas ra\u00e7as (estudo e dados cl\u00ednicos).\u00a0<\/p>\n<\/li>\n<li data-end=\"2176\" data-start=\"1967\">\n<p data-end=\"2176\" data-start=\"1969\"><strong data-end=\"2002\" data-start=\"1969\">Vers\u00f5es para diferentes pesos<\/strong> \u2014 dispon\u00edvel em diversas dosagens para cobrir desde c\u00e3es de pequeno porte at\u00e9 c\u00e3es grandes, facilitando dose precisa por peso corporal.<\/p>\n<p data-end=\"2592\" data-start=\"2559\"><strong>Modo de Uso \/ Recomenda\u00e7\u00f5es<\/strong><\/p>\n<ul data-end=\"3677\" data-start=\"2593\">\n<li data-end=\"2836\" data-start=\"2593\">\n<p data-end=\"2836\" data-start=\"2595\"><strong data-end=\"2631\" data-start=\"2595\">Administrar 1 comprimido por m\u00eas<\/strong>, com ou ap\u00f3s a alimenta\u00e7\u00e3o, conforme a apresenta\u00e7\u00e3o adequada ao peso do animal. Use a combina\u00e7\u00e3o de apresenta\u00e7\u00f5es dispon\u00edveis para ajustar a dose quando necess\u00e1rio.\u00a0<\/p>\n<\/li>\n<li data-end=\"3149\" data-start=\"2837\">\n<p data-end=\"3149\" data-start=\"2839\"><strong data-end=\"2889\" data-start=\"2839\">Verifique o peso do c\u00e3o antes da administra\u00e7\u00e3o<\/strong>\u00a0e selecione a apresenta\u00e7\u00e3o que garante a dose recomendada (20\u201341 mg lotilaner\/kg e 0,75\u20131,53 mg milbemicina oxima\/kg). A subdosagem pode reduzir efic\u00e1cia e favorecer resist\u00eancia \u2014 por isso o c\u00e1lculo correto \u00e9 essencial.<\/p>\n<\/li>\n<li data-end=\"3403\" data-start=\"3150\">\n<p data-end=\"3403\" data-start=\"3152\"><strong data-end=\"3208\" data-start=\"3152\">Siga a prescri\u00e7\u00e3o e orienta\u00e7\u00e3o do m\u00e9dico-veterin\u00e1rio<\/strong>\u00a0para esquemas de preven\u00e7\u00e3o (ex.: dirofilariose) e para situa\u00e7\u00f5es de infesta\u00e7\u00e3o intensa, tratamento de m\u00faltiplos animais ou adequa\u00e7\u00e3o de protocolos locais.\u00a0<\/p>\n<\/li>\n<li data-end=\"3677\" data-start=\"3404\">\n<p data-end=\"3677\" data-start=\"3406\"><strong data-end=\"3420\" data-start=\"3406\">Precau\u00e7\u00f5es<\/strong>: n\u00e3o administrar em animais gravemente doentes; evite a combina\u00e7\u00e3o com outros anthelminticos\/ectoparasiticidas sem orienta\u00e7\u00e3o veterin\u00e1ria; em caso de d\u00favidas sobre alergias ou hist\u00f3rico cl\u00ednico, consulte o veterin\u00e1rio.<\/p>\n<\/li>\n<\/ul>\n<\/li>\n<\/ul>","protected":false},"excerpt":{"rendered":"<p>Credeli\u2122 Plus \u2014 Prote\u00e7\u00e3o Mensal Completa contra Carrapatos, Pulgas e Vermes Prote\u00e7\u00e3o multifuncional em um comprimido mensal: conforto e sa\u00fade em um \u00fanico gesto Credeli\u2122 Plus\u00a0\u00e9 o endectocida que combina\u00a0lotilaner + milbemicina oxima, oferecendo prote\u00e7\u00e3o integrada contra ectoparasitas (pulgas e carrapatos) e endoparasitas (vermes intestinais e preven\u00e7\u00e3o da dirofilariose) com administra\u00e7\u00e3o\u00a01 vez por m\u00eas\u00a0\u2014 remodelando [&hellip;]<\/p>\n","protected":false},"featured_media":1410787101,"comment_status":"open","ping_status":"closed","template":"","meta":{"googlesitekit_rrm_CAow0N7NCw:productID":"","content-type":"","pmpro_default_level":"","_themeisle_gutenberg_block_has_review":false},"product_brand":[427],"product_cat":[423],"product_tag":[],"class_list":{"0":"post-1410787102","1":"product","2":"type-product","3":"status-publish","4":"has-post-thumbnail","6":"product_brand-elanco","7":"product_cat-framacia-caes","8":"pmpro-has-access","10":"first","11":"instock","12":"taxable","13":"shipping-taxable","14":"purchasable","15":"product-type-simple"},"_links":{"self":[{"href":"https:\/\/dinhosreef.com\/en\/wp-json\/wp\/v2\/product\/1410787102","targetHints":{"allow":["GET"]}}],"collection":[{"href":"https:\/\/dinhosreef.com\/en\/wp-json\/wp\/v2\/product"}],"about":[{"href":"https:\/\/dinhosreef.com\/en\/wp-json\/wp\/v2\/types\/product"}],"replies":[{"embeddable":true,"href":"https:\/\/dinhosreef.com\/en\/wp-json\/wp\/v2\/comments?post=1410787102"}],"wp:featuredmedia":[{"embeddable":true,"href":"https:\/\/dinhosreef.com\/en\/wp-json\/wp\/v2\/media\/1410787101"}],"wp:attachment":[{"href":"https:\/\/dinhosreef.com\/en\/wp-json\/wp\/v2\/media?parent=1410787102"}],"wp:term":[{"taxonomy":"product_brand","embeddable":true,"href":"https:\/\/dinhosreef.com\/en\/wp-json\/wp\/v2\/product_brand?post=1410787102"},{"taxonomy":"product_cat","embeddable":true,"href":"https:\/\/dinhosreef.com\/en\/wp-json\/wp\/v2\/product_cat?post=1410787102"},{"taxonomy":"product_tag","embeddable":true,"href":"https:\/\/dinhosreef.com\/en\/wp-json\/wp\/v2\/product_tag?post=1410787102"}],"curies":[{"name":"wp","href":"https:\/\/api.w.org\/{rel}","templated":true}]}}