{"id":1410787104,"date":"2025-12-16T17:42:02","date_gmt":"2025-12-16T20:42:02","guid":{"rendered":"https:\/\/dinhosreef.com\/produto\/antipulgas-credeli-p-caes-5625mg-1-comprimido\/"},"modified":"2026-03-06T09:22:57","modified_gmt":"2026-03-06T12:22:57","slug":"antipulgas-credeli-p-caes-5625mg-1-comprimido","status":"publish","type":"product","link":"https:\/\/dinhosreef.com\/en\/product\/antipulgas-credeli-p-caes-5625mg-1-comprimido\/","title":{"rendered":"ANTIPULGAS CREDELI P\/ C\u00c3ES 56,25MG &#8211; 1 COMPRIMIDO"},"content":{"rendered":"<h2>Antipulgas Credeli para C\u00e3es de 1,3 a 2,5kg<\/h2>\n<p>No combate r\u00e1pido contra pulgas e carrapatos, a melhor op\u00e7\u00e3o \u00e9 o medicamento\u00a0<strong>Credeli<\/strong>, que tem grande efic\u00e1cia no tratamento.<\/p>\n<p>Comercializado em 5 concentra\u00e7\u00f5es diferentes, sendo cada uma espec\u00edfica para um peso corporal, o\u00a0<strong>Antipulgas Credeli 56,25 mg<\/strong>\u00a0\u00e9 especificamente para c\u00e3es de 1,3kg a 2,5kg.<\/p>\n<p>Al\u00e9m das informa\u00e7\u00f5es citadas anteriormente, esse medicamento possui os seguintes benef\u00edcios:<\/p>\n<ul>\n<li>\u00c9 eficaz contra o\u00a0<strong>carrapato-estrela<\/strong>, causador da febre maculosa;<\/li>\n<li>Cartelas com 3 comprimidos, sendo um para cada m\u00eas, com efic\u00e1cia de 90 dias;<\/li>\n<li>Comprimidos mastig\u00e1veis no sabor carne de f\u00e1cil ingest\u00e3o.<\/li>\n<\/ul>\n<h3>Administrando o medicamento<\/h3>\n<p>Este comprimido \u00e9 administrado somente via oral, durante ou ap\u00f3s as refei\u00e7\u00f5es. D\u00ea 1 comprimido de 56,25 mg para seu pet de 1,3 kg a 2,5 kg a cada 30 dias.<\/p>\n<p>Caso seu animal de estima\u00e7\u00e3o tenha um peso maior do que o indicado para essa pot\u00eancia, consulte a\u00a0<strong>bula do Credeli<\/strong>\u00a0para verificar quais s\u00e3o as recomenda\u00e7\u00f5es para animais que possuem outros pesos.<\/p>\n<p>A fabricante do antipulgas Credeli n\u00e3o fala sobre nenhum efeito adverso do medicamento, por\u00e9m, administre-o de acordo com a bula, respeitando a dosagem para o tipo certo de peso. Em caso de d\u00favidas, converse com um m\u00e9dico-veterin\u00e1rio para entender melhor.<\/p>\n<h3>Como o Credeli age<\/h3>\n<h3>O antipulgas Credeli age com uma mol\u00e9cula pr\u00f3pria desenvolvida para a elimina\u00e7\u00e3o completa de carrapatos em at\u00e9 8 horas e a de pulgas em at\u00e9 6 horas.<\/p>\n<\/h3>\n<h3>Cuidados necess\u00e1rios<\/h3>\n<ul>\n<li>N\u00e3o aumente a dosagem do medicamento para que o efeito seja mais r\u00e1pido, pois n\u00e3o \u00e9 assim que funciona!<\/li>\n<li>Administre o rem\u00e9dio conforme a bula e\/ou orienta\u00e7\u00e3o do m\u00e9dico-veterin\u00e1rio e se atente a poss\u00edveis sinais de intoxica\u00e7\u00e3o. Caso aconte\u00e7a, leve seu pet imediatamente at\u00e9 uma cl\u00ednica veterin\u00e1ria;<\/li>\n<li>Lave bem as m\u00e3os antes e depois de administrar esse rem\u00e9dio;<\/li>\n<li>Mantenha o antipulgas Credeli longe de crian\u00e7as e animais dom\u00e9sticos;<\/li>\n<li>N\u00e3o armazene junto a alimentos, bebidas ou itens de higiene pessoal;<\/li>\n<li>Evite deixar em lugares muito \u00famidos ou exposto ao tempo.<\/li>\n<\/ul>\n<p>O Credeli \u00e9 um medicamento espec\u00edfico para c\u00e3es, portanto, em caso de ingest\u00e3o acidental por humanos, consulte um profissional e n\u00e3o se esque\u00e7a de levar a caixa do rem\u00e9dio para que o m\u00e9dico verifique quais s\u00e3o os componentes e f\u00f3rmulas presentes nele.<\/p>","protected":false},"excerpt":{"rendered":"<p>Antipulgas Credeli para C\u00e3es de 1,3 a 2,5kg No combate r\u00e1pido contra pulgas e carrapatos, a melhor op\u00e7\u00e3o \u00e9 o medicamento\u00a0Credeli, que tem grande efic\u00e1cia no tratamento. Comercializado em 5 concentra\u00e7\u00f5es diferentes, sendo cada uma espec\u00edfica para um peso corporal, o\u00a0Antipulgas Credeli 56,25 mg\u00a0\u00e9 especificamente para c\u00e3es de 1,3kg a 2,5kg. Al\u00e9m das informa\u00e7\u00f5es citadas [&hellip;]<\/p>\n","protected":false},"featured_media":1410787103,"comment_status":"open","ping_status":"closed","template":"","meta":{"googlesitekit_rrm_CAow0N7NCw:productID":"","content-type":"","pmpro_default_level":"","_themeisle_gutenberg_block_has_review":false},"product_brand":[427],"product_cat":[423],"product_tag":[],"class_list":{"0":"post-1410787104","1":"product","2":"type-product","3":"status-publish","4":"has-post-thumbnail","6":"product_brand-elanco","7":"product_cat-framacia-caes","8":"pmpro-has-access","10":"first","11":"instock","12":"taxable","13":"shipping-taxable","14":"purchasable","15":"product-type-simple"},"_links":{"self":[{"href":"https:\/\/dinhosreef.com\/en\/wp-json\/wp\/v2\/product\/1410787104","targetHints":{"allow":["GET"]}}],"collection":[{"href":"https:\/\/dinhosreef.com\/en\/wp-json\/wp\/v2\/product"}],"about":[{"href":"https:\/\/dinhosreef.com\/en\/wp-json\/wp\/v2\/types\/product"}],"replies":[{"embeddable":true,"href":"https:\/\/dinhosreef.com\/en\/wp-json\/wp\/v2\/comments?post=1410787104"}],"wp:featuredmedia":[{"embeddable":true,"href":"https:\/\/dinhosreef.com\/en\/wp-json\/wp\/v2\/media\/1410787103"}],"wp:attachment":[{"href":"https:\/\/dinhosreef.com\/en\/wp-json\/wp\/v2\/media?parent=1410787104"}],"wp:term":[{"taxonomy":"product_brand","embeddable":true,"href":"https:\/\/dinhosreef.com\/en\/wp-json\/wp\/v2\/product_brand?post=1410787104"},{"taxonomy":"product_cat","embeddable":true,"href":"https:\/\/dinhosreef.com\/en\/wp-json\/wp\/v2\/product_cat?post=1410787104"},{"taxonomy":"product_tag","embeddable":true,"href":"https:\/\/dinhosreef.com\/en\/wp-json\/wp\/v2\/product_tag?post=1410787104"}],"curies":[{"name":"wp","href":"https:\/\/api.w.org\/{rel}","templated":true}]}}