{"id":1410787106,"date":"2025-12-16T17:42:06","date_gmt":"2025-12-16T20:42:06","guid":{"rendered":"https:\/\/dinhosreef.com\/produto\/antipulgas-credeli-112-5mg-p-caes-3-compridos\/"},"modified":"2026-02-21T18:31:56","modified_gmt":"2026-02-21T21:31:56","slug":"antipulgas-credeli-112-5mg-p-caes-3-compridos","status":"publish","type":"product","link":"https:\/\/dinhosreef.com\/en\/product\/antipulgas-credeli-112-5mg-p-caes-3-compridos\/","title":{"rendered":"ANTIPULGAS CREDELI 112.5MG P\/ C\u00c3ES &#8211; 3 COMPRIDOS"},"content":{"rendered":"<h2>Antipulgas Credeli 112,5mg C\u00e3es 2,5 a 5,5kg<\/h2>\n<p>O\u00a0<strong>Antipulgas Credeli 112,5mg<\/strong>\u00a0\u00e9 um comprimido pequeno, mastig\u00e1vel com sabor de carne, facilitando a ingest\u00e3o para o seu bichinho. Ele protege contra carrapatos e pulgas e serve para c\u00e3es de todas as idades que pesam de 2,5kg a 5,5kg e \u00e9 seguro para filhotes a partir de 8 semanas de vida.<\/p>\n<p>O funcionamento do\u00a0<strong>Antipulgas Credeli 112,5mg<\/strong>\u00a0\u00e9 de at\u00e9 30 dias, ou seja, oferece a\u00e7\u00e3o imediata e persist\u00eancia, protegendo seu amigo de companheiros indesej\u00e1veis pelo m\u00eas inteiro.<\/p>\n<p>Al\u00e9m disso, o\u00a0<strong>Antipulgas Credeli 112,5mg C\u00e3es 2,5 a 5,5kg tem um pre\u00e7o<\/strong>\u00a0especial e imperd\u00edvel aqui na Cobasi. Compre no pet shop online, pelo App em em uma de nossas lojas f\u00edsicas espalhadas por todo o Brasil.<\/p>\n<h3>Em quanto tempo o Credeli 112,5mg come\u00e7a a agir?<\/h3>\n<p>O\u00a0<strong>Credeli 112,5mg<\/strong>\u00a0\u00e9 o antipulgas mais r\u00e1pido existente, com a a\u00e7\u00e3o sendo iniciada em at\u00e9 4 horas e totalmente eficaz em at\u00e9 8 horas, para os carrapatos. J\u00e1 para as pulgas, come\u00e7a ap\u00f3s 2 horas e tem a\u00e7\u00e3o total em at\u00e9 6 horas.<\/p>\n<p>Lembrando que \u00e9 importante verificar o peso do c\u00e3o antes, para que ele tome a dosagem certa e o rem\u00e9dio fa\u00e7a efeito.<\/p>\n<h3>Qual a composi\u00e7\u00e3o do Credeli 112,5 mg?<\/h3>\n<p>O rem\u00e9dio \u00e9 composto de Lotilaner 35,16 mg e Excipiente q.s.p 100,00 mg.<\/p>\n<h3>Como fa\u00e7o para aplicar o produto em meu c\u00e3o?<\/h3>\n<p>Por ser um comprimido administrado via oral, e uma vez ao m\u00eas, deve ser colocado no alimento do seu amigo ou logo ap\u00f3s a refei\u00e7\u00e3o do animal.<\/p>\n<h3>Quais os benef\u00edcios do uso?<\/h3>\n<p>No caso de carrapatos, o Credeli 112,5mg come\u00e7a agir ap\u00f3s 4 horas, e a efic\u00e1cia total dele \u00e9 dada ap\u00f3s 8 horas completas, combatendo tamb\u00e9m a infesta\u00e7\u00e3o por\u00a0<strong>carrapato-estrela<\/strong>\u00a0causador da febre maculosa. J\u00e1 para pulgas, ele come\u00e7a a agir antes, com 2 horas, e se torna completamente eficaz ap\u00f3s 6 horas.<\/p>\n<p>Al\u00e9m de agir eliminando pulgas e carrapatos, o Credeli previne novas coloca\u00e7\u00f5es de ovos pelos animais indesejados e a contamina\u00e7\u00e3o do ambiente que o c\u00e3o vive.<\/p>\n<p>Ele funciona, tamb\u00e9m, contra a dermatite al\u00e9rgica causada pelas picadas de pulgas, diminuindo riscos de doen\u00e7as que esses parasitas podem causar, como erliquiose.<\/p>\n<h3>Quando o Credeli n\u00e3o deve ser usado?<\/h3>\n<h3>Caso o c\u00e3o tenha hipersensibilidade ao ingrediente ativo ou a qualquer um que esteja presente no excipiente.<\/p>\n<p>Em caso de d\u00favidas consulte a\u00a0<strong>bula do Credeli<\/strong> ou consulte um m\u00e9dico-veterin\u00e1rio para mais informa\u00e7\u00f5es.<\/h3>","protected":false},"excerpt":{"rendered":"<p>Antipulgas Credeli 112,5mg C\u00e3es 2,5 a 5,5kg O\u00a0Antipulgas Credeli 112,5mg\u00a0\u00e9 um comprimido pequeno, mastig\u00e1vel com sabor de carne, facilitando a ingest\u00e3o para o seu bichinho. Ele protege contra carrapatos e pulgas e serve para c\u00e3es de todas as idades que pesam de 2,5kg a 5,5kg e \u00e9 seguro para filhotes a partir de 8 semanas [&hellip;]<\/p>\n","protected":false},"featured_media":1410787105,"comment_status":"open","ping_status":"closed","template":"","meta":{"googlesitekit_rrm_CAow0N7NCw:productID":"","content-type":"","pmpro_default_level":"","_themeisle_gutenberg_block_has_review":false},"product_brand":[427],"product_cat":[423],"product_tag":[],"class_list":{"0":"post-1410787106","1":"product","2":"type-product","3":"status-publish","4":"has-post-thumbnail","6":"product_brand-elanco","7":"product_cat-framacia-caes","8":"pmpro-has-access","10":"first","11":"instock","12":"taxable","13":"shipping-taxable","14":"purchasable","15":"product-type-simple"},"_links":{"self":[{"href":"https:\/\/dinhosreef.com\/en\/wp-json\/wp\/v2\/product\/1410787106","targetHints":{"allow":["GET"]}}],"collection":[{"href":"https:\/\/dinhosreef.com\/en\/wp-json\/wp\/v2\/product"}],"about":[{"href":"https:\/\/dinhosreef.com\/en\/wp-json\/wp\/v2\/types\/product"}],"replies":[{"embeddable":true,"href":"https:\/\/dinhosreef.com\/en\/wp-json\/wp\/v2\/comments?post=1410787106"}],"wp:featuredmedia":[{"embeddable":true,"href":"https:\/\/dinhosreef.com\/en\/wp-json\/wp\/v2\/media\/1410787105"}],"wp:attachment":[{"href":"https:\/\/dinhosreef.com\/en\/wp-json\/wp\/v2\/media?parent=1410787106"}],"wp:term":[{"taxonomy":"product_brand","embeddable":true,"href":"https:\/\/dinhosreef.com\/en\/wp-json\/wp\/v2\/product_brand?post=1410787106"},{"taxonomy":"product_cat","embeddable":true,"href":"https:\/\/dinhosreef.com\/en\/wp-json\/wp\/v2\/product_cat?post=1410787106"},{"taxonomy":"product_tag","embeddable":true,"href":"https:\/\/dinhosreef.com\/en\/wp-json\/wp\/v2\/product_tag?post=1410787106"}],"curies":[{"name":"wp","href":"https:\/\/api.w.org\/{rel}","templated":true}]}}