{"id":1410787110,"date":"2025-12-16T17:42:15","date_gmt":"2025-12-16T20:42:15","guid":{"rendered":"https:\/\/dinhosreef.com\/produto\/vermifugo-milbemax-g-4-10-p-gatos-2-comprimidos\/"},"modified":"2026-04-17T18:46:46","modified_gmt":"2026-04-17T21:46:46","slug":"vermifugo-milbemax-g-4-10-p-gatos-2-comprimidos","status":"publish","type":"product","link":"https:\/\/dinhosreef.com\/en\/product\/vermifugo-milbemax-g-4-10-p-gatos-2-comprimidos\/","title":{"rendered":"VERM\u00cdFUGO MILBEMAX G 4\/10 P\/ GATOS &#8211; 2 COMPRIMIDOS"},"content":{"rendered":"<h1 data-end=\"400\" data-start=\"339\"><strong data-end=\"400\" data-start=\"341\">Milbemax\u2122 G 4\/10 \u2014 Verm\u00edfugo Oral para Gatos (at\u00e9 2 kg)<\/strong><\/h1>\n<p data-end=\"483\" data-start=\"402\"><strong>Prote\u00e7\u00e3o pr\u00e1tica e de amplo espectro para gatinhos e gatos de pequeno porte<\/strong><\/p>\n<p data-end=\"757\" data-start=\"484\">Milbemax\u2122 G simplifica a vermifuga\u00e7\u00e3o: comprimidos palat\u00e1veis, formula\u00e7\u00e3o testada e a\u00e7\u00e3o r\u00e1pida contra os parasitas intestinais mais comuns \u2014 al\u00e9m de contribuir para a preven\u00e7\u00e3o da dirofilariose quando indicado pelo m\u00e9dico-veterin\u00e1rio.<\/p>\n<p data-end=\"791\" data-start=\"764\"><strong>Principais Benef\u00edcios<\/strong><\/p>\n<ul data-end=\"1424\" data-start=\"792\">\n<li data-end=\"970\" data-start=\"792\">\n<p data-end=\"970\" data-start=\"794\"><strong data-end=\"820\" data-start=\"794\">A\u00e7\u00e3o de amplo espectro<\/strong>: elimina nemat\u00f3deos (vermes redondos) e cest\u00f3deos (vermes chatos), para reduzir riscos de doen\u00e7as associadas;<\/p>\n<\/li>\n<li data-end=\"1116\" data-start=\"971\">\n<p data-end=\"1116\" data-start=\"973\"><strong data-end=\"1003\" data-start=\"973\">Preven\u00e7\u00e3o da dirofilariose<\/strong>: pode integrar programas de preven\u00e7\u00e3o quando prescrito pelo veterin\u00e1rio.<\/p>\n<\/li>\n<li data-end=\"1264\" data-start=\"1117\">\n<p data-end=\"1264\" data-start=\"1119\"><strong data-end=\"1142\" data-start=\"1119\">F\u00e1cil administra\u00e7\u00e3o<\/strong>: comprimido pequeno e palat\u00e1vel, adequado para gatinhos e gatos de pequeno porte.<\/p>\n<\/li>\n<li data-end=\"1424\" data-start=\"1265\">\n<p data-end=\"1424\" data-start=\"1267\"><strong data-end=\"1289\" data-start=\"1267\">Uso desde filhotes<\/strong>: indicado para gatos a partir das 6 semanas, conforme bula; seguir recomenda\u00e7\u00f5es de peso m\u00ednimo.<\/p>\n<\/li>\n<\/ul>\n<p data-end=\"1787\" data-start=\"1754\"><strong>Modo de Uso \/ Recomenda\u00e7\u00f5es<\/strong><\/p>\n<ul data-end=\"2360\" data-start=\"1788\">\n<li data-end=\"1928\" data-start=\"1788\">\n<p data-end=\"1928\" data-start=\"1790\">Administrar por via oral, com ou logo ap\u00f3s a alimenta\u00e7\u00e3o, conforme instru\u00e7\u00f5es da embalagem e bula.<\/p>\n<\/li>\n<li data-end=\"2086\" data-start=\"1929\">\n<p data-end=\"2086\" data-start=\"1931\">Respeitar o peso do animal e utilizar a apresenta\u00e7\u00e3o correta (esta apresenta\u00e7\u00e3o \u00e9 indicada para gatos de at\u00e9 2 kg).<\/p>\n<\/li>\n<li data-end=\"2360\" data-start=\"2087\">\n<p data-end=\"2360\" data-start=\"2089\">Siga sempre o plano de vermifuga\u00e7\u00e3o prescrito pelo m\u00e9dico-veterin\u00e1rio; para preven\u00e7\u00e3o da dirofilariose e controle de verminoses o intervalo deve ser definido pelo profissional. (Consulte a bula para doses pr\u00e1ticas por faixa de peso).<\/p>\n<\/li>\n<\/ul>\n<p data-end=\"2390\" data-start=\"2367\"><strong>Composi\u00e7\u00e3o B\u00e1sica<\/strong><\/p>\n<ul data-end=\"2728\" data-start=\"2391\">\n<li data-end=\"2451\" data-start=\"2391\">\n<p data-end=\"2451\" data-start=\"2393\"><strong data-end=\"2415\" data-start=\"2393\">Princ\u00edpios ativos:<\/strong>\u00a0Milbemicina oxima e Praziquantel.<\/p>\n<\/li>\n<li data-end=\"2626\" data-start=\"2452\">\n<p data-end=\"2626\" data-start=\"2454\"><strong data-end=\"2476\" data-start=\"2454\">Apresenta\u00e7\u00e3o 4\/10:<\/strong>\u00a0cada comprimido cont\u00e9m\u00a0<strong data-end=\"2529\" data-start=\"2500\">4 mg de milbemicina oxima<\/strong>\u00a0+\u00a0<strong data-end=\"2557\" data-start=\"2532\">10 mg de praziquantel<\/strong>\u00a0(QSP 130 mg por comprimido).<\/p>\n<\/li>\n<li data-end=\"2728\" data-start=\"2627\">\n<p data-end=\"2728\" data-start=\"2629\"><strong data-end=\"2644\" data-start=\"2629\">Observa\u00e7\u00e3o:<\/strong>\u00a0verifique a bula e a caixa do produto para a composi\u00e7\u00e3o completa antes de publicar.<\/p>\n<\/li>\n<\/ul>\n<p data-end=\"2770\" data-start=\"2735\"><strong>Cuide do seu gato agora mesmo<\/strong><\/p>\n<p data-end=\"2971\" data-start=\"2771\">Gatos podem abrigar parasitas sem sinais vis\u00edveis \u2014 a vermifuga\u00e7\u00e3o em dia protege a sa\u00fade do animal e da fam\u00edlia. Estoques limitados: garanta j\u00e1 Milbemax\u2122 G 4\/10 e mantenha a rotina preventiva em dia.<\/p>\n<p data-end=\"3037\" data-start=\"2973\"><strong data-end=\"3037\" data-start=\"2973\">Compre agora e proteja seu gato com seguran\u00e7a e praticidade.<\/strong><\/p>","protected":false},"excerpt":{"rendered":"<p>Milbemax\u2122 G 4\/10 \u2014 Verm\u00edfugo Oral para Gatos (at\u00e9 2 kg) Prote\u00e7\u00e3o pr\u00e1tica e de amplo espectro para gatinhos e gatos de pequeno porte Milbemax\u2122 G simplifica a vermifuga\u00e7\u00e3o: comprimidos palat\u00e1veis, formula\u00e7\u00e3o testada e a\u00e7\u00e3o r\u00e1pida contra os parasitas intestinais mais comuns \u2014 al\u00e9m de contribuir para a preven\u00e7\u00e3o da dirofilariose quando indicado pelo m\u00e9dico-veterin\u00e1rio. [&hellip;]<\/p>\n","protected":false},"featured_media":1410787109,"comment_status":"open","ping_status":"closed","template":"","meta":{"googlesitekit_rrm_CAow0N7NCw:productID":"","content-type":"","pmpro_default_level":"","_themeisle_gutenberg_block_has_review":false},"product_brand":[],"product_cat":[382],"product_tag":[],"class_list":{"0":"post-1410787110","1":"product","2":"type-product","3":"status-publish","4":"has-post-thumbnail","6":"product_cat-tratamento-anti-pulgas","7":"pmpro-has-access","9":"first","10":"instock","11":"taxable","12":"shipping-taxable","13":"purchasable","14":"product-type-simple"},"_links":{"self":[{"href":"https:\/\/dinhosreef.com\/en\/wp-json\/wp\/v2\/product\/1410787110","targetHints":{"allow":["GET"]}}],"collection":[{"href":"https:\/\/dinhosreef.com\/en\/wp-json\/wp\/v2\/product"}],"about":[{"href":"https:\/\/dinhosreef.com\/en\/wp-json\/wp\/v2\/types\/product"}],"replies":[{"embeddable":true,"href":"https:\/\/dinhosreef.com\/en\/wp-json\/wp\/v2\/comments?post=1410787110"}],"wp:featuredmedia":[{"embeddable":true,"href":"https:\/\/dinhosreef.com\/en\/wp-json\/wp\/v2\/media\/1410787109"}],"wp:attachment":[{"href":"https:\/\/dinhosreef.com\/en\/wp-json\/wp\/v2\/media?parent=1410787110"}],"wp:term":[{"taxonomy":"product_brand","embeddable":true,"href":"https:\/\/dinhosreef.com\/en\/wp-json\/wp\/v2\/product_brand?post=1410787110"},{"taxonomy":"product_cat","embeddable":true,"href":"https:\/\/dinhosreef.com\/en\/wp-json\/wp\/v2\/product_cat?post=1410787110"},{"taxonomy":"product_tag","embeddable":true,"href":"https:\/\/dinhosreef.com\/en\/wp-json\/wp\/v2\/product_tag?post=1410787110"}],"curies":[{"name":"wp","href":"https:\/\/api.w.org\/{rel}","templated":true}]}}