{"id":1410787112,"date":"2025-12-16T17:42:21","date_gmt":"2025-12-16T20:42:21","guid":{"rendered":"https:\/\/dinhosreef.com\/produto\/suplemento-vitaminico-p-gatos-nuxcell-fel-2g\/"},"modified":"2026-04-09T09:36:07","modified_gmt":"2026-04-09T12:36:07","slug":"suplemento-vitaminico-p-gatos-nuxcell-fel-2g","status":"publish","type":"product","link":"https:\/\/dinhosreef.com\/en\/product\/suplemento-vitaminico-p-gatos-nuxcell-fel-2g\/","title":{"rendered":"SUPLEMENTO VITAM\u00cdNICO P\/ GATOS NUXCELL FEL 2G"},"content":{"rendered":"<p><strong>Suplemento Vitam\u00ednico\u00a0Nuxcell Fel Biosyn para Gatos<\/strong><br \/>\u00c9 o suplemento exclusivo formulado para fornecer aporte de nutrientes para gatos que precisam superar desafios relacionados \u00e0 imunidade e ao equil\u00edbrio intestinal em todas as fases.<\/p>\n<p>Exclusivo para Gatos;<br \/>Simbi\u00f3tico Imunomodulador;<br \/>Com Nucleot\u00eddeos;<br \/>Complexo Bioativo Simbi\u00f3tico;<br \/>Beta Glucanas MOS e Taurina;<br \/>Cuidados Nutricionais Espec\u00edficos.<\/p>\n<p>* Consulte sempre o M\u00e9dico Veterin\u00e1rio de sua confian\u00e7a para o uso apropriado deste produto. Leia a bula ou informa\u00e7\u00f5es descritas na embalagem.<\/p>\n<p><strong>Detalhes:<\/strong><br \/>O Suplemento Vitam\u00ednico Biosyn Nuxcell Fel para Gatos \u00e9 um simbi\u00f3tico imunomodulador elaborado exclusivamente para felinos que precisam de um refor\u00e7o imunol\u00f3gico frente \u00e0 patologias espec\u00edficas, como doen\u00e7as infecciosas que podem desenvolver imunossupress\u00e3o. \u00c9 indicado para gatos filhotes ou adultos em epis\u00f3dios que necessitem de fortalecimento do sistema imune<\/p>\n<p><strong>Indica\u00e7\u00e3o de uso:<\/strong><br \/>Administrado em dose \u00fanica, via oral, em gatos neonatos, filhotes e adultos, em situa\u00e7\u00f5es de desafio que possam comprometer a imunidade.<br \/><strong>Filhotes:<\/strong>\u00a0Uma dose semanal de 2 gramas por animal, durante pelo menos 8 semanas<br \/><strong>Adultos:\u00a0<\/strong>Uma dose de 2 gramas ao dia, durante 3 dias consecutivos, sempre que houver demanda<\/p>\n<p><strong>Ingredientes e Ativos:<\/strong><br \/>Simbi\u00f3tico exclusivo: Combina probi\u00f3ticos e prebi\u00f3ticos com a capacidade de regular e maximizar a s\u00edntese de imunonutrientes essenciais.<br \/>Ferro e Cobre: Minerais cuja defici\u00eancia pode levar \u00e0 anemia, comum em gatos portadores de Leucemia (FeLV) e Imunodefici\u00eancia (FIV).<br \/>Taurina: Amino\u00e1cido essencial para as fun\u00e7\u00f5es card\u00edacas, ocular e imune dos adultos e o desenvolvimento de fetos e filhotes<br \/>Vitamina B12: Essencial \u00e0 sa\u00fade do trato gastrointestinal, tecido nervoso e ao metabolismo de carboidratos, gorduras e prote\u00ednas.<br \/>Lisina: Amino\u00e1cido necess\u00e1rio para o desenvolvimento, sistema imunol\u00f3gico, sa\u00fade ocular e controle do hiperv\u00edrus felino.<br \/>Glutamina: Demandada em em situa\u00e7\u00f5es de estresse, doen\u00e7a ou trauma, \u00e9 essencial ao trato digestivo, sistema imunol\u00f3gico e reprodu\u00e7\u00e3o celular.<br \/>Beta-glucana | MOS: Polissacar\u00eddeos encontrados na parede celular de leveduras, com a capacidade de atuar no controle de inflama\u00e7\u00f5es e infec\u00e7\u00f5es.<\/p>","protected":false},"excerpt":{"rendered":"<p>Suplemento Vitam\u00ednico\u00a0Nuxcell Fel Biosyn para Gatos\u00c9 o suplemento exclusivo formulado para fornecer aporte de nutrientes para gatos que precisam superar desafios relacionados \u00e0 imunidade e ao equil\u00edbrio intestinal em todas as fases. Exclusivo para Gatos;Simbi\u00f3tico Imunomodulador;Com Nucleot\u00eddeos;Complexo Bioativo Simbi\u00f3tico;Beta Glucanas MOS e Taurina;Cuidados Nutricionais Espec\u00edficos. * Consulte sempre o M\u00e9dico Veterin\u00e1rio de sua confian\u00e7a para [&hellip;]<\/p>\n","protected":false},"featured_media":1410787150,"comment_status":"open","ping_status":"closed","template":"","meta":{"googlesitekit_rrm_CAow0N7NCw:productID":"","content-type":"","pmpro_default_level":"","_themeisle_gutenberg_block_has_review":false},"product_brand":[],"product_cat":[256],"product_tag":[],"class_list":{"0":"post-1410787112","1":"product","2":"type-product","3":"status-publish","4":"has-post-thumbnail","6":"product_cat-racoes","7":"pmpro-has-access","9":"first","10":"outofstock","11":"taxable","12":"shipping-taxable","13":"purchasable","14":"product-type-simple"},"_links":{"self":[{"href":"https:\/\/dinhosreef.com\/en\/wp-json\/wp\/v2\/product\/1410787112","targetHints":{"allow":["GET"]}}],"collection":[{"href":"https:\/\/dinhosreef.com\/en\/wp-json\/wp\/v2\/product"}],"about":[{"href":"https:\/\/dinhosreef.com\/en\/wp-json\/wp\/v2\/types\/product"}],"replies":[{"embeddable":true,"href":"https:\/\/dinhosreef.com\/en\/wp-json\/wp\/v2\/comments?post=1410787112"}],"wp:featuredmedia":[{"embeddable":true,"href":"https:\/\/dinhosreef.com\/en\/wp-json\/wp\/v2\/media\/1410787150"}],"wp:attachment":[{"href":"https:\/\/dinhosreef.com\/en\/wp-json\/wp\/v2\/media?parent=1410787112"}],"wp:term":[{"taxonomy":"product_brand","embeddable":true,"href":"https:\/\/dinhosreef.com\/en\/wp-json\/wp\/v2\/product_brand?post=1410787112"},{"taxonomy":"product_cat","embeddable":true,"href":"https:\/\/dinhosreef.com\/en\/wp-json\/wp\/v2\/product_cat?post=1410787112"},{"taxonomy":"product_tag","embeddable":true,"href":"https:\/\/dinhosreef.com\/en\/wp-json\/wp\/v2\/product_tag?post=1410787112"}],"curies":[{"name":"wp","href":"https:\/\/api.w.org\/{rel}","templated":true}]}}