{"id":1410787114,"date":"2025-12-16T17:42:28","date_gmt":"2025-12-16T20:42:28","guid":{"rendered":"https:\/\/dinhosreef.com\/produto\/suplemento-nuxcell-plus-para-caes-e-gatos-2g\/"},"modified":"2026-04-15T11:55:44","modified_gmt":"2026-04-15T14:55:44","slug":"suplemento-nuxcell-plus-para-caes-e-gatos-2g","status":"publish","type":"product","link":"https:\/\/dinhosreef.com\/en\/product\/suplemento-nuxcell-plus-para-caes-e-gatos-2g\/","title":{"rendered":"SUPLEMENTO NUXCELL PLUS PARA C\u00c3ES E GATOS 2G"},"content":{"rendered":"<ul>\n<li>Indicado para c\u00e3es e gatos;<br \/>&#8211; Simbi\u00f3tico composto por subst\u00e2ncias nutricionais;<br \/>&#8211; Apresenta vitamina E, taurina e glutamina em sua f\u00f3rmula;<br \/>&#8211; Refor\u00e7a a resposta imune frente a tratamentos de patologias espec\u00edficas;<br \/>&#8211; Facilita recupera\u00e7\u00f5es p\u00f3s cir\u00fargica,<br \/>&#8211; Dispon\u00edvel em embalagem com 1 unidade com 2 g.<\/li>\n<\/ul>","protected":false},"excerpt":{"rendered":"<p>Indicado para c\u00e3es e gatos;&#8211; Simbi\u00f3tico composto por subst\u00e2ncias nutricionais;&#8211; Apresenta vitamina E, taurina e glutamina em sua f\u00f3rmula;&#8211; Refor\u00e7a a resposta imune frente a tratamentos de patologias espec\u00edficas;&#8211; Facilita recupera\u00e7\u00f5es p\u00f3s cir\u00fargica,&#8211; Dispon\u00edvel em embalagem com 1 unidade com 2 g.<\/p>","protected":false},"featured_media":1410787151,"comment_status":"open","ping_status":"closed","template":"","meta":{"googlesitekit_rrm_CAow0N7NCw:productID":"","content-type":"","pmpro_default_level":"","_themeisle_gutenberg_block_has_review":false},"product_brand":[],"product_cat":[367],"product_tag":[],"class_list":{"0":"post-1410787114","1":"product","2":"type-product","3":"status-publish","4":"has-post-thumbnail","6":"product_cat-suplementos-e-vitaminas","7":"pmpro-has-access","9":"first","10":"instock","11":"taxable","12":"shipping-taxable","13":"purchasable","14":"product-type-simple"},"_links":{"self":[{"href":"https:\/\/dinhosreef.com\/en\/wp-json\/wp\/v2\/product\/1410787114","targetHints":{"allow":["GET"]}}],"collection":[{"href":"https:\/\/dinhosreef.com\/en\/wp-json\/wp\/v2\/product"}],"about":[{"href":"https:\/\/dinhosreef.com\/en\/wp-json\/wp\/v2\/types\/product"}],"replies":[{"embeddable":true,"href":"https:\/\/dinhosreef.com\/en\/wp-json\/wp\/v2\/comments?post=1410787114"}],"wp:featuredmedia":[{"embeddable":true,"href":"https:\/\/dinhosreef.com\/en\/wp-json\/wp\/v2\/media\/1410787151"}],"wp:attachment":[{"href":"https:\/\/dinhosreef.com\/en\/wp-json\/wp\/v2\/media?parent=1410787114"}],"wp:term":[{"taxonomy":"product_brand","embeddable":true,"href":"https:\/\/dinhosreef.com\/en\/wp-json\/wp\/v2\/product_brand?post=1410787114"},{"taxonomy":"product_cat","embeddable":true,"href":"https:\/\/dinhosreef.com\/en\/wp-json\/wp\/v2\/product_cat?post=1410787114"},{"taxonomy":"product_tag","embeddable":true,"href":"https:\/\/dinhosreef.com\/en\/wp-json\/wp\/v2\/product_tag?post=1410787114"}],"curies":[{"name":"wp","href":"https:\/\/api.w.org\/{rel}","templated":true}]}}