{"id":1410787116,"date":"2025-12-16T17:42:35","date_gmt":"2025-12-16T20:42:35","guid":{"rendered":"https:\/\/dinhosreef.com\/produto\/antipulgas-combo-advantage-max-3-p-caes-25ml-3-bisnagas\/"},"modified":"2026-02-21T18:31:44","modified_gmt":"2026-02-21T21:31:44","slug":"antipulgas-combo-advantage-max-3-p-caes-25ml-3-bisnagas","status":"publish","type":"product","link":"https:\/\/dinhosreef.com\/en\/product\/antipulgas-combo-advantage-max-3-p-caes-25ml-3-bisnagas\/","title":{"rendered":"ANTIPULGAS COMBO ADVANTAGE MAX 3 P\/ C\u00c3ES  2,5ML- 3 BISNAGAS"},"content":{"rendered":"<p>Tratamento e controle das infesta\u00e7\u00f5es causadas por carrapatos dos c\u00e3es (Rhipicephalus sanguineus), transmissores da babesiose, erliquiose e hepatozoonose, eliminando larvas, ninfas e formas adultas. Altamente contra pulgas (Cnetocephalides spp.), matando rapidamente os insetos adultos presentes sobre o animal, bem como as larvas de pulgas presentes no ambiente onde vive o c\u00e3o. Repele e mata os mosquitos culic\u00eddeos e flebotom\u00edneos, que transmitem a dirofilariose e a leishmaniose para os c\u00e3es. Elimina piolhos sugadores e mastigadores que parasitam os c\u00e3es.<\/p>","protected":false},"excerpt":{"rendered":"<p>Tratamento e controle das infesta\u00e7\u00f5es causadas por carrapatos dos c\u00e3es (Rhipicephalus sanguineus), transmissores da babesiose, erliquiose e hepatozoonose, eliminando larvas, ninfas e formas adultas. Altamente contra pulgas (Cnetocephalides spp.), matando rapidamente os insetos adultos presentes sobre o animal, bem como as larvas de pulgas presentes no ambiente onde vive o c\u00e3o. Repele e mata os [&hellip;]<\/p>\n","protected":false},"featured_media":1410787115,"comment_status":"open","ping_status":"closed","template":"","meta":{"googlesitekit_rrm_CAow0N7NCw:productID":"","content-type":"","pmpro_default_level":"","_themeisle_gutenberg_block_has_review":false},"product_brand":[427],"product_cat":[423,382],"product_tag":[],"class_list":{"0":"post-1410787116","1":"product","2":"type-product","3":"status-publish","4":"has-post-thumbnail","6":"product_brand-elanco","7":"product_cat-framacia-caes","8":"product_cat-tratamento-anti-pulgas","9":"pmpro-has-access","11":"first","12":"instock","13":"taxable","14":"shipping-taxable","15":"purchasable","16":"product-type-simple"},"_links":{"self":[{"href":"https:\/\/dinhosreef.com\/en\/wp-json\/wp\/v2\/product\/1410787116","targetHints":{"allow":["GET"]}}],"collection":[{"href":"https:\/\/dinhosreef.com\/en\/wp-json\/wp\/v2\/product"}],"about":[{"href":"https:\/\/dinhosreef.com\/en\/wp-json\/wp\/v2\/types\/product"}],"replies":[{"embeddable":true,"href":"https:\/\/dinhosreef.com\/en\/wp-json\/wp\/v2\/comments?post=1410787116"}],"wp:featuredmedia":[{"embeddable":true,"href":"https:\/\/dinhosreef.com\/en\/wp-json\/wp\/v2\/media\/1410787115"}],"wp:attachment":[{"href":"https:\/\/dinhosreef.com\/en\/wp-json\/wp\/v2\/media?parent=1410787116"}],"wp:term":[{"taxonomy":"product_brand","embeddable":true,"href":"https:\/\/dinhosreef.com\/en\/wp-json\/wp\/v2\/product_brand?post=1410787116"},{"taxonomy":"product_cat","embeddable":true,"href":"https:\/\/dinhosreef.com\/en\/wp-json\/wp\/v2\/product_cat?post=1410787116"},{"taxonomy":"product_tag","embeddable":true,"href":"https:\/\/dinhosreef.com\/en\/wp-json\/wp\/v2\/product_tag?post=1410787116"}],"curies":[{"name":"wp","href":"https:\/\/api.w.org\/{rel}","templated":true}]}}